{"id":3193,"date":"2021-06-02T12:23:06","date_gmt":"2021-06-02T12:23:06","guid":{"rendered":"https:\/\/gepa.pl\/?post_type=product&amp;p=3193"},"modified":"2021-06-02T12:23:06","modified_gmt":"2021-06-02T12:23:06","slug":"smycz-sublimacyjna-20mm","status":"publish","type":"product","link":"https:\/\/gepa.pl\/de\/produkt\/smycz-sublimacyjna-20mm\/","title":{"rendered":"20mm Sublimation Schl\u00fcsselband"},"content":{"rendered":"","protected":false},"excerpt":{"rendered":"<p>Sublimation Lanyard 20mm breit. Hergestellt in Polen aus hochwertigem Polyester. Schl\u00fcsselb\u00e4nder dieser Breite werden am h\u00e4ufigsten von unseren Kunden sowie von Kunden in den meisten Branchen gew\u00e4hlt, was sie zu einem der Standardprodukte macht. Die F\u00fclle des Zubeh\u00f6rs f\u00fcr diese Breite des Bandes garantiert die gr\u00f6\u00dfte Anzahl von Konfigurationen bei der Gestaltung eines Schl\u00fcsselbandes, was sich sehr positiv auf die Gestaltungsm\u00f6glichkeiten beim Bedrucken des Bandes auswirkt. Das Sublimationsdruckverfahren zeichnet sich durch die Freiheit bei der Wahl der Bandfarbe aus. Es werden entweder Pantone- oder CMYK-Farben direkt auf das wei\u00dfe Band gedruckt, ebenso wie der Designdruck darauf. Aufgrund der enormen M\u00f6glichkeiten des Sublimationsdrucks ist das Sublimations-Lanyard eines der beliebtesten Werbeprodukte weltweit.<\/p>\n<p>Wir bieten Ihnen die M\u00f6glichkeit, das Produkt 100% nach Ihren eigenen W\u00fcnschen zu gestalten!<\/p>","protected":false},"featured_media":3783,"template":"","meta":{"_uag_custom_page_level_css":""},"product_brand":[],"product_cat":[42,43],"product_tag":[],"class_list":{"0":"post-3193","1":"product","2":"type-product","3":"status-publish","4":"has-post-thumbnail","6":"product_cat-smycze","7":"product_cat-smycze-sublimacyjne","9":"first","10":"instock","11":"shipping-taxable","12":"purchasable","13":"product-type-simple"},"acf":[],"uagb_featured_image_src":{"full":["https:\/\/gepa.pl\/wp-content\/uploads\/2021\/06\/20mm-subli-bezpiecznik1.png",1000,1000,false],"thumbnail":["https:\/\/gepa.pl\/wp-content\/uploads\/2021\/06\/20mm-subli-bezpiecznik1-150x150.png",150,150,true],"medium":["https:\/\/gepa.pl\/wp-content\/uploads\/2021\/06\/20mm-subli-bezpiecznik1-300x300.png",300,300,true],"medium_large":["https:\/\/gepa.pl\/wp-content\/uploads\/2021\/06\/20mm-subli-bezpiecznik1-768x768.png",768,768,true],"large":["https:\/\/gepa.pl\/wp-content\/uploads\/2021\/06\/20mm-subli-bezpiecznik1.png",1000,1000,false],"1536x1536":["https:\/\/gepa.pl\/wp-content\/uploads\/2021\/06\/20mm-subli-bezpiecznik1.png",1000,1000,false],"2048x2048":["https:\/\/gepa.pl\/wp-content\/uploads\/2021\/06\/20mm-subli-bezpiecznik1.png",1000,1000,false],"trp-custom-language-flag":["https:\/\/gepa.pl\/wp-content\/uploads\/2021\/06\/20mm-subli-bezpiecznik1-12x12.png",12,12,true],"woocommerce_thumbnail":["https:\/\/gepa.pl\/wp-content\/uploads\/2021\/06\/20mm-subli-bezpiecznik1-300x300.png",300,300,true],"woocommerce_single":["https:\/\/gepa.pl\/wp-content\/uploads\/2021\/06\/20mm-subli-bezpiecznik1-600x600.png",600,600,true],"woocommerce_gallery_thumbnail":["https:\/\/gepa.pl\/wp-content\/uploads\/2021\/06\/20mm-subli-bezpiecznik1-100x100.png",100,100,true]},"uagb_author_info":{"display_name":"admin1816","author_link":"https:\/\/gepa.pl\/de\/author\/"},"uagb_comment_info":0,"uagb_excerpt":"Smycz sublimacyjna o szeroko\u015bci 20mm. Ta\u015bma wyprodukowana w Polsce z wysokiej jako\u015bci poliestru. Smycze o tej szeroko\u015bci s\u0105 najcz\u0119\u015bciej wybierane przez naszych klient\u00f3w jak i klient\u00f3w w wi\u0119kszo\u015bci bran\u017c, co czyni je jednym z najbardziej standardowych produkt\u00f3w. Bogata ilo\u015b\u0107 akcesori\u00f3w do tej konkretnej szeroko\u015bci ta\u015bmy gwarantuje najwi\u0119ksz\u0105 ilo\u015b\u0107 konfiguracji przy projektowaniu smyczy, co bardzo pozytywnie&hellip;","_links":{"self":[{"href":"https:\/\/gepa.pl\/de\/wp-json\/wp\/v2\/product\/3193","targetHints":{"allow":["GET"]}}],"collection":[{"href":"https:\/\/gepa.pl\/de\/wp-json\/wp\/v2\/product"}],"about":[{"href":"https:\/\/gepa.pl\/de\/wp-json\/wp\/v2\/types\/product"}],"wp:featuredmedia":[{"embeddable":true,"href":"https:\/\/gepa.pl\/de\/wp-json\/wp\/v2\/media\/3783"}],"wp:attachment":[{"href":"https:\/\/gepa.pl\/de\/wp-json\/wp\/v2\/media?parent=3193"}],"wp:term":[{"taxonomy":"product_brand","embeddable":true,"href":"https:\/\/gepa.pl\/de\/wp-json\/wp\/v2\/product_brand?post=3193"},{"taxonomy":"product_cat","embeddable":true,"href":"https:\/\/gepa.pl\/de\/wp-json\/wp\/v2\/product_cat?post=3193"},{"taxonomy":"product_tag","embeddable":true,"href":"https:\/\/gepa.pl\/de\/wp-json\/wp\/v2\/product_tag?post=3193"}],"curies":[{"name":"wp","href":"https:\/\/api.w.org\/{rel}","templated":true}]}}