{"id":3196,"date":"2021-06-02T12:34:20","date_gmt":"2021-06-02T12:34:20","guid":{"rendered":"https:\/\/gepa.pl\/?post_type=product&amp;p=3196"},"modified":"2021-06-02T12:34:20","modified_gmt":"2021-06-02T12:34:20","slug":"smycz-sitodrukowa-15mm","status":"publish","type":"product","link":"https:\/\/gepa.pl\/de\/produkt\/smycz-sitodrukowa-15mm\/","title":{"rendered":"Siebdruck Schl\u00fcsselband 15mm"},"content":{"rendered":"","protected":false},"excerpt":{"rendered":"<p>Ein 15 mm breites, im Siebdruckverfahren bedrucktes Schl\u00fcsselband aus Polyester, das in einer Vielzahl von Farben erh\u00e4ltlich ist. Bitte beachten Sie, dass die Farben f\u00fcr diese Art von Lanyards aus den Lagerb\u00e4ndern ausgew\u00e4hlt werden, was sich stark von Sublimations-Lanyards unterscheidet, bei denen die Farbe direkt auf das wei\u00dfe Band gedruckt wird. Sie sind sowohl mit gewelltem Band als auch mit Standard-Flachband erh\u00e4ltlich. Schl\u00fcsselb\u00e4nder mit Siebdruck sind eines der \u00e4lteren Werbeprodukte auf dem Markt. Sie werden von den Kunden immer seltener als Werbemittel f\u00fcr ihre Marke gew\u00e4hlt, aber sie verleihen ihnen einen einzigartigen Retro-Charakter, der heute sehr gesch\u00e4tzt wird.<\/p>\n<p>Wir bieten Ihnen die M\u00f6glichkeit, das Produkt 100% nach Ihren eigenen W\u00fcnschen zu gestalten!<\/p>","protected":false},"featured_media":3989,"template":"","meta":{"_uag_custom_page_level_css":""},"product_brand":[],"product_cat":[42,65],"product_tag":[],"class_list":{"0":"post-3196","1":"product","2":"type-product","3":"status-publish","4":"has-post-thumbnail","6":"product_cat-smycze","7":"product_cat-smycze-sitodrukowe","9":"first","10":"instock","11":"shipping-taxable","12":"purchasable","13":"product-type-simple"},"acf":[],"uagb_featured_image_src":{"full":["https:\/\/gepa.pl\/wp-content\/uploads\/2021\/06\/15mm-screenprint-lanyards-hook-buckle-keyring-mobilestrap-2.png",4168,4168,false],"thumbnail":["https:\/\/gepa.pl\/wp-content\/uploads\/2021\/06\/15mm-screenprint-lanyards-hook-buckle-keyring-mobilestrap-2-150x150.png",150,150,true],"medium":["https:\/\/gepa.pl\/wp-content\/uploads\/2021\/06\/15mm-screenprint-lanyards-hook-buckle-keyring-mobilestrap-2-300x300.png",300,300,true],"medium_large":["https:\/\/gepa.pl\/wp-content\/uploads\/2021\/06\/15mm-screenprint-lanyards-hook-buckle-keyring-mobilestrap-2-768x768.png",768,768,true],"large":["https:\/\/gepa.pl\/wp-content\/uploads\/2021\/06\/15mm-screenprint-lanyards-hook-buckle-keyring-mobilestrap-2-1024x1024.png",1024,1024,true],"1536x1536":["https:\/\/gepa.pl\/wp-content\/uploads\/2021\/06\/15mm-screenprint-lanyards-hook-buckle-keyring-mobilestrap-2-1536x1536.png",1536,1536,true],"2048x2048":["https:\/\/gepa.pl\/wp-content\/uploads\/2021\/06\/15mm-screenprint-lanyards-hook-buckle-keyring-mobilestrap-2-2048x2048.png",2048,2048,true],"trp-custom-language-flag":["https:\/\/gepa.pl\/wp-content\/uploads\/2021\/06\/15mm-screenprint-lanyards-hook-buckle-keyring-mobilestrap-2-12x12.png",12,12,true],"woocommerce_thumbnail":["https:\/\/gepa.pl\/wp-content\/uploads\/2021\/06\/15mm-screenprint-lanyards-hook-buckle-keyring-mobilestrap-2-300x300.png",300,300,true],"woocommerce_single":["https:\/\/gepa.pl\/wp-content\/uploads\/2021\/06\/15mm-screenprint-lanyards-hook-buckle-keyring-mobilestrap-2-600x600.png",600,600,true],"woocommerce_gallery_thumbnail":["https:\/\/gepa.pl\/wp-content\/uploads\/2021\/06\/15mm-screenprint-lanyards-hook-buckle-keyring-mobilestrap-2-100x100.png",100,100,true]},"uagb_author_info":{"display_name":"admin1816","author_link":"https:\/\/gepa.pl\/de\/author\/"},"uagb_comment_info":0,"uagb_excerpt":"Smycz sitodrukowa o szeroko\u015bci 15mm, wykonana z poliestru, dost\u0119pna w r\u00f3\u017cnych wersjach kolorystycznych. Nale\u017cy pami\u0119ta\u0107, \u017ce kolory dla tego rodzaju smyczy wybierane s\u0105 z tasiemek stockowych, co mocno r\u00f3\u017cni je od smyczy sublimacyjnych, przy kt\u00f3rych kolor nadrukowywany jest bezpo\u015brednio na bia\u0142\u0105 ta\u015bm\u0119. Dost\u0119pna w wersji z ta\u015bm\u0105 karbowan\u0105 jak i ta\u015bm\u0105 p\u0142ask\u0105 standardow\u0105. Smycze sitodrukowe&hellip;","_links":{"self":[{"href":"https:\/\/gepa.pl\/de\/wp-json\/wp\/v2\/product\/3196","targetHints":{"allow":["GET"]}}],"collection":[{"href":"https:\/\/gepa.pl\/de\/wp-json\/wp\/v2\/product"}],"about":[{"href":"https:\/\/gepa.pl\/de\/wp-json\/wp\/v2\/types\/product"}],"wp:featuredmedia":[{"embeddable":true,"href":"https:\/\/gepa.pl\/de\/wp-json\/wp\/v2\/media\/3989"}],"wp:attachment":[{"href":"https:\/\/gepa.pl\/de\/wp-json\/wp\/v2\/media?parent=3196"}],"wp:term":[{"taxonomy":"product_brand","embeddable":true,"href":"https:\/\/gepa.pl\/de\/wp-json\/wp\/v2\/product_brand?post=3196"},{"taxonomy":"product_cat","embeddable":true,"href":"https:\/\/gepa.pl\/de\/wp-json\/wp\/v2\/product_cat?post=3196"},{"taxonomy":"product_tag","embeddable":true,"href":"https:\/\/gepa.pl\/de\/wp-json\/wp\/v2\/product_tag?post=3196"}],"curies":[{"name":"wp","href":"https:\/\/api.w.org\/{rel}","templated":true}]}}