{"id":3243,"date":"2021-06-03T22:54:55","date_gmt":"2021-06-03T22:54:55","guid":{"rendered":"https:\/\/gepa.pl\/?post_type=product&amp;p=3243"},"modified":"2021-06-03T22:54:55","modified_gmt":"2021-06-03T22:54:55","slug":"torba-bawelniana-new-delhi-2","status":"publish","type":"product","link":"https:\/\/gepa.pl\/de\/produkt\/torba-bawelniana-new-delhi-2\/","title":{"rendered":"NEW DELHI Baumwolltasche"},"content":{"rendered":"","protected":false},"excerpt":{"rendered":"<p>Baumwolltasche, vertikal oder horizontal, mit verbreitertem Boden, mit Rei\u00dfverschluss zu schlie\u00dfen, erh\u00e4ltlich in verschiedenen Gewichten und Farben aus Baumwolle. Taschengriffe aus der gleichen Baumwolle, im Gewicht an den K\u00f6rper angepasst.<\/p>\n<p>Interessante Tatsache - Neu-Delhi ist die derzeitige Hauptstadt Indiens, eine moderne Stadt voller Wolkenkratzer, die viele IT- und Technologiegeheimnisse verbirgt. Neu-Delhi ist untrennbar mit Delhi und seiner Geschichte verbunden. Das Taschenmodell \"New Delhi\" ist eine Erweiterung des Delhi-Rei\u00dfverschlusses, um unsere Geheimnisse zu sch\u00fctzen.<\/p>\n<p>Wir bieten Ihnen die M\u00f6glichkeit, das Produkt 100% nach Ihren eigenen W\u00fcnschen zu gestalten!<\/p>","protected":false},"featured_media":3743,"template":"","meta":{"_uag_custom_page_level_css":""},"product_brand":[],"product_cat":[36,37],"product_tag":[],"class_list":{"0":"post-3243","1":"product","2":"type-product","3":"status-publish","4":"has-post-thumbnail","6":"product_cat-torby","7":"product_cat-torby-tekstylne","9":"first","10":"instock","11":"shipping-taxable","12":"purchasable","13":"product-type-simple"},"acf":[],"uagb_featured_image_src":{"full":["https:\/\/gepa.pl\/wp-content\/uploads\/2021\/06\/NEW-DELHI-torba-bawelniana-tyl.png",1000,1000,false],"thumbnail":["https:\/\/gepa.pl\/wp-content\/uploads\/2021\/06\/NEW-DELHI-torba-bawelniana-tyl-150x150.png",150,150,true],"medium":["https:\/\/gepa.pl\/wp-content\/uploads\/2021\/06\/NEW-DELHI-torba-bawelniana-tyl-300x300.png",300,300,true],"medium_large":["https:\/\/gepa.pl\/wp-content\/uploads\/2021\/06\/NEW-DELHI-torba-bawelniana-tyl-768x768.png",768,768,true],"large":["https:\/\/gepa.pl\/wp-content\/uploads\/2021\/06\/NEW-DELHI-torba-bawelniana-tyl.png",1000,1000,false],"1536x1536":["https:\/\/gepa.pl\/wp-content\/uploads\/2021\/06\/NEW-DELHI-torba-bawelniana-tyl.png",1000,1000,false],"2048x2048":["https:\/\/gepa.pl\/wp-content\/uploads\/2021\/06\/NEW-DELHI-torba-bawelniana-tyl.png",1000,1000,false],"trp-custom-language-flag":["https:\/\/gepa.pl\/wp-content\/uploads\/2021\/06\/NEW-DELHI-torba-bawelniana-tyl-12x12.png",12,12,true],"woocommerce_thumbnail":["https:\/\/gepa.pl\/wp-content\/uploads\/2021\/06\/NEW-DELHI-torba-bawelniana-tyl-300x300.png",300,300,true],"woocommerce_single":["https:\/\/gepa.pl\/wp-content\/uploads\/2021\/06\/NEW-DELHI-torba-bawelniana-tyl-600x600.png",600,600,true],"woocommerce_gallery_thumbnail":["https:\/\/gepa.pl\/wp-content\/uploads\/2021\/06\/NEW-DELHI-torba-bawelniana-tyl-100x100.png",100,100,true]},"uagb_author_info":{"display_name":"admin1816","author_link":"https:\/\/gepa.pl\/de\/author\/"},"uagb_comment_info":0,"uagb_excerpt":"Torba bawe\u0142niana, pionowa lub pozioma z poszerzeniem dna, zamykana zamkiem b\u0142yskawicznym dost\u0119pna w r\u00f3\u017cnych gramaturach i kolorach bawe\u0142ny. Uchwyty torby wykonane z tej samej bawe\u0142ny, dostosowane gramatur\u0105 do korpusu. Ciekawostka \u2013 New DELHI to aktualna stolica Indii, nowoczesne miasto pe\u0142ne wie\u017cowc\u00f3w kryj\u0105cych wiele informatycznych i technologicznych sekret\u00f3w. New Delhi jest nierozwi\u0105zalnie po\u0142\u0105czone z Delhi i&hellip;","_links":{"self":[{"href":"https:\/\/gepa.pl\/de\/wp-json\/wp\/v2\/product\/3243","targetHints":{"allow":["GET"]}}],"collection":[{"href":"https:\/\/gepa.pl\/de\/wp-json\/wp\/v2\/product"}],"about":[{"href":"https:\/\/gepa.pl\/de\/wp-json\/wp\/v2\/types\/product"}],"wp:featuredmedia":[{"embeddable":true,"href":"https:\/\/gepa.pl\/de\/wp-json\/wp\/v2\/media\/3743"}],"wp:attachment":[{"href":"https:\/\/gepa.pl\/de\/wp-json\/wp\/v2\/media?parent=3243"}],"wp:term":[{"taxonomy":"product_brand","embeddable":true,"href":"https:\/\/gepa.pl\/de\/wp-json\/wp\/v2\/product_brand?post=3243"},{"taxonomy":"product_cat","embeddable":true,"href":"https:\/\/gepa.pl\/de\/wp-json\/wp\/v2\/product_cat?post=3243"},{"taxonomy":"product_tag","embeddable":true,"href":"https:\/\/gepa.pl\/de\/wp-json\/wp\/v2\/product_tag?post=3243"}],"curies":[{"name":"wp","href":"https:\/\/api.w.org\/{rel}","templated":true}]}}