{"id":3245,"date":"2021-06-03T22:54:57","date_gmt":"2021-06-03T22:54:57","guid":{"rendered":"https:\/\/gepa.pl\/?post_type=product&amp;p=3245"},"modified":"2021-06-03T22:54:57","modified_gmt":"2021-06-03T22:54:57","slug":"torba-bawelniana-moskwa-2","status":"publish","type":"product","link":"https:\/\/gepa.pl\/de\/produkt\/torba-bawelniana-moskwa-2\/","title":{"rendered":"MOSKAU Baumwolltasche"},"content":{"rendered":"","protected":false},"excerpt":{"rendered":"<p>Die MOSKWA-Tasche ist eine Einkaufstasche f\u00fcr kleinere und gr\u00f6\u00dfere Eink\u00e4ufe. An den Seiten und am Boden ist ein starker Rei\u00dfverschluss eingen\u00e4ht, mit dem Sie den Innenraum der Tasche schnell erweitern k\u00f6nnen. Wir bieten diese Tasche aus Baumwolle in verschiedenen Gewichten und Farben an. Eine zus\u00e4tzliche Modifikation der Tasche ist die Wahl der Griffe, entweder kurz (30cm) oder lang (60cm). Die empfohlene L\u00e4nge der Ohren f\u00fcr dieses Modell ist 60 cm. Das urspr\u00fcngliche Moskauer Modell besteht aus einer gro\u00dfen Innentasche, ohne zus\u00e4tzliche Au\u00dfentaschen oder F\u00e4cher im Inneren.<\/p>\n<p>Wir bieten Ihnen die M\u00f6glichkeit, das Produkt 100% nach Ihren eigenen W\u00fcnschen zu gestalten!<\/p>","protected":false},"featured_media":4383,"template":"","meta":{"_uag_custom_page_level_css":""},"product_brand":[],"product_cat":[36,37],"product_tag":[],"class_list":{"0":"post-3245","1":"product","2":"type-product","3":"status-publish","4":"has-post-thumbnail","6":"product_cat-torby","7":"product_cat-torby-tekstylne","9":"first","10":"instock","11":"shipping-taxable","12":"purchasable","13":"product-type-simple"},"acf":[],"uagb_featured_image_src":{"full":["https:\/\/gepa.pl\/wp-content\/uploads\/2021\/06\/torba-bawelniana-MOSKWA-przod.png",1000,1000,false],"thumbnail":["https:\/\/gepa.pl\/wp-content\/uploads\/2021\/06\/torba-bawelniana-MOSKWA-przod-150x150.png",150,150,true],"medium":["https:\/\/gepa.pl\/wp-content\/uploads\/2021\/06\/torba-bawelniana-MOSKWA-przod-300x300.png",300,300,true],"medium_large":["https:\/\/gepa.pl\/wp-content\/uploads\/2021\/06\/torba-bawelniana-MOSKWA-przod-768x768.png",768,768,true],"large":["https:\/\/gepa.pl\/wp-content\/uploads\/2021\/06\/torba-bawelniana-MOSKWA-przod.png",1000,1000,false],"1536x1536":["https:\/\/gepa.pl\/wp-content\/uploads\/2021\/06\/torba-bawelniana-MOSKWA-przod.png",1000,1000,false],"2048x2048":["https:\/\/gepa.pl\/wp-content\/uploads\/2021\/06\/torba-bawelniana-MOSKWA-przod.png",1000,1000,false],"trp-custom-language-flag":["https:\/\/gepa.pl\/wp-content\/uploads\/2021\/06\/torba-bawelniana-MOSKWA-przod-12x12.png",12,12,true],"woocommerce_thumbnail":["https:\/\/gepa.pl\/wp-content\/uploads\/2021\/06\/torba-bawelniana-MOSKWA-przod-300x300.png",300,300,true],"woocommerce_single":["https:\/\/gepa.pl\/wp-content\/uploads\/2021\/06\/torba-bawelniana-MOSKWA-przod-600x600.png",600,600,true],"woocommerce_gallery_thumbnail":["https:\/\/gepa.pl\/wp-content\/uploads\/2021\/06\/torba-bawelniana-MOSKWA-przod-100x100.png",100,100,true]},"uagb_author_info":{"display_name":"admin1816","author_link":"https:\/\/gepa.pl\/de\/author\/"},"uagb_comment_info":0,"uagb_excerpt":"Torba MOSKWA to torba zakupowa stworzona dla mniejszych i wi\u0119kszych zakup\u00f3w. Wszyty po bokach, i na dnie mocny zamek b\u0142yskawiczny pozwala na szybkie powi\u0119kszenie przestrzeni wewn\u0119trznej torby. Torb\u0119 t\u0105 oferujemy z bawe\u0142ny w r\u00f3\u017cnej gramaturze oraz wielu r\u00f3\u017cnych kolorach. Dodatkow\u0105 modyfikacj\u0105 torby jest mo\u017cliwo\u015b\u0107 wyboru uchwyt\u00f3w, kr\u00f3tkich (30cm) b\u0105d\u017a d\u0142ugich (60cm). Rekomendowana d\u0142ugo\u015b\u0107 uszu dla&hellip;","_links":{"self":[{"href":"https:\/\/gepa.pl\/de\/wp-json\/wp\/v2\/product\/3245","targetHints":{"allow":["GET"]}}],"collection":[{"href":"https:\/\/gepa.pl\/de\/wp-json\/wp\/v2\/product"}],"about":[{"href":"https:\/\/gepa.pl\/de\/wp-json\/wp\/v2\/types\/product"}],"wp:featuredmedia":[{"embeddable":true,"href":"https:\/\/gepa.pl\/de\/wp-json\/wp\/v2\/media\/4383"}],"wp:attachment":[{"href":"https:\/\/gepa.pl\/de\/wp-json\/wp\/v2\/media?parent=3245"}],"wp:term":[{"taxonomy":"product_brand","embeddable":true,"href":"https:\/\/gepa.pl\/de\/wp-json\/wp\/v2\/product_brand?post=3245"},{"taxonomy":"product_cat","embeddable":true,"href":"https:\/\/gepa.pl\/de\/wp-json\/wp\/v2\/product_cat?post=3245"},{"taxonomy":"product_tag","embeddable":true,"href":"https:\/\/gepa.pl\/de\/wp-json\/wp\/v2\/product_tag?post=3245"}],"curies":[{"name":"wp","href":"https:\/\/api.w.org\/{rel}","templated":true}]}}