{"id":3249,"date":"2021-06-03T22:55:01","date_gmt":"2021-06-03T22:55:01","guid":{"rendered":"https:\/\/gepa.pl\/?post_type=product&#038;p=3249"},"modified":"2025-03-07T13:16:02","modified_gmt":"2025-03-07T12:16:02","slug":"torba-bawelniana-vernazza-2","status":"publish","type":"product","link":"https:\/\/gepa.pl\/de\/produkt\/torba-bawelniana-vernazza-2\/","title":{"rendered":"Baumwolltasche VERNAZZA"},"content":{"rendered":"","protected":false},"excerpt":{"rendered":"<p>Gro\u00dfe und robuste Baumwolltasche, mit zwei gro\u00dfen Taschen auf den Platten, eine weitere Tasche aus unserer Serie Muster und Farben. Baumwoll-Gurtband Griffe entlang der gesamten L\u00e4nge der Platten und schweren Stoff gen\u00e4ht.<\/p>\n<p>Interessante Tatsache - Vernazza ist eine wundersch\u00f6n gelegene und farbenfrohe Stadt an der Mittelmeerk\u00fcste in der ligurischen Provinz La Spezia in Italien. Ein sch\u00f6ner und romantischer Ort mit kleinen, zwischen den Felsen versteckten Str\u00e4nden. Die von der Designerin vorgeschlagene Tasche passt perfekt in diesen Ort, sie ist bequem f\u00fcr lange Spazierg\u00e4nge und ger\u00e4umig, um an den Strand zu gehen.<\/p>\n<p>Wir bieten Ihnen die M\u00f6glichkeit, das Produkt 100% nach Ihren eigenen W\u00fcnschen zu gestalten!<\/p>","protected":false},"featured_media":4338,"template":"","meta":{"_uag_custom_page_level_css":""},"product_brand":[],"product_cat":[36,37],"product_tag":[],"class_list":{"0":"post-3249","1":"product","2":"type-product","3":"status-publish","4":"has-post-thumbnail","6":"product_cat-torby","7":"product_cat-torby-tekstylne","9":"first","10":"instock","11":"shipping-taxable","12":"purchasable","13":"product-type-simple"},"acf":[],"uagb_featured_image_src":{"full":["https:\/\/gepa.pl\/wp-content\/uploads\/2021\/06\/Torba-bawelniana-VERNAZZA-przod.png",1000,1000,false],"thumbnail":["https:\/\/gepa.pl\/wp-content\/uploads\/2021\/06\/Torba-bawelniana-VERNAZZA-przod-150x150.png",150,150,true],"medium":["https:\/\/gepa.pl\/wp-content\/uploads\/2021\/06\/Torba-bawelniana-VERNAZZA-przod-300x300.png",300,300,true],"medium_large":["https:\/\/gepa.pl\/wp-content\/uploads\/2021\/06\/Torba-bawelniana-VERNAZZA-przod-768x768.png",768,768,true],"large":["https:\/\/gepa.pl\/wp-content\/uploads\/2021\/06\/Torba-bawelniana-VERNAZZA-przod.png",1000,1000,false],"1536x1536":["https:\/\/gepa.pl\/wp-content\/uploads\/2021\/06\/Torba-bawelniana-VERNAZZA-przod.png",1000,1000,false],"2048x2048":["https:\/\/gepa.pl\/wp-content\/uploads\/2021\/06\/Torba-bawelniana-VERNAZZA-przod.png",1000,1000,false],"trp-custom-language-flag":["https:\/\/gepa.pl\/wp-content\/uploads\/2021\/06\/Torba-bawelniana-VERNAZZA-przod-12x12.png",12,12,true],"woocommerce_thumbnail":["https:\/\/gepa.pl\/wp-content\/uploads\/2021\/06\/Torba-bawelniana-VERNAZZA-przod-300x300.png",300,300,true],"woocommerce_single":["https:\/\/gepa.pl\/wp-content\/uploads\/2021\/06\/Torba-bawelniana-VERNAZZA-przod-600x600.png",600,600,true],"woocommerce_gallery_thumbnail":["https:\/\/gepa.pl\/wp-content\/uploads\/2021\/06\/Torba-bawelniana-VERNAZZA-przod-100x100.png",100,100,true]},"uagb_author_info":{"display_name":"admin1816","author_link":"https:\/\/gepa.pl\/de\/author\/"},"uagb_comment_info":0,"uagb_excerpt":"Du\u017ca i mocna torba bawe\u0142niana, z dwoma du\u017cymi kieszeniami na panelach, Kolejna torba z naszej serii wzory i kolory. Uchwyty z ta\u015bmy bawe\u0142nianej wszywane po ca\u0142ej d\u0142ugo\u015bci paneli oraz tkanina o du\u017cej gramaturze. Ciekawostka \u2013 Vernazza to pi\u0119knie po\u0142o\u017cone i kolorowe miasteczko na wybrze\u017cu morza \u015br\u00f3dziemnego we w\u0142oskiej Ligurii w prowincji La Spezia. Miejsce Pi\u0119kne&hellip;","_links":{"self":[{"href":"https:\/\/gepa.pl\/de\/wp-json\/wp\/v2\/product\/3249","targetHints":{"allow":["GET"]}}],"collection":[{"href":"https:\/\/gepa.pl\/de\/wp-json\/wp\/v2\/product"}],"about":[{"href":"https:\/\/gepa.pl\/de\/wp-json\/wp\/v2\/types\/product"}],"wp:featuredmedia":[{"embeddable":true,"href":"https:\/\/gepa.pl\/de\/wp-json\/wp\/v2\/media\/4338"}],"wp:attachment":[{"href":"https:\/\/gepa.pl\/de\/wp-json\/wp\/v2\/media?parent=3249"}],"wp:term":[{"taxonomy":"product_brand","embeddable":true,"href":"https:\/\/gepa.pl\/de\/wp-json\/wp\/v2\/product_brand?post=3249"},{"taxonomy":"product_cat","embeddable":true,"href":"https:\/\/gepa.pl\/de\/wp-json\/wp\/v2\/product_cat?post=3249"},{"taxonomy":"product_tag","embeddable":true,"href":"https:\/\/gepa.pl\/de\/wp-json\/wp\/v2\/product_tag?post=3249"}],"curies":[{"name":"wp","href":"https:\/\/api.w.org\/{rel}","templated":true}]}}