{"id":3340,"date":"2021-06-07T21:45:07","date_gmt":"2021-06-07T21:45:07","guid":{"rendered":"https:\/\/gepa.pl\/?post_type=product&#038;p=3340"},"modified":"2025-02-28T10:49:34","modified_gmt":"2025-02-28T09:49:34","slug":"pilnik-do-paznokci-87cm-x-16cm","status":"publish","type":"product","link":"https:\/\/gepa.pl\/de\/produkt\/pilnik-do-paznokci-87cm-x-16cm\/","title":{"rendered":"Nagelfeile 8,7cm x 1,6cm"},"content":{"rendered":"","protected":false},"excerpt":{"rendered":"<p>Nagelfeile, Gr\u00f6\u00dfe 8,7cm x 1,6cm. Es sind verschiedene Abstufungen des Papiers erh\u00e4ltlich, mit denen Sie sowohl Ihre Naturn\u00e4gel als auch Nagelverl\u00e4ngerungen problemlos k\u00fcrzen k\u00f6nnen. Nagelfeilen gibt es bei uns schon sehr lange und sie geh\u00f6ren zu den Produkten, bei denen es unm\u00f6glich ist, mit viel Originalit\u00e4t aufzuwarten, aber wir haben es geschafft. Dank des UV-Druckverfahrens k\u00f6nnen wir Feilen mit Logos oder aufw\u00e4ndigeren Designs und Mustern versehen. Das macht unsere Feilen viel ansprechender, erf\u00fcllt ihre Werbefunktion und ist auch noch f\u00fcr verschiedene kosmetische Eingriffe n\u00fctzlich.<\/p>\n<p>Wir bieten Ihnen die M\u00f6glichkeit, das Produkt 100% nach Ihren eigenen W\u00fcnschen zu gestalten!<\/p>","protected":false},"featured_media":6142,"template":"","meta":{"_uag_custom_page_level_css":""},"product_brand":[],"product_cat":[97],"product_tag":[],"class_list":{"0":"post-3340","1":"product","2":"type-product","3":"status-publish","4":"has-post-thumbnail","6":"product_cat-pilniki-do-paznokci","8":"first","9":"instock","10":"shipping-taxable","11":"purchasable","12":"product-type-simple"},"acf":[],"uagb_featured_image_src":{"full":["https:\/\/gepa.pl\/wp-content\/uploads\/2025\/02\/cocolita-2.jpg",1000,750,false],"thumbnail":["https:\/\/gepa.pl\/wp-content\/uploads\/2025\/02\/cocolita-2-150x150.jpg",150,150,true],"medium":["https:\/\/gepa.pl\/wp-content\/uploads\/2025\/02\/cocolita-2-300x225.jpg",300,225,true],"medium_large":["https:\/\/gepa.pl\/wp-content\/uploads\/2025\/02\/cocolita-2-768x576.jpg",768,576,true],"large":["https:\/\/gepa.pl\/wp-content\/uploads\/2025\/02\/cocolita-2.jpg",1000,750,false],"1536x1536":["https:\/\/gepa.pl\/wp-content\/uploads\/2025\/02\/cocolita-2.jpg",1000,750,false],"2048x2048":["https:\/\/gepa.pl\/wp-content\/uploads\/2025\/02\/cocolita-2.jpg",1000,750,false],"trp-custom-language-flag":["https:\/\/gepa.pl\/wp-content\/uploads\/2025\/02\/cocolita-2-16x12.jpg",16,12,true],"woocommerce_thumbnail":["https:\/\/gepa.pl\/wp-content\/uploads\/2025\/02\/cocolita-2-300x300.jpg",300,300,true],"woocommerce_single":["https:\/\/gepa.pl\/wp-content\/uploads\/2025\/02\/cocolita-2-600x450.jpg",600,450,true],"woocommerce_gallery_thumbnail":["https:\/\/gepa.pl\/wp-content\/uploads\/2025\/02\/cocolita-2-100x100.jpg",100,100,true]},"uagb_author_info":{"display_name":"admin1816","author_link":"https:\/\/gepa.pl\/de\/author\/"},"uagb_comment_info":0,"uagb_excerpt":"Pilnik do paznokci o wymiarach 8,7cm x 1,6cm. Mo\u017cliwe dost\u0119pne r\u00f3\u017cne gradacje papieru za pomoc\u0105 kt\u00f3rych bez problemu skr\u00f3cisz paznokcie zar\u00f3wno naturalne jak i te przed\u0142u\u017cone. Pilniki do paznokci towarzysz\u0105 nam ju\u017c od bardzo dawna i s\u0105 jednym z tych produkt\u00f3w przy kt\u00f3rych nie da si\u0119 wymy\u015bli\u0107 wiele oryginalnego, jednak nam si\u0119 uda\u0142o. Dzi\u0119ki metodzie&hellip;","_links":{"self":[{"href":"https:\/\/gepa.pl\/de\/wp-json\/wp\/v2\/product\/3340","targetHints":{"allow":["GET"]}}],"collection":[{"href":"https:\/\/gepa.pl\/de\/wp-json\/wp\/v2\/product"}],"about":[{"href":"https:\/\/gepa.pl\/de\/wp-json\/wp\/v2\/types\/product"}],"wp:featuredmedia":[{"embeddable":true,"href":"https:\/\/gepa.pl\/de\/wp-json\/wp\/v2\/media\/6142"}],"wp:attachment":[{"href":"https:\/\/gepa.pl\/de\/wp-json\/wp\/v2\/media?parent=3340"}],"wp:term":[{"taxonomy":"product_brand","embeddable":true,"href":"https:\/\/gepa.pl\/de\/wp-json\/wp\/v2\/product_brand?post=3340"},{"taxonomy":"product_cat","embeddable":true,"href":"https:\/\/gepa.pl\/de\/wp-json\/wp\/v2\/product_cat?post=3340"},{"taxonomy":"product_tag","embeddable":true,"href":"https:\/\/gepa.pl\/de\/wp-json\/wp\/v2\/product_tag?post=3340"}],"curies":[{"name":"wp","href":"https:\/\/api.w.org\/{rel}","templated":true}]}}