{"id":3341,"date":"2021-06-07T21:45:08","date_gmt":"2021-06-07T21:45:08","guid":{"rendered":"https:\/\/gepa.pl\/?post_type=product&#038;p=3341"},"modified":"2025-02-28T10:44:40","modified_gmt":"2025-02-28T09:44:40","slug":"pilnik-do-paznokci-booklet-5","status":"publish","type":"product","link":"https:\/\/gepa.pl\/de\/produkt\/pilnik-do-paznokci-booklet-5\/","title":{"rendered":"Nagelfeile Heft 5"},"content":{"rendered":"","protected":false},"excerpt":{"rendered":"<p>Eine Nagelfeile in Heftform, die f\u00fcnf kleinere Feilen enth\u00e4lt, die durch Herausziehen aus dem Set herausgenommen werden k\u00f6nnen. Dies wird durch Perforationen an den Enden der Feilen erm\u00f6glicht, so dass die Feilen effizient vom Rest des Sets abgetrennt werden k\u00f6nnen. Es sind verschiedene Abstufungen des Papiers erh\u00e4ltlich, mit denen Sie sowohl Naturn\u00e4gel als auch Nagelverl\u00e4ngerungen problemlos k\u00fcrzen k\u00f6nnen. Nagelfeilen gibt es bei uns schon sehr lange und sie geh\u00f6ren zu den Produkten, bei denen es unm\u00f6glich ist, mit viel Originalit\u00e4t aufzuwarten, aber es ist uns gelungen. Dank des UV-Druckverfahrens k\u00f6nnen wir unsere Nagelfeilen mit Logos oder aufwendigeren Designs und Mustern versehen. Dadurch sind unsere Feilen viel ansprechender f\u00fcr das Auge, sie erf\u00fcllen ihre Werbefunktion und bleiben dennoch n\u00fctzlich f\u00fcr verschiedene kosmetische Behandlungen.<\/p>\n<p>Wir bieten Ihnen die M\u00f6glichkeit, das Produkt 100% nach Ihren eigenen W\u00fcnschen zu gestalten!<\/p>","protected":false},"featured_media":3918,"template":"","meta":{"_uag_custom_page_level_css":""},"product_brand":[],"product_cat":[97],"product_tag":[],"class_list":{"0":"post-3341","1":"product","2":"type-product","3":"status-publish","4":"has-post-thumbnail","6":"product_cat-pilniki-do-paznokci","8":"first","9":"instock","10":"shipping-taxable","11":"purchasable","12":"product-type-simple"},"acf":[],"uagb_featured_image_src":{"full":["https:\/\/gepa.pl\/wp-content\/uploads\/2021\/06\/pilniki-Booklet-5-okladka-px-1.png",4165,4165,false],"thumbnail":["https:\/\/gepa.pl\/wp-content\/uploads\/2021\/06\/pilniki-Booklet-5-okladka-px-1-150x150.png",150,150,true],"medium":["https:\/\/gepa.pl\/wp-content\/uploads\/2021\/06\/pilniki-Booklet-5-okladka-px-1-300x300.png",300,300,true],"medium_large":["https:\/\/gepa.pl\/wp-content\/uploads\/2021\/06\/pilniki-Booklet-5-okladka-px-1-768x768.png",768,768,true],"large":["https:\/\/gepa.pl\/wp-content\/uploads\/2021\/06\/pilniki-Booklet-5-okladka-px-1-1024x1024.png",1024,1024,true],"1536x1536":["https:\/\/gepa.pl\/wp-content\/uploads\/2021\/06\/pilniki-Booklet-5-okladka-px-1-1536x1536.png",1536,1536,true],"2048x2048":["https:\/\/gepa.pl\/wp-content\/uploads\/2021\/06\/pilniki-Booklet-5-okladka-px-1-2048x2048.png",2048,2048,true],"trp-custom-language-flag":["https:\/\/gepa.pl\/wp-content\/uploads\/2021\/06\/pilniki-Booklet-5-okladka-px-1-12x12.png",12,12,true],"woocommerce_thumbnail":["https:\/\/gepa.pl\/wp-content\/uploads\/2021\/06\/pilniki-Booklet-5-okladka-px-1-300x300.png",300,300,true],"woocommerce_single":["https:\/\/gepa.pl\/wp-content\/uploads\/2021\/06\/pilniki-Booklet-5-okladka-px-1-600x600.png",600,600,true],"woocommerce_gallery_thumbnail":["https:\/\/gepa.pl\/wp-content\/uploads\/2021\/06\/pilniki-Booklet-5-okladka-px-1-100x100.png",100,100,true]},"uagb_author_info":{"display_name":"admin1816","author_link":"https:\/\/gepa.pl\/de\/author\/"},"uagb_comment_info":0,"uagb_excerpt":"Pilnik do paznokci typu booklet, zawieraj\u0105cy pi\u0119\u0107 mniejszych pilniczk\u00f3w z mo\u017cliwo\u015bci\u0105 od\u0142\u0105czenia ich od zestawu poprzez wyrwanie. Umo\u017cliwiaj\u0105 to perforacje przy ko\u0144cach pilnik\u00f3w, dzi\u0119ki czemu pilniki mo\u017cna sprawnie oderwa\u0107 od reszty zestawu. Mo\u017cliwe dost\u0119pne r\u00f3\u017cne gradacje papieru za pomoc\u0105 kt\u00f3rych bez problemu skr\u00f3cisz paznokcie zar\u00f3wno naturalne jak i te przed\u0142u\u017cone. Pilniki do paznokci towarzysz\u0105 nam&hellip;","_links":{"self":[{"href":"https:\/\/gepa.pl\/de\/wp-json\/wp\/v2\/product\/3341","targetHints":{"allow":["GET"]}}],"collection":[{"href":"https:\/\/gepa.pl\/de\/wp-json\/wp\/v2\/product"}],"about":[{"href":"https:\/\/gepa.pl\/de\/wp-json\/wp\/v2\/types\/product"}],"wp:featuredmedia":[{"embeddable":true,"href":"https:\/\/gepa.pl\/de\/wp-json\/wp\/v2\/media\/3918"}],"wp:attachment":[{"href":"https:\/\/gepa.pl\/de\/wp-json\/wp\/v2\/media?parent=3341"}],"wp:term":[{"taxonomy":"product_brand","embeddable":true,"href":"https:\/\/gepa.pl\/de\/wp-json\/wp\/v2\/product_brand?post=3341"},{"taxonomy":"product_cat","embeddable":true,"href":"https:\/\/gepa.pl\/de\/wp-json\/wp\/v2\/product_cat?post=3341"},{"taxonomy":"product_tag","embeddable":true,"href":"https:\/\/gepa.pl\/de\/wp-json\/wp\/v2\/product_tag?post=3341"}],"curies":[{"name":"wp","href":"https:\/\/api.w.org\/{rel}","templated":true}]}}