{"id":3343,"date":"2021-06-07T21:45:08","date_gmt":"2021-06-07T21:45:08","guid":{"rendered":"https:\/\/gepa.pl\/?post_type=product&amp;p=3343"},"modified":"2021-06-07T21:45:08","modified_gmt":"2021-06-07T21:45:08","slug":"maska-gfm1","status":"publish","type":"product","link":"https:\/\/gepa.pl\/de\/produkt\/maska-gfm1\/","title":{"rendered":"Maske GFM1"},"content":{"rendered":"","protected":false},"excerpt":{"rendered":"<p>Eine zweischichtige Schutzmaske f\u00fcr den Sublimationsdruck.<br \/>\nHochwertiger Vollfarbdruck in Fotoqualit\u00e4t. Die obere Schicht der Maske besteht aus Polyester mit einem Gewicht von 80 - 125 g.<br \/>\nDie innere Schicht der Maske besteht aus nat\u00fcrlicher oder gebleichter Baumwolle in einer St\u00e4rke von 120 - 140 g. Die Materialien sind nach \"\u00d6koTex 100\" zertifiziert, die Farbstoffe und Farben sind CE-zertifiziert.<\/p>\n<p>Die \"GFM 1 Fitted\"-Schutzmasken wurden in 3 Gr\u00f6\u00dfen f\u00fcr erh\u00f6hten Komfort entwickelt.<\/p>\n<p>Wir bieten Ihnen die M\u00f6glichkeit, das Produkt 100% nach Ihren eigenen W\u00fcnschen zu gestalten!<\/p>","protected":false},"featured_media":3880,"template":"","meta":{"_uag_custom_page_level_css":""},"product_brand":[],"product_cat":[102],"product_tag":[],"class_list":{"0":"post-3343","1":"product","2":"type-product","3":"status-publish","4":"has-post-thumbnail","6":"product_cat-maski","8":"first","9":"instock","10":"shipping-taxable","11":"purchasable","12":"product-type-simple"},"acf":[],"uagb_featured_image_src":{"full":["https:\/\/gepa.pl\/wp-content\/uploads\/2021\/06\/Mask-GFM1-3.png",1000,1000,false],"thumbnail":["https:\/\/gepa.pl\/wp-content\/uploads\/2021\/06\/Mask-GFM1-3-150x150.png",150,150,true],"medium":["https:\/\/gepa.pl\/wp-content\/uploads\/2021\/06\/Mask-GFM1-3-300x300.png",300,300,true],"medium_large":["https:\/\/gepa.pl\/wp-content\/uploads\/2021\/06\/Mask-GFM1-3-768x768.png",768,768,true],"large":["https:\/\/gepa.pl\/wp-content\/uploads\/2021\/06\/Mask-GFM1-3.png",1000,1000,false],"1536x1536":["https:\/\/gepa.pl\/wp-content\/uploads\/2021\/06\/Mask-GFM1-3.png",1000,1000,false],"2048x2048":["https:\/\/gepa.pl\/wp-content\/uploads\/2021\/06\/Mask-GFM1-3.png",1000,1000,false],"trp-custom-language-flag":["https:\/\/gepa.pl\/wp-content\/uploads\/2021\/06\/Mask-GFM1-3-12x12.png",12,12,true],"woocommerce_thumbnail":["https:\/\/gepa.pl\/wp-content\/uploads\/2021\/06\/Mask-GFM1-3-300x300.png",300,300,true],"woocommerce_single":["https:\/\/gepa.pl\/wp-content\/uploads\/2021\/06\/Mask-GFM1-3-600x600.png",600,600,true],"woocommerce_gallery_thumbnail":["https:\/\/gepa.pl\/wp-content\/uploads\/2021\/06\/Mask-GFM1-3-100x100.png",100,100,true]},"uagb_author_info":{"display_name":"admin1816","author_link":"https:\/\/gepa.pl\/de\/author\/"},"uagb_comment_info":0,"uagb_excerpt":"Dwuwarstwowa maska ochronna z przeznaczeniem do druku sublimacyjnego. Wysoka jako\u015b\u0107 pe\u0142no kolorowego druku w jako\u015bci zdj\u0119\u0107. Wierzchnia warstwa maski wykonana z poliestru w gramaturach 80- 125gr. Wewn\u0119trzna warstwa maski to bawe\u0142na naturalna lub bielona w gramaturach 120 \u2013 140gr. Materia\u0142y posiadaj\u0105 certyfikat \u201d OekoTex 100 \u201d farby i barwniki posiadaj\u0105 certyfikat CE Maski ochronne\u201e GFM&hellip;","_links":{"self":[{"href":"https:\/\/gepa.pl\/de\/wp-json\/wp\/v2\/product\/3343","targetHints":{"allow":["GET"]}}],"collection":[{"href":"https:\/\/gepa.pl\/de\/wp-json\/wp\/v2\/product"}],"about":[{"href":"https:\/\/gepa.pl\/de\/wp-json\/wp\/v2\/types\/product"}],"wp:featuredmedia":[{"embeddable":true,"href":"https:\/\/gepa.pl\/de\/wp-json\/wp\/v2\/media\/3880"}],"wp:attachment":[{"href":"https:\/\/gepa.pl\/de\/wp-json\/wp\/v2\/media?parent=3343"}],"wp:term":[{"taxonomy":"product_brand","embeddable":true,"href":"https:\/\/gepa.pl\/de\/wp-json\/wp\/v2\/product_brand?post=3343"},{"taxonomy":"product_cat","embeddable":true,"href":"https:\/\/gepa.pl\/de\/wp-json\/wp\/v2\/product_cat?post=3343"},{"taxonomy":"product_tag","embeddable":true,"href":"https:\/\/gepa.pl\/de\/wp-json\/wp\/v2\/product_tag?post=3343"}],"curies":[{"name":"wp","href":"https:\/\/api.w.org\/{rel}","templated":true}]}}