{"id":3345,"date":"2021-06-07T21:45:08","date_gmt":"2021-06-07T21:45:08","guid":{"rendered":"https:\/\/gepa.pl\/?post_type=product&amp;p=3345"},"modified":"2021-06-07T21:45:08","modified_gmt":"2021-06-07T21:45:08","slug":"maska-gfm5","status":"publish","type":"product","link":"https:\/\/gepa.pl\/de\/produkt\/maska-gfm5\/","title":{"rendered":"Maske GFM5"},"content":{"rendered":"","protected":false},"excerpt":{"rendered":"<p>Sublimation doppellagige Schutzmaske, mit einer Tasche entworfen, um den Filter zu platzieren, doppellagig aus 120-140gr Baumwolle-Polyester-Gewebe. Materialien sind zertifiziert\" OekoTex 100\" Tinten und Farbstoffe sind CE-zertifiziert. Die \"GFM5 Pocket\" Produkt ist mit einer gro\u00dfen Tasche ausgestattet, um viele Arten von Filtern unterzubringen.<br \/>\nDank der Verwendung von Laschen passt er sich jeder Gesichtsform und -gr\u00f6\u00dfe an.<\/p>\n<p>Wir bieten Ihnen die M\u00f6glichkeit, das Produkt 100% nach Ihren eigenen W\u00fcnschen zu gestalten!<\/p>","protected":false},"featured_media":3874,"template":"","meta":{"_uag_custom_page_level_css":""},"product_brand":[],"product_cat":[102],"product_tag":[],"class_list":{"0":"post-3345","1":"product","2":"type-product","3":"status-publish","4":"has-post-thumbnail","6":"product_cat-maski","8":"first","9":"instock","10":"shipping-taxable","11":"purchasable","12":"product-type-simple"},"acf":[],"uagb_featured_image_src":{"full":["https:\/\/gepa.pl\/wp-content\/uploads\/2021\/06\/Mask-GFM5-2.png",1000,1000,false],"thumbnail":["https:\/\/gepa.pl\/wp-content\/uploads\/2021\/06\/Mask-GFM5-2-150x150.png",150,150,true],"medium":["https:\/\/gepa.pl\/wp-content\/uploads\/2021\/06\/Mask-GFM5-2-300x300.png",300,300,true],"medium_large":["https:\/\/gepa.pl\/wp-content\/uploads\/2021\/06\/Mask-GFM5-2-768x768.png",768,768,true],"large":["https:\/\/gepa.pl\/wp-content\/uploads\/2021\/06\/Mask-GFM5-2.png",1000,1000,false],"1536x1536":["https:\/\/gepa.pl\/wp-content\/uploads\/2021\/06\/Mask-GFM5-2.png",1000,1000,false],"2048x2048":["https:\/\/gepa.pl\/wp-content\/uploads\/2021\/06\/Mask-GFM5-2.png",1000,1000,false],"trp-custom-language-flag":["https:\/\/gepa.pl\/wp-content\/uploads\/2021\/06\/Mask-GFM5-2-12x12.png",12,12,true],"woocommerce_thumbnail":["https:\/\/gepa.pl\/wp-content\/uploads\/2021\/06\/Mask-GFM5-2-300x300.png",300,300,true],"woocommerce_single":["https:\/\/gepa.pl\/wp-content\/uploads\/2021\/06\/Mask-GFM5-2-600x600.png",600,600,true],"woocommerce_gallery_thumbnail":["https:\/\/gepa.pl\/wp-content\/uploads\/2021\/06\/Mask-GFM5-2-100x100.png",100,100,true]},"uagb_author_info":{"display_name":"admin1816","author_link":"https:\/\/gepa.pl\/de\/author\/"},"uagb_comment_info":0,"uagb_excerpt":"Dwuwarstwowa maska ochronna Sublimacyjna, zaprojektowana z kieszeni\u0105 do umieszczenia filtra, dwuwarstwowa wykonana z tkaniny bawe\u0142niano-poliestrowej 120-140gr. Materia\u0142y posiadaj\u0105 certyfikat\u201d OekoTex 100\u201d farby i barwniki posiadaj\u0105 certyfikat CE. Produkt \u201eGFM5 Pocket\u201d zosta\u0142 wyposa\u017cony w du\u017c\u0105 kiesze\u0144 umo\u017cliwiaj\u0105c\u0105 za\u0142o\u017cenia wielu rodzaj\u00f3w filtr\u00f3w . Dzi\u0119ki zastosowania zak\u0142adek dopasowuje si\u0119 do ka\u017cdego kszta\u0142tu i rozmiaru twarzy. Oferujemy mo\u017cliwo\u015b\u0107 100%&hellip;","_links":{"self":[{"href":"https:\/\/gepa.pl\/de\/wp-json\/wp\/v2\/product\/3345","targetHints":{"allow":["GET"]}}],"collection":[{"href":"https:\/\/gepa.pl\/de\/wp-json\/wp\/v2\/product"}],"about":[{"href":"https:\/\/gepa.pl\/de\/wp-json\/wp\/v2\/types\/product"}],"wp:featuredmedia":[{"embeddable":true,"href":"https:\/\/gepa.pl\/de\/wp-json\/wp\/v2\/media\/3874"}],"wp:attachment":[{"href":"https:\/\/gepa.pl\/de\/wp-json\/wp\/v2\/media?parent=3345"}],"wp:term":[{"taxonomy":"product_brand","embeddable":true,"href":"https:\/\/gepa.pl\/de\/wp-json\/wp\/v2\/product_brand?post=3345"},{"taxonomy":"product_cat","embeddable":true,"href":"https:\/\/gepa.pl\/de\/wp-json\/wp\/v2\/product_cat?post=3345"},{"taxonomy":"product_tag","embeddable":true,"href":"https:\/\/gepa.pl\/de\/wp-json\/wp\/v2\/product_tag?post=3345"}],"curies":[{"name":"wp","href":"https:\/\/api.w.org\/{rel}","templated":true}]}}