{"id":4466,"date":"2023-06-05T14:43:44","date_gmt":"2023-06-05T12:43:44","guid":{"rendered":"https:\/\/gepa.pl\/?post_type=product&#038;p=4466"},"modified":"2026-03-15T11:49:57","modified_gmt":"2026-03-15T10:49:57","slug":"pillow","status":"publish","type":"product","link":"https:\/\/gepa.pl\/de\/produkt\/pillow\/","title":{"rendered":"KISSEN"},"content":{"rendered":"","protected":false},"excerpt":{"rendered":"<p>Das hier vorgestellte Produkt ist in erster Linie multifunktional. Es kann als Matratze verwendet werden, aber es eignet sich auch hervorragend als Sessel, wenn man es in der Mitte biegt - dann hat es eine R\u00fcckenlehne - und als Hocker, wenn man sich einfach darauf setzt, indem man es faltet. Es ist aber nicht nur zum Faulenzen geeignet, sondern auch f\u00fcr Kinder zum Spielen. Das Kissen ist aus strapazierf\u00e4higem Polyester gefertigt, so dass wir es nach Belieben im Sublimationsverfahren bedrucken k\u00f6nnen. Die Ma\u00dfe des Kissens sind: H\u00f6he - 170cm, Breite - 135cm. Formen, Ma\u00dfe und Designs auf Anfrage.<\/p>\n<p>Wir bieten Ihnen die M\u00f6glichkeit, das Produkt 100% nach Ihren eigenen W\u00fcnschen zu gestalten!<\/p>","protected":false},"featured_media":6184,"template":"","meta":{"_uag_custom_page_level_css":""},"product_brand":[],"product_cat":[118],"product_tag":[113,114,115,116,117,119],"class_list":{"0":"post-4466","1":"product","2":"type-product","3":"status-publish","4":"has-post-thumbnail","6":"product_cat-pufy","7":"product_tag-beanbags","8":"product_tag-items","9":"product_tag-polyester","10":"product_tag-promotional","11":"product_tag-promotional-items","12":"product_tag-sublimation-print","14":"first","15":"instock","16":"shipping-taxable","17":"purchasable","18":"product-type-simple"},"acf":[],"uagb_featured_image_src":{"full":["https:\/\/gepa.pl\/wp-content\/uploads\/2025\/02\/Comfort-YOU.png",1000,700,false],"thumbnail":["https:\/\/gepa.pl\/wp-content\/uploads\/2025\/02\/Comfort-YOU-150x150.png",150,150,true],"medium":["https:\/\/gepa.pl\/wp-content\/uploads\/2025\/02\/Comfort-YOU-300x210.png",300,210,true],"medium_large":["https:\/\/gepa.pl\/wp-content\/uploads\/2025\/02\/Comfort-YOU-768x538.png",768,538,true],"large":["https:\/\/gepa.pl\/wp-content\/uploads\/2025\/02\/Comfort-YOU.png",1000,700,false],"1536x1536":["https:\/\/gepa.pl\/wp-content\/uploads\/2025\/02\/Comfort-YOU.png",1000,700,false],"2048x2048":["https:\/\/gepa.pl\/wp-content\/uploads\/2025\/02\/Comfort-YOU.png",1000,700,false],"trp-custom-language-flag":["https:\/\/gepa.pl\/wp-content\/uploads\/2025\/02\/Comfort-YOU-18x12.png",18,12,true],"woocommerce_thumbnail":["https:\/\/gepa.pl\/wp-content\/uploads\/2025\/02\/Comfort-YOU-300x300.png",300,300,true],"woocommerce_single":["https:\/\/gepa.pl\/wp-content\/uploads\/2025\/02\/Comfort-YOU-600x420.png",600,420,true],"woocommerce_gallery_thumbnail":["https:\/\/gepa.pl\/wp-content\/uploads\/2025\/02\/Comfort-YOU-100x100.png",100,100,true]},"uagb_author_info":{"display_name":"admin1816","author_link":"https:\/\/gepa.pl\/de\/author\/"},"uagb_comment_info":0,"uagb_excerpt":"Prezentowany produkt jest przede wszystkim wielofunkcyjny. Mo\u017ce by\u0107 u\u017cywany jako materac, ale \u015bwietnie sprawdzi si\u0119 r\u00f3wnie\u017c jako fotel, je\u015bli zegniemy go na p\u00f3\u0142 - w\u00f3wczas b\u0119dzie mia\u0142 oparcie - oraz jako pufa, gdy po prostu usi\u0105dziesz na nim, sk\u0142adaj\u0105c go. Jednak nie musi s\u0142u\u017cy\u0107 wy\u0142\u0105cznie do le\u017cakowania - b\u0119dzie r\u00f3wnie\u017c idealny dla dzieci do zabawy.&hellip;","_links":{"self":[{"href":"https:\/\/gepa.pl\/de\/wp-json\/wp\/v2\/product\/4466","targetHints":{"allow":["GET"]}}],"collection":[{"href":"https:\/\/gepa.pl\/de\/wp-json\/wp\/v2\/product"}],"about":[{"href":"https:\/\/gepa.pl\/de\/wp-json\/wp\/v2\/types\/product"}],"wp:featuredmedia":[{"embeddable":true,"href":"https:\/\/gepa.pl\/de\/wp-json\/wp\/v2\/media\/6184"}],"wp:attachment":[{"href":"https:\/\/gepa.pl\/de\/wp-json\/wp\/v2\/media?parent=4466"}],"wp:term":[{"taxonomy":"product_brand","embeddable":true,"href":"https:\/\/gepa.pl\/de\/wp-json\/wp\/v2\/product_brand?post=4466"},{"taxonomy":"product_cat","embeddable":true,"href":"https:\/\/gepa.pl\/de\/wp-json\/wp\/v2\/product_cat?post=4466"},{"taxonomy":"product_tag","embeddable":true,"href":"https:\/\/gepa.pl\/de\/wp-json\/wp\/v2\/product_tag?post=4466"}],"curies":[{"name":"wp","href":"https:\/\/api.w.org\/{rel}","templated":true}]}}