{"id":4722,"date":"2023-08-21T17:08:00","date_gmt":"2023-08-21T15:08:00","guid":{"rendered":"https:\/\/gepa.pl\/?post_type=product&#038;p=4722"},"modified":"2025-11-21T11:46:11","modified_gmt":"2025-11-21T10:46:11","slug":"reczniki-tloczone","status":"publish","type":"product","link":"https:\/\/gepa.pl\/de\/produkt\/reczniki-tloczone\/","title":{"rendered":"Gepr\u00e4gte Handt\u00fccher"},"content":{"rendered":"","protected":false},"excerpt":{"rendered":"<p>Unsere gewebten Handt\u00fccher sind eine Kombination aus Stil, Komfort und \u00d6kologie. Erh\u00e4ltlich in verschiedenen Farben und drei Gr\u00f6\u00dfen: 30x50cm, 50x90cm und 75x150cm, so dass Sie sie an jedes Interieur und jeden Lebensstil anpassen k\u00f6nnen. Sie werden aus strapazierf\u00e4higer Baumwolle oder Bambusviskose hergestellt und bieten ein luxuri\u00f6ses Gef\u00fchl auf der Haut und eine lange Lebensdauer.<\/p>\n<p>Wesentliche Merkmale:<\/p>\n<p>Drei Gr\u00f6\u00dfen: 30x50cm, 50x90cm und 75x150cm, ideal sowohl nach dem Bad als auch am Strand.<br \/>\nMaterial: Bambusviskose und Baumwolle garantieren Weichheit und Haltbarkeit.<br \/>\nReichhaltige Farbpalette: Verschiedene Farbt\u00f6ne passend zu Ihrem Stil erh\u00e4ltlich.<br \/>\nBranding: Personalisierung durch Hinzuf\u00fcgen Ihres eigenen Designs oder Logos m\u00f6glich.<br \/>\nUnsere Handt\u00fccher sind eine Kombination aus Qualit\u00e4t, Komfort und individuellem Stil. Entdecken Sie, wie sie Ihre Momente der Entspannung noch besonderer machen k\u00f6nnen.<\/p>\n<p>Wir bieten Ihnen die M\u00f6glichkeit, das Produkt 100% nach Ihren eigenen W\u00fcnschen zu gestalten!<\/p>","protected":false},"featured_media":6222,"template":"","meta":{"_uag_custom_page_level_css":""},"product_brand":[],"product_cat":[52,208],"product_tag":[49,50,51,53],"class_list":{"0":"post-4722","1":"product","2":"type-product","3":"status-publish","4":"has-post-thumbnail","6":"product_cat-reczniki","7":"product_cat-tekstylia-domowe","8":"product_tag-cotton-towels","9":"product_tag-home-accessories","10":"product_tag-promotional-towels","11":"product_tag-towels","13":"first","14":"instock","15":"shipping-taxable","16":"purchasable","17":"product-type-simple"},"acf":[],"uagb_featured_image_src":{"full":["https:\/\/gepa.pl\/wp-content\/uploads\/2025\/03\/Jacquard-embosed-.jpg",676,644,false],"thumbnail":["https:\/\/gepa.pl\/wp-content\/uploads\/2025\/03\/Jacquard-embosed--150x150.jpg",150,150,true],"medium":["https:\/\/gepa.pl\/wp-content\/uploads\/2025\/03\/Jacquard-embosed--300x286.jpg",300,286,true],"medium_large":["https:\/\/gepa.pl\/wp-content\/uploads\/2025\/03\/Jacquard-embosed-.jpg",676,644,false],"large":["https:\/\/gepa.pl\/wp-content\/uploads\/2025\/03\/Jacquard-embosed-.jpg",676,644,false],"1536x1536":["https:\/\/gepa.pl\/wp-content\/uploads\/2025\/03\/Jacquard-embosed-.jpg",676,644,false],"2048x2048":["https:\/\/gepa.pl\/wp-content\/uploads\/2025\/03\/Jacquard-embosed-.jpg",676,644,false],"trp-custom-language-flag":["https:\/\/gepa.pl\/wp-content\/uploads\/2025\/03\/Jacquard-embosed--13x12.jpg",13,12,true],"woocommerce_thumbnail":["https:\/\/gepa.pl\/wp-content\/uploads\/2025\/03\/Jacquard-embosed--300x300.jpg",300,300,true],"woocommerce_single":["https:\/\/gepa.pl\/wp-content\/uploads\/2025\/03\/Jacquard-embosed--600x572.jpg",600,572,true],"woocommerce_gallery_thumbnail":["https:\/\/gepa.pl\/wp-content\/uploads\/2025\/03\/Jacquard-embosed--100x100.jpg",100,100,true]},"uagb_author_info":{"display_name":"admin1816","author_link":"https:\/\/gepa.pl\/de\/author\/"},"uagb_comment_info":0,"uagb_excerpt":"Nasze r\u0119czniki tkane to po\u0142\u0105czenie stylu, wygody i ekologii. Dost\u0119pne w r\u00f3\u017cnych kolorach i trzech rozmiarach: 30x50cm, 50x90cm i 75x150cm, pozwalaj\u0105 dopasowa\u0107 je do ka\u017cdego wn\u0119trza lub stylu \u017cycia. Wykonane z wytrzyma\u0142ej bawe\u0142ny lub wiskozy bambusowej, zapewniaj\u0105 zar\u00f3wno luksusowe uczucie na sk\u00f3rze, jak i trwa\u0142o\u015b\u0107. G\u0142\u00f3wne cechy: Trzy rozmiary: 30x50cm, 50x90cm i 75x150cm, idealne zar\u00f3wno&hellip;","_links":{"self":[{"href":"https:\/\/gepa.pl\/de\/wp-json\/wp\/v2\/product\/4722","targetHints":{"allow":["GET"]}}],"collection":[{"href":"https:\/\/gepa.pl\/de\/wp-json\/wp\/v2\/product"}],"about":[{"href":"https:\/\/gepa.pl\/de\/wp-json\/wp\/v2\/types\/product"}],"wp:featuredmedia":[{"embeddable":true,"href":"https:\/\/gepa.pl\/de\/wp-json\/wp\/v2\/media\/6222"}],"wp:attachment":[{"href":"https:\/\/gepa.pl\/de\/wp-json\/wp\/v2\/media?parent=4722"}],"wp:term":[{"taxonomy":"product_brand","embeddable":true,"href":"https:\/\/gepa.pl\/de\/wp-json\/wp\/v2\/product_brand?post=4722"},{"taxonomy":"product_cat","embeddable":true,"href":"https:\/\/gepa.pl\/de\/wp-json\/wp\/v2\/product_cat?post=4722"},{"taxonomy":"product_tag","embeddable":true,"href":"https:\/\/gepa.pl\/de\/wp-json\/wp\/v2\/product_tag?post=4722"}],"curies":[{"name":"wp","href":"https:\/\/api.w.org\/{rel}","templated":true}]}}