{"id":4854,"date":"2023-08-24T17:01:21","date_gmt":"2023-08-24T15:01:21","guid":{"rendered":"https:\/\/gepa.pl\/?post_type=product&amp;p=4854"},"modified":"2023-08-24T17:01:21","modified_gmt":"2023-08-24T15:01:21","slug":"bawelniany-szlafrok","status":"publish","type":"product","link":"https:\/\/gepa.pl\/de\/produkt\/bawelniany-szlafrok\/","title":{"rendered":"Bademantel aus Baumwolle"},"content":{"rendered":"","protected":false},"excerpt":{"rendered":"<p>Entdecken Sie die perfekte Kombination aus Komfort und Stil mit unserem Bademantel aus Baumwolle, der in vier sch\u00f6nen Farben erh\u00e4ltlich ist: wei\u00df, ecru, grau und navy. Egal, ob Sie sich morgens entspannen oder abends ausruhen m\u00f6chten, wir haben die richtige Gr\u00f6\u00dfe f\u00fcr Sie: M, L, XL oder XXL.<\/p>\n<p>Eigenschaften unseres Bademantels:<\/p>\n<p><b>Au\u00dfergew\u00f6hnliches Material:<\/b> Hergestellt aus Baumwolle h\u00f6chster Qualit\u00e4t f\u00fcr maximalen Komfort und Bewegungsfreiheit.<br \/>\n<b>Eine F\u00fclle von Farben:<\/b> W\u00e4hlen Sie aus den klassischen Farben Wei\u00df, Ecru, Grau oder Marineblau - je nach Lust und Laune.<br \/>\n<b>Perfekte Passform:<\/b> Erh\u00e4ltlich in vier Gr\u00f6\u00dfen, bietet er f\u00fcr jede Figur die perfekte Passform.<br \/>\n<b>Universeller Stil:<\/b> Ob beim Duschen, beim Morgenkaffee oder bei der abendlichen Entspannung, unser Bademantel wird Sie immer in eine angenehme Stimmung versetzen.<\/p>\n<p>Unser Bademantel aus Baumwolle garantiert nicht nur Komfort, sondern auch Stil. W\u00e4hlen Sie Ihre Lieblingsfarbe und -gr\u00f6\u00dfe, um jeden Moment in au\u00dfergew\u00f6hnlichem Komfort zu genie\u00dfen.<\/p>\n<p>Wir bieten Ihnen die M\u00f6glichkeit, das Produkt 100% nach Ihren eigenen W\u00fcnschen zu gestalten!<\/p>","protected":false},"featured_media":4857,"template":"","meta":{"_uag_custom_page_level_css":""},"product_brand":[],"product_cat":[198],"product_tag":[197,199,57],"class_list":{"0":"post-4854","1":"product","2":"type-product","3":"status-publish","4":"has-post-thumbnail","6":"product_cat-bawelniany-szlafrok","7":"product_tag-bathrobe","8":"product_tag-cotton-bathrobe","9":"product_tag-eco-friendly","11":"first","12":"instock","13":"shipping-taxable","14":"purchasable","15":"product-type-simple"},"acf":[],"uagb_featured_image_src":{"full":false,"thumbnail":false,"medium":false,"medium_large":false,"large":false,"1536x1536":false,"2048x2048":false,"trp-custom-language-flag":false,"woocommerce_thumbnail":false,"woocommerce_single":false,"woocommerce_gallery_thumbnail":false},"uagb_author_info":{"display_name":"admin1816","author_link":"https:\/\/gepa.pl\/de\/author\/"},"uagb_comment_info":0,"uagb_excerpt":"Odkryj doskona\u0142e po\u0142\u0105czenie wygody i stylu dzi\u0119ki naszemu bawe\u0142nianemu szlafrokowi, kt\u00f3ry jest dost\u0119pny w czterech pi\u0119knych kolorach: bia\u0142ym, ecru, szarym i granatowym. Bez wzgl\u0119du na to, czy wybierasz si\u0119 na relaksuj\u0105cy poranek czy wieczorny odpoczynek, mamy odpowiedni rozmiar dla Ciebie: M, L, XL lub XXL. Cechy naszego szlafroka: Wyj\u0105tkowy materia\u0142: Wykonany z najwy\u017cszej jako\u015bci bawe\u0142ny,&hellip;","_links":{"self":[{"href":"https:\/\/gepa.pl\/de\/wp-json\/wp\/v2\/product\/4854","targetHints":{"allow":["GET"]}}],"collection":[{"href":"https:\/\/gepa.pl\/de\/wp-json\/wp\/v2\/product"}],"about":[{"href":"https:\/\/gepa.pl\/de\/wp-json\/wp\/v2\/types\/product"}],"wp:featuredmedia":[{"embeddable":true,"href":"https:\/\/gepa.pl\/de\/wp-json\/"}],"wp:attachment":[{"href":"https:\/\/gepa.pl\/de\/wp-json\/wp\/v2\/media?parent=4854"}],"wp:term":[{"taxonomy":"product_brand","embeddable":true,"href":"https:\/\/gepa.pl\/de\/wp-json\/wp\/v2\/product_brand?post=4854"},{"taxonomy":"product_cat","embeddable":true,"href":"https:\/\/gepa.pl\/de\/wp-json\/wp\/v2\/product_cat?post=4854"},{"taxonomy":"product_tag","embeddable":true,"href":"https:\/\/gepa.pl\/de\/wp-json\/wp\/v2\/product_tag?post=4854"}],"curies":[{"name":"wp","href":"https:\/\/api.w.org\/{rel}","templated":true}]}}