{"id":4989,"date":"2023-09-04T14:30:27","date_gmt":"2023-09-04T12:30:27","guid":{"rendered":"https:\/\/gepa.pl\/?post_type=product&#038;p=4989"},"modified":"2025-11-21T11:47:26","modified_gmt":"2025-11-21T10:47:26","slug":"reczniki-kuchenne","status":"publish","type":"product","link":"https:\/\/gepa.pl\/de\/produkt\/reczniki-kuchenne\/","title":{"rendered":"K\u00fcchenhandt\u00fccher"},"content":{"rendered":"<p data-start=\"211\" data-end=\"477\">Unsere K\u00fcchenhandt\u00fccher vereinen Funktionalit\u00e4t, Qualit\u00e4t und individuellen Stil. Das Sortiment umfasst sowohl <strong data-start=\"327\" data-end=\"373\">traditionelle Baumwoll-Jacquardt\u00fccher<\/strong>wie auch <strong data-start=\"381\" data-end=\"426\">moderne Handt\u00fccher aus technischen Geweben<\/strong>die durch ihre Saugf\u00e4higkeit und Haltbarkeit \u00fcberraschen.<\/p>\n<p data-start=\"479\" data-end=\"779\">F\u00fcr Liebhaber von Klassikern bieten wir <strong data-start=\"514\" data-end=\"543\">Handt\u00fccher aus gewebter Baumwolle<\/strong>Ideal f\u00fcr den t\u00e4glichen Gebrauch - weich, saugf\u00e4hig und elegant.<br data-start=\"607\" data-end=\"610\" \/>F\u00fcr diejenigen, die moderne L\u00f6sungen sch\u00e4tzen, bieten wir <strong data-start=\"667\" data-end=\"699\">Handt\u00fccher mit Bambusviskose<\/strong>die auf nat\u00fcrliche Weise Feuchtigkeit aufnehmen und schneller trocknen als herk\u00f6mmliche Baumwolle.<\/p>\n<p data-start=\"781\" data-end=\"1025\">In unserer Sammlung finden Sie auch <strong data-start=\"818\" data-end=\"857\">schnelltrocknende Mikrofaserhandt\u00fccher<\/strong>sowie <strong data-start=\"867\" data-end=\"933\">Schlingen- und Pl\u00fcschhandt\u00fccher mit Vollsublimationsdruck<\/strong> - ideal zur Personalisierung, mit der M\u00f6glichkeit, jedes beliebige Design, Logo oder Grafik anzubringen.<\/p>\n<p data-start=\"1027\" data-end=\"1232\">Unabh\u00e4ngig von der Wahl des Materials, jedes unserer Handt\u00fccher kombiniert <strong data-start=\"1100\" data-end=\"1137\">Zweckm\u00e4\u00dfigkeit, Haltbarkeit und \u00c4sthetik<\/strong>Er ist sowohl ein funktionelles Ger\u00e4t als auch eine stilvolle Dekoration f\u00fcr die K\u00fcche.<\/p>\n<p data-start=\"1234\" data-end=\"1285\"><strong data-start=\"1234\" data-end=\"1285\">GEPA - hier treffen Klassik und Moderne aufeinander.<\/strong><\/p>\n<p>Wir bieten auch einen Handtuch-Design-Service an<\/p>\n<p>Wir bieten Ihnen die M\u00f6glichkeit, das Produkt 100% nach Ihren eigenen W\u00fcnschen zu gestalten!<\/p>","protected":false},"excerpt":{"rendered":"<h3 data-start=\"148\" data-end=\"198\"><strong data-start=\"152\" data-end=\"198\">R\u0119czniki kuchenne \u2013 klasyka i nowoczesno\u015b\u0107<\/strong><\/h3>\n<p data-start=\"200\" data-end=\"628\">Nasze r\u0119czniki kuchenne \u0142\u0105cz\u0105 tradycj\u0119 z nowoczesno\u015bci\u0105. Oferujemy zar\u00f3wno <strong data-start=\"275\" data-end=\"310\">bawe\u0142niane \u015bciereczki \u017cakardowe<\/strong>wie auch <strong data-start=\"318\" data-end=\"359\">nowoczesne modele z wiskoz\u0105 bambusow\u0105<\/strong> oraz <strong data-start=\"365\" data-end=\"404\">szybkoschn\u0105ce r\u0119czniki z mikrofibry<\/strong> \u2013 tak\u017ce z pe\u0142nym <strong data-start=\"422\" data-end=\"449\">nadrukiem sublimacyjnym<\/strong>.<br data-start=\"450\" data-end=\"453\" \/>Wszystkie wyr\u00f3\u017cniaj\u0105 si\u0119 <strong data-start=\"478\" data-end=\"544\" data-is-only-node=\"\">doskona\u0142\u0105 ch\u0142onno\u015bci\u0105, trwa\u0142o\u015bci\u0105 i mo\u017cliwo\u015bci\u0105 personalizacji<\/strong>, dzi\u0119ki czemu stanowi\u0105 nie tylko praktyczny, ale i stylowy element ka\u017cdej kuchni.<\/p>\n<p data-start=\"630\" data-end=\"670\"><strong data-start=\"630\" data-end=\"670\">GEPA \u2013 klasyka spotyka nowoczesno\u015b\u0107.<\/strong><\/p>","protected":false},"featured_media":6380,"template":"","meta":{"_uag_custom_page_level_css":""},"product_brand":[],"product_cat":[52,208],"product_tag":[206,207],"class_list":{"0":"post-4989","1":"product","2":"type-product","3":"status-publish","4":"has-post-thumbnail","6":"product_cat-reczniki","7":"product_cat-tekstylia-domowe","8":"product_tag-cotton-kitchen-towels","9":"product_tag-kitchen-towels","11":"first","12":"instock","13":"shipping-taxable","14":"purchasable","15":"product-type-simple"},"acf":[],"uagb_featured_image_src":{"full":["https:\/\/gepa.pl\/wp-content\/uploads\/2025\/10\/Cotton-cloths-2.jpg",994,762,false],"thumbnail":["https:\/\/gepa.pl\/wp-content\/uploads\/2025\/10\/Cotton-cloths-2-150x150.jpg",150,150,true],"medium":["https:\/\/gepa.pl\/wp-content\/uploads\/2025\/10\/Cotton-cloths-2-300x230.jpg",300,230,true],"medium_large":["https:\/\/gepa.pl\/wp-content\/uploads\/2025\/10\/Cotton-cloths-2-768x589.jpg",768,589,true],"large":["https:\/\/gepa.pl\/wp-content\/uploads\/2025\/10\/Cotton-cloths-2.jpg",994,762,false],"1536x1536":["https:\/\/gepa.pl\/wp-content\/uploads\/2025\/10\/Cotton-cloths-2.jpg",994,762,false],"2048x2048":["https:\/\/gepa.pl\/wp-content\/uploads\/2025\/10\/Cotton-cloths-2.jpg",994,762,false],"trp-custom-language-flag":["https:\/\/gepa.pl\/wp-content\/uploads\/2025\/10\/Cotton-cloths-2-16x12.jpg",16,12,true],"woocommerce_thumbnail":["https:\/\/gepa.pl\/wp-content\/uploads\/2025\/10\/Cotton-cloths-2-300x300.jpg",300,300,true],"woocommerce_single":["https:\/\/gepa.pl\/wp-content\/uploads\/2025\/10\/Cotton-cloths-2-600x460.jpg",600,460,true],"woocommerce_gallery_thumbnail":["https:\/\/gepa.pl\/wp-content\/uploads\/2025\/10\/Cotton-cloths-2-100x100.jpg",100,100,true]},"uagb_author_info":{"display_name":"admin1816","author_link":"https:\/\/gepa.pl\/de\/author\/"},"uagb_comment_info":0,"uagb_excerpt":"R\u0119czniki kuchenne \u2013 klasyka i nowoczesno\u015b\u0107 Nasze r\u0119czniki kuchenne \u0142\u0105cz\u0105 tradycj\u0119 z nowoczesno\u015bci\u0105. Oferujemy zar\u00f3wno bawe\u0142niane \u015bciereczki \u017cakardowe, jak i nowoczesne modele z wiskoz\u0105 bambusow\u0105 oraz szybkoschn\u0105ce r\u0119czniki z mikrofibry \u2013 tak\u017ce z pe\u0142nym nadrukiem sublimacyjnym.Wszystkie wyr\u00f3\u017cniaj\u0105 si\u0119 doskona\u0142\u0105 ch\u0142onno\u015bci\u0105, trwa\u0142o\u015bci\u0105 i mo\u017cliwo\u015bci\u0105 personalizacji, dzi\u0119ki czemu stanowi\u0105 nie tylko praktyczny, ale i stylowy element ka\u017cdej&hellip;","_links":{"self":[{"href":"https:\/\/gepa.pl\/de\/wp-json\/wp\/v2\/product\/4989","targetHints":{"allow":["GET"]}}],"collection":[{"href":"https:\/\/gepa.pl\/de\/wp-json\/wp\/v2\/product"}],"about":[{"href":"https:\/\/gepa.pl\/de\/wp-json\/wp\/v2\/types\/product"}],"wp:featuredmedia":[{"embeddable":true,"href":"https:\/\/gepa.pl\/de\/wp-json\/wp\/v2\/media\/6380"}],"wp:attachment":[{"href":"https:\/\/gepa.pl\/de\/wp-json\/wp\/v2\/media?parent=4989"}],"wp:term":[{"taxonomy":"product_brand","embeddable":true,"href":"https:\/\/gepa.pl\/de\/wp-json\/wp\/v2\/product_brand?post=4989"},{"taxonomy":"product_cat","embeddable":true,"href":"https:\/\/gepa.pl\/de\/wp-json\/wp\/v2\/product_cat?post=4989"},{"taxonomy":"product_tag","embeddable":true,"href":"https:\/\/gepa.pl\/de\/wp-json\/wp\/v2\/product_tag?post=4989"}],"curies":[{"name":"wp","href":"https:\/\/api.w.org\/{rel}","templated":true}]}}