{"id":6247,"date":"2025-03-07T19:14:43","date_gmt":"2025-03-07T18:14:43","guid":{"rendered":"https:\/\/new.gepa.pl\/?post_type=product&#038;p=6247"},"modified":"2025-11-27T08:18:20","modified_gmt":"2025-11-27T07:18:20","slug":"reczniki-drukowane","status":"publish","type":"product","link":"https:\/\/gepa.pl\/de\/produkt\/reczniki-drukowane\/","title":{"rendered":"Bedruckte Handt\u00fccher"},"content":{"rendered":"<p style=\"margin: 0in; font-family: Calibri; font-size: 11.0pt;\"><span style=\"font-weight: bold;\">Mikrofaserhandt\u00fccher und Polyester\/Baumwoll-Hybridhandt\u00fccher - Perfektion bis ins Detail!<\/span><\/p>\n<p style=\"margin: 0in; font-family: Calibri; font-size: 11.0pt;\">Sie suchen Handt\u00fccher, die au\u00dfergew\u00f6hnliches Design mit Funktionalit\u00e4t verbinden? Unser <span style=\"font-weight: bold;\">Mikrofaser- und Polyester\/Baumwoll-Hybridhandt\u00fccher<\/span> ist die ideale L\u00f6sung f\u00fcr alle, die Qualit\u00e4t, Komfort und die M\u00f6glichkeit einer vollst\u00e4ndigen Personalisierung sch\u00e4tzen!<\/p>\n<p style=\"margin: 0in; font-family: Calibri; font-size: 16.0pt;\"><span style=\"font-weight: bold;\">Warum sollten Sie unsere Handt\u00fccher w\u00e4hlen?<\/span><\/p>\n<p style=\"margin: 0in; font-family: Calibri; font-size: 11.0pt;\"><span style=\"font-weight: bold;\">Vollfarbiger Sublimationsdruck<\/span> - \u00c4u\u00dferst haltbar, ges\u00e4ttigt und waschbest\u00e4ndig. Dank der Sublimationstechnologie verschmilzt der Druck mit dem Stoff und beh\u00e4lt seine Farbintensit\u00e4t auch nach vielen W\u00e4schen bei.<\/p>\n<p style=\"margin: 0in; font-family: Calibri; font-size: 11.0pt;\"><span style=\"font-weight: bold;\">Mikrofaser - super saugf\u00e4hig und schnell trocknend<\/span> - Es ist weich, leicht und absorbiert Feuchtigkeit perfekt, trocknet im Eiltempo und nimmt in der Tasche nicht viel Platz weg. Ideal f\u00fcr das Fitnessstudio, den Pool oder die Reise.<\/p>\n<p style=\"margin: 0in; font-family: Calibri; font-size: 11.0pt;\"><span style=\"font-weight: bold;\">Hybride Kombination aus Polyester und Baumwolle<\/span> - Komfort und Haltbarkeit in einem! Die \u00e4u\u00dfere Schicht aus Polyester erm\u00f6glicht einen perfekten Druck, w\u00e4hrend die innere Schicht aus Baumwolle f\u00fcr Weichheit und angenehmen Tragekomfort sorgt.<\/p>\n<p style=\"margin: 0in; font-family: Calibri; font-size: 11.0pt;\"><span style=\"font-weight: bold;\">Vielseitigkeit der Anwendungen<\/span> - Sie eignen sich f\u00fcr zu Hause, am Strand, in Hotels, Spas, bei sportlichen Aktivit\u00e4ten und auch als exklusives Werbegeschenk.<\/p>\n<p style=\"margin: 0in; font-family: Calibri; font-size: 11.0pt;\"><span style=\"font-weight: bold;\">Stil und Personalisierung<\/span> - Die M\u00f6glichkeit, jede Grafik, jedes Logo oder Design aufzudrucken, macht die Handt\u00fccher nicht nur praktisch, sondern auch zu einem markanten Branding-Element.<\/p>\n<p style=\"margin: 0in; font-family: Calibri; font-size: 16.0pt;\"><span style=\"font-weight: bold;\">Verf\u00fcgbare Gr\u00f6\u00dfen<\/span><\/p>\n<p style=\"margin: 0in; font-family: Calibri; font-size: 11.0pt;\">Ma\u00dfgeschneidert f\u00fcr unterschiedliche Bed\u00fcrfnisse - von kleinen Sporthandt\u00fcchern bis hin zu gro\u00dfen Bade- und Strandt\u00fcchern.<\/p>\n<p style=\"margin: 0in; font-family: Calibri; font-size: 11.0pt;\">W\u00e4hlen Sie <span style=\"font-weight: bold;\">Kombination aus Funktionalit\u00e4t, Qualit\u00e4t und einzigartigem Design<\/span>. Machen Sie Ihr Handtuch nicht nur praktisch, sondern auch einzigartig!<\/p>","protected":false},"excerpt":{"rendered":"<p><strong data-start=\"0\" data-end=\"60\" data-is-only-node=\"\">Mikrofaser- und Polyester\/Baumwoll-Hybridhandt\u00fccher<\/strong> Link <strong data-start=\"67\" data-end=\"107\">Funktionalit\u00e4t mit einzigartigem Design<\/strong>. Der Vollfarb-Sublimationsdruck garantiert Haltbarkeit und intensive Farben. Mikrofaser garantiert <strong data-start=\"204\" data-end=\"242\">superabsorbierend und schnell trocknend<\/strong>Die hybride Kombination aus Polyester und Baumwolle verbindet Komfort mit Haltbarkeit. Ideal f\u00fcr zu Hause, im Fitnessstudio, am Strand, in Hotels und als Werbegeschenk. Kann mit einem beliebigen Design oder Logo personalisiert werden. Erh\u00e4ltlich in verschiedenen Gr\u00f6\u00dfen - w\u00e4hlen Sie <strong data-start=\"478\" data-end=\"516\" data-is-last-node=\"\">einzigartiger Stil und maximaler Komfort!<\/strong><\/p>","protected":false},"featured_media":6246,"template":"","meta":{"_uag_custom_page_level_css":""},"product_brand":[],"product_cat":[52,208],"product_tag":[],"class_list":{"0":"post-6247","1":"product","2":"type-product","3":"status-publish","4":"has-post-thumbnail","6":"product_cat-reczniki","7":"product_cat-tekstylia-domowe","9":"first","10":"onbackorder","11":"shipping-taxable","12":"purchasable","13":"product-type-simple"},"acf":[],"uagb_featured_image_src":{"full":["https:\/\/gepa.pl\/wp-content\/uploads\/2025\/03\/@Greattowels.png",1000,1000,false],"thumbnail":["https:\/\/gepa.pl\/wp-content\/uploads\/2025\/03\/@Greattowels-150x150.png",150,150,true],"medium":["https:\/\/gepa.pl\/wp-content\/uploads\/2025\/03\/@Greattowels-300x300.png",300,300,true],"medium_large":["https:\/\/gepa.pl\/wp-content\/uploads\/2025\/03\/@Greattowels-768x768.png",768,768,true],"large":["https:\/\/gepa.pl\/wp-content\/uploads\/2025\/03\/@Greattowels.png",1000,1000,false],"1536x1536":["https:\/\/gepa.pl\/wp-content\/uploads\/2025\/03\/@Greattowels.png",1000,1000,false],"2048x2048":["https:\/\/gepa.pl\/wp-content\/uploads\/2025\/03\/@Greattowels.png",1000,1000,false],"trp-custom-language-flag":["https:\/\/gepa.pl\/wp-content\/uploads\/2025\/03\/@Greattowels-12x12.png",12,12,true],"woocommerce_thumbnail":["https:\/\/gepa.pl\/wp-content\/uploads\/2025\/03\/@Greattowels-300x300.png",300,300,true],"woocommerce_single":["https:\/\/gepa.pl\/wp-content\/uploads\/2025\/03\/@Greattowels-600x600.png",600,600,true],"woocommerce_gallery_thumbnail":["https:\/\/gepa.pl\/wp-content\/uploads\/2025\/03\/@Greattowels-100x100.png",100,100,true]},"uagb_author_info":{"display_name":"admin1816","author_link":"https:\/\/gepa.pl\/de\/author\/"},"uagb_comment_info":0,"uagb_excerpt":"R\u0119czniki z mikrofibry i hybrydowe poliestrowo-bawe\u0142niane \u0142\u0105cz\u0105 funkcjonalno\u015b\u0107 z wyj\u0105tkowym designem. Pe\u0142nokolorowy nadruk sublimacyjny zapewnia trwa\u0142o\u015b\u0107 i intensywne kolory. Mikrofibra gwarantuje superch\u0142onno\u015b\u0107 i szybkie schni\u0119cie, a hybrydowe po\u0142\u0105czenie poliestru z bawe\u0142n\u0105 \u0142\u0105czy komfort z trwa\u0142o\u015bci\u0105. Idealne do domu, na si\u0142owni\u0119, pla\u017c\u0119, do hoteli i jako gad\u017cet reklamowy. Mo\u017cliwo\u015b\u0107 personalizacji dowolnym wzorem lub logo. Dost\u0119pne w&hellip;","_links":{"self":[{"href":"https:\/\/gepa.pl\/de\/wp-json\/wp\/v2\/product\/6247","targetHints":{"allow":["GET"]}}],"collection":[{"href":"https:\/\/gepa.pl\/de\/wp-json\/wp\/v2\/product"}],"about":[{"href":"https:\/\/gepa.pl\/de\/wp-json\/wp\/v2\/types\/product"}],"wp:featuredmedia":[{"embeddable":true,"href":"https:\/\/gepa.pl\/de\/wp-json\/wp\/v2\/media\/6246"}],"wp:attachment":[{"href":"https:\/\/gepa.pl\/de\/wp-json\/wp\/v2\/media?parent=6247"}],"wp:term":[{"taxonomy":"product_brand","embeddable":true,"href":"https:\/\/gepa.pl\/de\/wp-json\/wp\/v2\/product_brand?post=6247"},{"taxonomy":"product_cat","embeddable":true,"href":"https:\/\/gepa.pl\/de\/wp-json\/wp\/v2\/product_cat?post=6247"},{"taxonomy":"product_tag","embeddable":true,"href":"https:\/\/gepa.pl\/de\/wp-json\/wp\/v2\/product_tag?post=6247"}],"curies":[{"name":"wp","href":"https:\/\/api.w.org\/{rel}","templated":true}]}}