{"id":6251,"date":"2025-03-08T15:45:41","date_gmt":"2025-03-08T14:45:41","guid":{"rendered":"https:\/\/new.gepa.pl\/?post_type=product&#038;p=6251"},"modified":"2025-03-08T16:04:58","modified_gmt":"2025-03-08T15:04:58","slug":"6251","status":"publish","type":"product","link":"https:\/\/gepa.pl\/de\/produkt\/6251\/","title":{"rendered":"Bambus-Kollektion f\u00fcr Kinder"},"content":{"rendered":"<h2 data-start=\"176\" data-end=\"278\"><strong data-start=\"179\" data-end=\"276\">Bambus-Textilkollektion f\u00fcr die Kleinsten - personalisierte L\u00f6sungen f\u00fcr Ihre Marke<\/strong><\/h2>\n<p data-start=\"280\" data-end=\"687\">Wir pr\u00e4sentieren eine einzigartige Kollektion von Babytextilien, die aus einer Kombination von Bambusfasern und Seegras hergestellt werden. Wir bieten eine breite Palette von Produkten, die ideal f\u00fcr die Babyausstattung sind, darunter Windeln, Handt\u00fccher, Badem\u00e4ntel, Waschlappen und Badem\u00e4ntel. Unsere Produkte zeichnen sich durch ihre au\u00dfergew\u00f6hnliche Weichheit, hohe Saugf\u00e4higkeit und antibakterielle Eigenschaften aus, die den Komfort und die Sicherheit der Kleinen gew\u00e4hrleisten.<\/p>\n<p data-start=\"689\" data-end=\"992\">Dank fortschrittlicher Produktionstechnologien erm\u00f6glichen wir eine vollst\u00e4ndige Personalisierung - gewebte Muster, Druck, Stickerei und andere Markierungsmethoden. Dies ist die ideale L\u00f6sung f\u00fcr Unternehmen und Werbeagenturen, die hochwertige Werbetextilien mit der M\u00f6glichkeit der individuellen Anpassung an die visuelle Identit\u00e4t der Marke suchen.<\/p>\n<p data-start=\"994\" data-end=\"1237\">Eltern und die Industrie vertrauen uns - unsere Produkte haben in renommierten Wettbewerben Auszeichnungen erhalten, darunter <strong data-start=\"1093\" data-end=\"1118\">Elternpreis 2021<\/strong> und der Titel <strong data-start=\"1130\" data-end=\"1155\">TOP 3 KINDERZEITSTAR<\/strong>. Entdecken Sie die M\u00f6glichkeiten der Personalisierung und kreieren Sie einzigartige Textilien f\u00fcr Ihre Marke!<\/p>\n<p data-start=\"1239\" data-end=\"1318\" data-is-last-node=\"\" data-is-only-node=\"\"><strong data-start=\"1239\" data-end=\"1318\" data-is-last-node=\"\">Wenden Sie sich an uns, um die vollst\u00e4ndige Palette und die verf\u00fcgbaren Kennzeichnungsoptionen zu erfahren.<\/strong><\/p>","protected":false},"excerpt":{"rendered":"<h2 data-start=\"176\" data-end=\"278\"><strong data-start=\"179\" data-end=\"276\">Bambus-Textilkollektion f\u00fcr die Kleinsten - personalisierte L\u00f6sungen f\u00fcr Ihre Marke -.\u00a0<\/strong><\/h2>\n<p>Die Pr\u00e4sentation dieser Produkte auf der Website ist derzeit in Vorbereitung und wird demn\u00e4chst hier im Detail erscheinen<\/p>\n<p>Wir laden Sie schon jetzt ein, Anfragen zu diesen tollen Produkten an uns zu richten!<\/p>","protected":false},"featured_media":6250,"template":"","meta":{"_uag_custom_page_level_css":""},"product_brand":[],"product_cat":[15,273],"product_tag":[275,274],"class_list":{"0":"post-6251","1":"product","2":"type-product","3":"status-publish","4":"has-post-thumbnail","6":"product_cat-bez-kategorii","7":"product_cat-kolekcja-bambusowa-dla-dzieci","8":"product_tag-promotionaltextiles-customizedproducts-bamboobabyessentials-babytowels-logoembroidery-ecofriendlytextiles-sustainablebusiness","9":"product_tag-tekstyliareklamowe-personalizowaneprodukty-bambusowawyprawka-pieluszkibambusowe-okryciakapielowe-recznikidzieciece-haftlogo-ekopromocja-zrownowazonyrozwoj","11":"first","12":"instock","13":"shipping-taxable","14":"purchasable","15":"product-type-simple"},"acf":[],"uagb_featured_image_src":{"full":["https:\/\/gepa.pl\/wp-content\/uploads\/2025\/03\/welcome-world.png",1000,1000,false],"thumbnail":["https:\/\/gepa.pl\/wp-content\/uploads\/2025\/03\/welcome-world-150x150.png",150,150,true],"medium":["https:\/\/gepa.pl\/wp-content\/uploads\/2025\/03\/welcome-world-300x300.png",300,300,true],"medium_large":["https:\/\/gepa.pl\/wp-content\/uploads\/2025\/03\/welcome-world-768x768.png",768,768,true],"large":["https:\/\/gepa.pl\/wp-content\/uploads\/2025\/03\/welcome-world.png",1000,1000,false],"1536x1536":["https:\/\/gepa.pl\/wp-content\/uploads\/2025\/03\/welcome-world.png",1000,1000,false],"2048x2048":["https:\/\/gepa.pl\/wp-content\/uploads\/2025\/03\/welcome-world.png",1000,1000,false],"trp-custom-language-flag":["https:\/\/gepa.pl\/wp-content\/uploads\/2025\/03\/welcome-world-12x12.png",12,12,true],"woocommerce_thumbnail":["https:\/\/gepa.pl\/wp-content\/uploads\/2025\/03\/welcome-world-300x300.png",300,300,true],"woocommerce_single":["https:\/\/gepa.pl\/wp-content\/uploads\/2025\/03\/welcome-world-600x600.png",600,600,true],"woocommerce_gallery_thumbnail":["https:\/\/gepa.pl\/wp-content\/uploads\/2025\/03\/welcome-world-100x100.png",100,100,true]},"uagb_author_info":{"display_name":"admin1816","author_link":"https:\/\/gepa.pl\/de\/author\/"},"uagb_comment_info":0,"uagb_excerpt":"Bambusowa kolekcja tekstyli\u00f3w dla najm\u0142odszych \u2013 personalizowane rozwi\u0105zania dla Twojej marki ---\u00a0 Prezentacja tych produkt\u00f3w w witrynie jest aktualnie przygotowywana i nied\u0142ugo pojawi\u0105 si\u0119 tutaj szczeg\u00f3\u0142owo prezentowane produkty W tej chwili zapraszamy do przesy\u0142ania zapyta\u0144 odno\u015bcie tych wspania\u0142ych produkt\u00f3w do nas!","_links":{"self":[{"href":"https:\/\/gepa.pl\/de\/wp-json\/wp\/v2\/product\/6251","targetHints":{"allow":["GET"]}}],"collection":[{"href":"https:\/\/gepa.pl\/de\/wp-json\/wp\/v2\/product"}],"about":[{"href":"https:\/\/gepa.pl\/de\/wp-json\/wp\/v2\/types\/product"}],"wp:featuredmedia":[{"embeddable":true,"href":"https:\/\/gepa.pl\/de\/wp-json\/wp\/v2\/media\/6250"}],"wp:attachment":[{"href":"https:\/\/gepa.pl\/de\/wp-json\/wp\/v2\/media?parent=6251"}],"wp:term":[{"taxonomy":"product_brand","embeddable":true,"href":"https:\/\/gepa.pl\/de\/wp-json\/wp\/v2\/product_brand?post=6251"},{"taxonomy":"product_cat","embeddable":true,"href":"https:\/\/gepa.pl\/de\/wp-json\/wp\/v2\/product_cat?post=6251"},{"taxonomy":"product_tag","embeddable":true,"href":"https:\/\/gepa.pl\/de\/wp-json\/wp\/v2\/product_tag?post=6251"}],"curies":[{"name":"wp","href":"https:\/\/api.w.org\/{rel}","templated":true}]}}