{"id":6364,"date":"2025-10-13T19:27:53","date_gmt":"2025-10-13T17:27:53","guid":{"rendered":"https:\/\/gepa.pl\/?post_type=product&#038;p=6364"},"modified":"2025-10-13T19:27:53","modified_gmt":"2025-10-13T17:27:53","slug":"myjka-z-gabka-z-mikrofibry-gp-nanoweave-1000","status":"publish","type":"product","link":"https:\/\/gepa.pl\/de\/produkt\/myjka-z-gabka-z-mikrofibry-gp-nanoweave-1000\/","title":{"rendered":"GP-NanoWeave 1000 Mikrofaser Schwammwaschanlage"},"content":{"rendered":"<p style=\"margin: 0in; font-family: Calibri; font-size: 16.0pt;\"><span style=\"font-weight: bold;\">GP-NanoWeave 1000 Mikrofaser-Waschmaschine mit absorbierendem Schaum<\/span><\/p>\n<p style=\"margin: 0in; font-family: Calibri; font-size: 11.0pt;\"><span style=\"font-weight: bold;\">Die neue Generation professioneller Werbewaschanlagen - kombiniert effektive Reinigung mit au\u00dfergew\u00f6hnlicher Druck\u00e4sthetik.<\/span><\/p>\n<p style=\"margin: 0in; font-family: Calibri; font-size: 11.0pt;\">Die oberste Schicht besteht aus einer speziellen Mikrofaser <span style=\"font-weight: bold;\">GP-NanoWeave 1000<\/span> - ein Material aus ultrafeinen Fasern mit einer mikrofeinen Struktur, das Staub, Schmutz und fettige Ablagerungen wirksam einf\u00e4ngt, anstatt sie zu verschmieren. So bleibt die Oberfl\u00e4che auch nach wiederholtem Gebrauch perfekt sauber und glatt, ohne Schlieren oder Kratzer.<\/p>\n<p style=\"margin: 0in; font-family: Calibri; font-size: 11.0pt;\">Das Innere des Produkts ist gef\u00fcllt mit <span style=\"font-weight: bold;\">hoch absorbierender Schaumstoff<\/span>Der Schaum verleiht der Waschmaschine Elastizit\u00e4t und eine perfekte Anpassung an die Hand. Der Schaumstoff verteilt Wasser und Reinigungsmittel gleichm\u00e4\u00dfig und erh\u00f6ht den Komfort und die Produktivit\u00e4t.<\/p>\n<p style=\"margin: 0in; font-family: Calibri; font-size: 11.0pt;\">Dank der Technologie <span style=\"font-weight: bold;\">Vollfarbsublimationsdruck<\/span>wird die Oberfl\u00e4che der Waschmaschine zum Medium f\u00fcr ausdrucksstarke Grafiken in fotografischer Qualit\u00e4t. Die Farben sind ges\u00e4ttigt, langlebig und waschbest\u00e4ndig - sie werden auch nach vielen Waschg\u00e4ngen nicht rei\u00dfen, verblassen oder ihre Tiefe verlieren. Es ist die ideale L\u00f6sung f\u00fcr Marken, die Folgendes kombinieren m\u00f6chten <span style=\"font-weight: bold;\">n\u00fctzliche Funktion mit einer attraktiven visuellen Botschaft<\/span>.<\/p>\n<p style=\"margin: 0in; font-family: Calibri; font-size: 11.0pt;\">Die GP-NanoWeave 1000-Waschmaschine ist eine Kombination aus <span style=\"font-weight: bold;\">Ergonomie, Haltbarkeit und Pr\u00e4zisionsdruck<\/span>das ein ebenso praktisches wie auff\u00e4lliges Produkt schafft. Perfekt f\u00fcr Werbezwecke, Automobil, Kosmetik, Haushaltsger\u00e4te oder Sport - wo immer es darauf ankommt. <span style=\"font-weight: bold;\">Sauberkeit, Qualit\u00e4t und Image<\/span>.<\/p>\n<p style=\"margin: 0in; font-family: Calibri; font-size: 11.0pt;\">","protected":false},"excerpt":{"rendered":"<p><strong data-start=\"189\" data-end=\"206\">Schwammwaschanlage<\/strong> wykonana z wysokiej jako\u015bci mikrofibry <strong data-start=\"246\" data-end=\"267\">GP-NanoWeave 1000<\/strong> i wype\u0142niona ch\u0142onn\u0105 piank\u0105, kt\u00f3ra zapewnia mi\u0119kko\u015b\u0107 i skuteczno\u015b\u0107 czyszczenia.<br data-start=\"347\" data-end=\"350\" \/>Dank der Technologie <strong data-start=\"369\" data-end=\"409\">Vollfarbsublimationsdruck<\/strong> powierzchnia myjki mo\u017ce zosta\u0107 dowolnie spersonalizowana \u2013 logo, grafika lub fotografia zachowuj\u0105 perfekcyjne odwzorowanie kolor\u00f3w i trwa\u0142o\u015b\u0107 nawet po wielu praniach.<br data-start=\"576\" data-end=\"579\" \/>Praktyczny, estetyczny i ekologiczny <strong data-start=\"616\" data-end=\"637\">produkt reklamowy<\/strong>, idealny do kampanii promocyjnych, zestaw\u00f3w firmowych lub jako u\u017cyteczny gad\u017cet codziennego u\u017cytku.<\/p>","protected":false},"featured_media":6357,"template":"","meta":{"_uag_custom_page_level_css":""},"product_brand":[],"product_cat":[208],"product_tag":[],"class_list":{"0":"post-6364","1":"product","2":"type-product","3":"status-publish","4":"has-post-thumbnail","6":"product_cat-tekstylia-domowe","8":"first","9":"instock","10":"shipping-taxable","11":"purchasable","12":"product-type-simple"},"acf":[],"uagb_featured_image_src":{"full":["https:\/\/gepa.pl\/wp-content\/uploads\/2025\/10\/SZablon-myjka-z-gabka-pur.jpg",1024,1536,false],"thumbnail":["https:\/\/gepa.pl\/wp-content\/uploads\/2025\/10\/SZablon-myjka-z-gabka-pur-150x150.jpg",150,150,true],"medium":["https:\/\/gepa.pl\/wp-content\/uploads\/2025\/10\/SZablon-myjka-z-gabka-pur-200x300.jpg",200,300,true],"medium_large":["https:\/\/gepa.pl\/wp-content\/uploads\/2025\/10\/SZablon-myjka-z-gabka-pur-768x1152.jpg",768,1152,true],"large":["https:\/\/gepa.pl\/wp-content\/uploads\/2025\/10\/SZablon-myjka-z-gabka-pur-683x1024.jpg",683,1024,true],"1536x1536":["https:\/\/gepa.pl\/wp-content\/uploads\/2025\/10\/SZablon-myjka-z-gabka-pur.jpg",1024,1536,false],"2048x2048":["https:\/\/gepa.pl\/wp-content\/uploads\/2025\/10\/SZablon-myjka-z-gabka-pur.jpg",1024,1536,false],"trp-custom-language-flag":["https:\/\/gepa.pl\/wp-content\/uploads\/2025\/10\/SZablon-myjka-z-gabka-pur-8x12.jpg",8,12,true],"woocommerce_thumbnail":["https:\/\/gepa.pl\/wp-content\/uploads\/2025\/10\/SZablon-myjka-z-gabka-pur-300x300.jpg",300,300,true],"woocommerce_single":["https:\/\/gepa.pl\/wp-content\/uploads\/2025\/10\/SZablon-myjka-z-gabka-pur-600x900.jpg",600,900,true],"woocommerce_gallery_thumbnail":["https:\/\/gepa.pl\/wp-content\/uploads\/2025\/10\/SZablon-myjka-z-gabka-pur-100x100.jpg",100,100,true]},"uagb_author_info":{"display_name":"admin1816","author_link":"https:\/\/gepa.pl\/de\/author\/"},"uagb_comment_info":0,"uagb_excerpt":"Myjka z G\u0105bk\u0105 wykonana z wysokiej jako\u015bci mikrofibry GP-NanoWeave 1000 i wype\u0142niona ch\u0142onn\u0105 piank\u0105, kt\u00f3ra zapewnia mi\u0119kko\u015b\u0107 i skuteczno\u015b\u0107 czyszczenia.Dzi\u0119ki technologii pe\u0142nokolorowego druku sublimacyjnego powierzchnia myjki mo\u017ce zosta\u0107 dowolnie spersonalizowana \u2013 logo, grafika lub fotografia zachowuj\u0105 perfekcyjne odwzorowanie kolor\u00f3w i trwa\u0142o\u015b\u0107 nawet po wielu praniach.Praktyczny, estetyczny i ekologiczny produkt reklamowy, idealny do kampanii promocyjnych, zestaw\u00f3w&hellip;","_links":{"self":[{"href":"https:\/\/gepa.pl\/de\/wp-json\/wp\/v2\/product\/6364","targetHints":{"allow":["GET"]}}],"collection":[{"href":"https:\/\/gepa.pl\/de\/wp-json\/wp\/v2\/product"}],"about":[{"href":"https:\/\/gepa.pl\/de\/wp-json\/wp\/v2\/types\/product"}],"wp:featuredmedia":[{"embeddable":true,"href":"https:\/\/gepa.pl\/de\/wp-json\/wp\/v2\/media\/6357"}],"wp:attachment":[{"href":"https:\/\/gepa.pl\/de\/wp-json\/wp\/v2\/media?parent=6364"}],"wp:term":[{"taxonomy":"product_brand","embeddable":true,"href":"https:\/\/gepa.pl\/de\/wp-json\/wp\/v2\/product_brand?post=6364"},{"taxonomy":"product_cat","embeddable":true,"href":"https:\/\/gepa.pl\/de\/wp-json\/wp\/v2\/product_cat?post=6364"},{"taxonomy":"product_tag","embeddable":true,"href":"https:\/\/gepa.pl\/de\/wp-json\/wp\/v2\/product_tag?post=6364"}],"curies":[{"name":"wp","href":"https:\/\/api.w.org\/{rel}","templated":true}]}}