{"id":5189,"date":"2025-02-14T09:25:14","date_gmt":"2025-02-14T08:25:14","guid":{"rendered":"https:\/\/new.gepa.pl\/?page_id=5189"},"modified":"2026-02-10T18:28:49","modified_gmt":"2026-02-10T17:28:49","slug":"strona-glowna","status":"publish","type":"page","link":"https:\/\/gepa.pl\/en\/","title":{"rendered":"Home Page"},"content":{"rendered":"<div class=\"wp-block-group is-nowrap is-layout-flex wp-container-core-group-is-layout-6c531013 wp-block-group-is-layout-flex\"><div class=\"wp-block-group is-nowrap is-layout-flex wp-container-core-group-is-layout-6c531013 wp-block-group-is-layout-flex\"><\/div><\/div><div class=\"wp-block-group has-global-padding is-layout-constrained wp-container-core-group-is-layout-8eaf72d3 wp-block-group-is-layout-constrained\"><figure class=\"wp-block-gallery has-nested-images columns-4 is-cropped wp-block-gallery-1 is-layout-flex wp-block-gallery-is-layout-flex\"><figure class=\"wp-block-image size-large\"><img loading=\"lazy\" decoding=\"async\" width=\"1000\" height=\"1000\" data-id=\"3797\" src=\"https:\/\/gepa.pl\/wp-content\/uploads\/2021\/06\/25mm-subli-zlaczka-okladka.png\" alt=\"Gepa shop customized sublimation lanyard 25mm clip hooks\" class=\"wp-image-3797\" srcset=\"https:\/\/gepa.pl\/wp-content\/uploads\/2021\/06\/25mm-subli-zlaczka-okladka.png 1000w, https:\/\/gepa.pl\/wp-content\/uploads\/2021\/06\/25mm-subli-zlaczka-okladka-300x300.png 300w, https:\/\/gepa.pl\/wp-content\/uploads\/2021\/06\/25mm-subli-zlaczka-okladka-100x100.png 100w, https:\/\/gepa.pl\/wp-content\/uploads\/2021\/06\/25mm-subli-zlaczka-okladka-600x600.png 600w, https:\/\/gepa.pl\/wp-content\/uploads\/2021\/06\/25mm-subli-zlaczka-okladka-150x150.png 150w, https:\/\/gepa.pl\/wp-content\/uploads\/2021\/06\/25mm-subli-zlaczka-okladka-768x768.png 768w, https:\/\/gepa.pl\/wp-content\/uploads\/2021\/06\/25mm-subli-zlaczka-okladka-12x12.png 12w\" sizes=\"auto, (max-width: 1000px) 100vw, 1000px\" \/><\/figure>\n\n<figure class=\"wp-block-image size-large\"><img loading=\"lazy\" decoding=\"async\" width=\"1000\" height=\"1000\" data-id=\"3790\" src=\"https:\/\/gepa.pl\/wp-content\/uploads\/2021\/06\/20mm-subli2.png\" alt=\"Gepa shop customized sublimation lanyard blue 20mm\" class=\"wp-image-3790\" srcset=\"https:\/\/gepa.pl\/wp-content\/uploads\/2021\/06\/20mm-subli2.png 1000w, https:\/\/gepa.pl\/wp-content\/uploads\/2021\/06\/20mm-subli2-300x300.png 300w, https:\/\/gepa.pl\/wp-content\/uploads\/2021\/06\/20mm-subli2-100x100.png 100w, https:\/\/gepa.pl\/wp-content\/uploads\/2021\/06\/20mm-subli2-600x600.png 600w, https:\/\/gepa.pl\/wp-content\/uploads\/2021\/06\/20mm-subli2-150x150.png 150w, https:\/\/gepa.pl\/wp-content\/uploads\/2021\/06\/20mm-subli2-768x768.png 768w, https:\/\/gepa.pl\/wp-content\/uploads\/2021\/06\/20mm-subli2-12x12.png 12w\" sizes=\"auto, (max-width: 1000px) 100vw, 1000px\" \/><\/figure>\n\n<figure class=\"wp-block-image size-large\"><img loading=\"lazy\" decoding=\"async\" width=\"1000\" height=\"1000\" data-id=\"3765\" src=\"https:\/\/gepa.pl\/wp-content\/uploads\/2021\/06\/15mm-subli-bezpiecznik-zlaczka-1.png\" alt=\"Gepa shop promotional items sublimation lanyard green 15mm\" class=\"wp-image-3765\" srcset=\"https:\/\/gepa.pl\/wp-content\/uploads\/2021\/06\/15mm-subli-bezpiecznik-zlaczka-1.png 1000w, https:\/\/gepa.pl\/wp-content\/uploads\/2021\/06\/15mm-subli-bezpiecznik-zlaczka-1-300x300.png 300w, https:\/\/gepa.pl\/wp-content\/uploads\/2021\/06\/15mm-subli-bezpiecznik-zlaczka-1-100x100.png 100w, https:\/\/gepa.pl\/wp-content\/uploads\/2021\/06\/15mm-subli-bezpiecznik-zlaczka-1-600x600.png 600w, https:\/\/gepa.pl\/wp-content\/uploads\/2021\/06\/15mm-subli-bezpiecznik-zlaczka-1-150x150.png 150w, https:\/\/gepa.pl\/wp-content\/uploads\/2021\/06\/15mm-subli-bezpiecznik-zlaczka-1-768x768.png 768w, https:\/\/gepa.pl\/wp-content\/uploads\/2021\/06\/15mm-subli-bezpiecznik-zlaczka-1-12x12.png 12w\" sizes=\"auto, (max-width: 1000px) 100vw, 1000px\" \/><\/figure>\n\n<figure class=\"wp-block-image size-large\"><img loading=\"lazy\" decoding=\"async\" width=\"1024\" height=\"1024\" data-id=\"3905\" src=\"https:\/\/gepa.pl\/wp-content\/uploads\/2021\/06\/Nailfile-8cm-okladka-px-1024x1024.png\" alt=\"Gepa sklep pilnik do paznokci 8cm r\u00f3\u017cne kolory\" class=\"wp-image-3905\" srcset=\"https:\/\/gepa.pl\/wp-content\/uploads\/2021\/06\/Nailfile-8cm-okladka-px-1024x1024.png 1024w, https:\/\/gepa.pl\/wp-content\/uploads\/2021\/06\/Nailfile-8cm-okladka-px-300x300.png 300w, https:\/\/gepa.pl\/wp-content\/uploads\/2021\/06\/Nailfile-8cm-okladka-px-100x100.png 100w, https:\/\/gepa.pl\/wp-content\/uploads\/2021\/06\/Nailfile-8cm-okladka-px-600x600.png 600w, https:\/\/gepa.pl\/wp-content\/uploads\/2021\/06\/Nailfile-8cm-okladka-px-150x150.png 150w, https:\/\/gepa.pl\/wp-content\/uploads\/2021\/06\/Nailfile-8cm-okladka-px-768x768.png 768w, https:\/\/gepa.pl\/wp-content\/uploads\/2021\/06\/Nailfile-8cm-okladka-px-1536x1536.png 1536w, https:\/\/gepa.pl\/wp-content\/uploads\/2021\/06\/Nailfile-8cm-okladka-px-2048x2048.png 2048w, https:\/\/gepa.pl\/wp-content\/uploads\/2021\/06\/Nailfile-8cm-okladka-px-12x12.png 12w\" sizes=\"auto, (max-width: 1024px) 100vw, 1024px\" \/><\/figure>\n\n<figure class=\"wp-block-image size-large\"><img loading=\"lazy\" decoding=\"async\" width=\"1000\" height=\"1000\" data-id=\"3878\" src=\"https:\/\/gepa.pl\/wp-content\/uploads\/2021\/06\/proba-Bandana-1.png\" alt=\"Gepa shop customized Bandana Headloop flowers\" class=\"wp-image-3878\" srcset=\"https:\/\/gepa.pl\/wp-content\/uploads\/2021\/06\/proba-Bandana-1.png 1000w, https:\/\/gepa.pl\/wp-content\/uploads\/2021\/06\/proba-Bandana-1-300x300.png 300w, https:\/\/gepa.pl\/wp-content\/uploads\/2021\/06\/proba-Bandana-1-100x100.png 100w, https:\/\/gepa.pl\/wp-content\/uploads\/2021\/06\/proba-Bandana-1-600x600.png 600w, https:\/\/gepa.pl\/wp-content\/uploads\/2021\/06\/proba-Bandana-1-150x150.png 150w, https:\/\/gepa.pl\/wp-content\/uploads\/2021\/06\/proba-Bandana-1-768x768.png 768w, https:\/\/gepa.pl\/wp-content\/uploads\/2021\/06\/proba-Bandana-1-12x12.png 12w\" sizes=\"auto, (max-width: 1000px) 100vw, 1000px\" \/><\/figure>\n\n<figure class=\"wp-block-image size-large\"><img loading=\"lazy\" decoding=\"async\" width=\"500\" height=\"500\" data-id=\"3869\" src=\"https:\/\/gepa.pl\/wp-content\/uploads\/2021\/06\/Pokrowiec-Mask-2-1.png\" alt=\"Gepa skosmetyczka na mask\u0119 ffp2\" class=\"wp-image-3869\" srcset=\"https:\/\/gepa.pl\/wp-content\/uploads\/2021\/06\/Pokrowiec-Mask-2-1.png 500w, https:\/\/gepa.pl\/wp-content\/uploads\/2021\/06\/Pokrowiec-Mask-2-1-300x300.png 300w, https:\/\/gepa.pl\/wp-content\/uploads\/2021\/06\/Pokrowiec-Mask-2-1-100x100.png 100w, https:\/\/gepa.pl\/wp-content\/uploads\/2021\/06\/Pokrowiec-Mask-2-1-150x150.png 150w, https:\/\/gepa.pl\/wp-content\/uploads\/2021\/06\/Pokrowiec-Mask-2-1-12x12.png 12w\" sizes=\"auto, (max-width: 500px) 100vw, 500px\" \/><\/figure>\n\n<figure class=\"wp-block-image size-large\"><img loading=\"lazy\" decoding=\"async\" width=\"1000\" height=\"1000\" data-id=\"3724\" src=\"https:\/\/gepa.pl\/wp-content\/uploads\/2021\/06\/TOKYO-zielona-torba-bawelniana-.png\" alt=\"Gepa shop high quality cotton bag green Tokyo\" class=\"wp-image-3724\" srcset=\"https:\/\/gepa.pl\/wp-content\/uploads\/2021\/06\/TOKYO-zielona-torba-bawelniana-.png 1000w, https:\/\/gepa.pl\/wp-content\/uploads\/2021\/06\/TOKYO-zielona-torba-bawelniana--300x300.png 300w, https:\/\/gepa.pl\/wp-content\/uploads\/2021\/06\/TOKYO-zielona-torba-bawelniana--100x100.png 100w, https:\/\/gepa.pl\/wp-content\/uploads\/2021\/06\/TOKYO-zielona-torba-bawelniana--600x600.png 600w, https:\/\/gepa.pl\/wp-content\/uploads\/2021\/06\/TOKYO-zielona-torba-bawelniana--150x150.png 150w, https:\/\/gepa.pl\/wp-content\/uploads\/2021\/06\/TOKYO-zielona-torba-bawelniana--768x768.png 768w, https:\/\/gepa.pl\/wp-content\/uploads\/2021\/06\/TOKYO-zielona-torba-bawelniana--12x12.png 12w\" sizes=\"auto, (max-width: 1000px) 100vw, 1000px\" \/><\/figure>\n\n<figure class=\"wp-block-image size-large\"><img loading=\"lazy\" decoding=\"async\" width=\"1000\" height=\"1000\" data-id=\"3743\" src=\"https:\/\/gepa.pl\/wp-content\/uploads\/2021\/06\/NEW-DELHI-torba-bawelniana-tyl.png\" alt=\"Gepa sklep torba bawe\u0142niana new delhi z nadrukiem d\u0142ugie bawe\u0142niane uszy\" class=\"wp-image-3743\" srcset=\"https:\/\/gepa.pl\/wp-content\/uploads\/2021\/06\/NEW-DELHI-torba-bawelniana-tyl.png 1000w, https:\/\/gepa.pl\/wp-content\/uploads\/2021\/06\/NEW-DELHI-torba-bawelniana-tyl-300x300.png 300w, https:\/\/gepa.pl\/wp-content\/uploads\/2021\/06\/NEW-DELHI-torba-bawelniana-tyl-100x100.png 100w, https:\/\/gepa.pl\/wp-content\/uploads\/2021\/06\/NEW-DELHI-torba-bawelniana-tyl-600x600.png 600w, https:\/\/gepa.pl\/wp-content\/uploads\/2021\/06\/NEW-DELHI-torba-bawelniana-tyl-150x150.png 150w, https:\/\/gepa.pl\/wp-content\/uploads\/2021\/06\/NEW-DELHI-torba-bawelniana-tyl-768x768.png 768w, https:\/\/gepa.pl\/wp-content\/uploads\/2021\/06\/NEW-DELHI-torba-bawelniana-tyl-12x12.png 12w\" sizes=\"auto, (max-width: 1000px) 100vw, 1000px\" \/><\/figure><\/figure><\/div><p><\/p>","protected":false},"excerpt":{"rendered":"","protected":false},"author":1,"featured_media":0,"parent":0,"menu_order":0,"comment_status":"closed","ping_status":"closed","template":"","meta":{"_uag_custom_page_level_css":"","footnotes":""},"class_list":["post-5189","page","type-page","status-publish","hentry"],"acf":[],"uagb_featured_image_src":{"full":false,"thumbnail":false,"medium":false,"medium_large":false,"large":false,"1536x1536":false,"2048x2048":false,"trp-custom-language-flag":false,"woocommerce_thumbnail":false,"woocommerce_single":false,"woocommerce_gallery_thumbnail":false},"uagb_author_info":{"display_name":"admin1816","author_link":"https:\/\/gepa.pl\/en\/author\/admin1816\/"},"uagb_comment_info":0,"uagb_excerpt":null,"_links":{"self":[{"href":"https:\/\/gepa.pl\/en\/wp-json\/wp\/v2\/pages\/5189","targetHints":{"allow":["GET"]}}],"collection":[{"href":"https:\/\/gepa.pl\/en\/wp-json\/wp\/v2\/pages"}],"about":[{"href":"https:\/\/gepa.pl\/en\/wp-json\/wp\/v2\/types\/page"}],"author":[{"embeddable":true,"href":"https:\/\/gepa.pl\/en\/wp-json\/wp\/v2\/users\/1"}],"replies":[{"embeddable":true,"href":"https:\/\/gepa.pl\/en\/wp-json\/wp\/v2\/comments?post=5189"}],"version-history":[{"count":7,"href":"https:\/\/gepa.pl\/en\/wp-json\/wp\/v2\/pages\/5189\/revisions"}],"predecessor-version":[{"id":6418,"href":"https:\/\/gepa.pl\/en\/wp-json\/wp\/v2\/pages\/5189\/revisions\/6418"}],"wp:attachment":[{"href":"https:\/\/gepa.pl\/en\/wp-json\/wp\/v2\/media?parent=5189"}],"curies":[{"name":"wp","href":"https:\/\/api.w.org\/{rel}","templated":true}]}}