{"id":3193,"date":"2021-06-02T12:23:06","date_gmt":"2021-06-02T12:23:06","guid":{"rendered":"https:\/\/gepa.pl\/?post_type=product&amp;p=3193"},"modified":"2021-06-02T12:23:06","modified_gmt":"2021-06-02T12:23:06","slug":"smycz-sublimacyjna-20mm","status":"publish","type":"product","link":"https:\/\/gepa.pl\/en\/product\/smycz-sublimacyjna-20mm\/","title":{"rendered":"20mm sublimation lanyard"},"content":{"rendered":"","protected":false},"excerpt":{"rendered":"<p>Sublimation lanyard with a width of 20mm. Tape manufactured in Poland from high quality polyester. Lanyards of this width are the most frequently chosen by our customers as well as customers in most industries, making it one of the most standard products. The abundance of accessories for this particular tape width guarantees the largest number of configurations when designing a lanyard, which reflects very positively on the design possibilities of printing on the ribbon. The sublimation printing technique is characterized by freedom in the choice of the color of the ribbon, pantone or CMYK colors are printed directly on the white ribbon, as well as the print designed on them. Due to the huge possibilities of sublimation printing, the sublimation lanyard is one of the most popular advertising products around the world.<\/p>\n<p>We offer the possibility 100% to personalize the product to your needs!<\/p>","protected":false},"featured_media":3783,"template":"","meta":{"_uag_custom_page_level_css":""},"product_brand":[],"product_cat":[42,43],"product_tag":[],"class_list":{"0":"post-3193","1":"product","2":"type-product","3":"status-publish","4":"has-post-thumbnail","6":"product_cat-smycze","7":"product_cat-smycze-sublimacyjne","9":"first","10":"instock","11":"shipping-taxable","12":"purchasable","13":"product-type-simple"},"acf":[],"uagb_featured_image_src":{"full":["https:\/\/gepa.pl\/wp-content\/uploads\/2021\/06\/20mm-subli-bezpiecznik1.png",1000,1000,false],"thumbnail":["https:\/\/gepa.pl\/wp-content\/uploads\/2021\/06\/20mm-subli-bezpiecznik1-150x150.png",150,150,true],"medium":["https:\/\/gepa.pl\/wp-content\/uploads\/2021\/06\/20mm-subli-bezpiecznik1-300x300.png",300,300,true],"medium_large":["https:\/\/gepa.pl\/wp-content\/uploads\/2021\/06\/20mm-subli-bezpiecznik1-768x768.png",768,768,true],"large":["https:\/\/gepa.pl\/wp-content\/uploads\/2021\/06\/20mm-subli-bezpiecznik1.png",1000,1000,false],"1536x1536":["https:\/\/gepa.pl\/wp-content\/uploads\/2021\/06\/20mm-subli-bezpiecznik1.png",1000,1000,false],"2048x2048":["https:\/\/gepa.pl\/wp-content\/uploads\/2021\/06\/20mm-subli-bezpiecznik1.png",1000,1000,false],"trp-custom-language-flag":["https:\/\/gepa.pl\/wp-content\/uploads\/2021\/06\/20mm-subli-bezpiecznik1-12x12.png",12,12,true],"woocommerce_thumbnail":["https:\/\/gepa.pl\/wp-content\/uploads\/2021\/06\/20mm-subli-bezpiecznik1-300x300.png",300,300,true],"woocommerce_single":["https:\/\/gepa.pl\/wp-content\/uploads\/2021\/06\/20mm-subli-bezpiecznik1-600x600.png",600,600,true],"woocommerce_gallery_thumbnail":["https:\/\/gepa.pl\/wp-content\/uploads\/2021\/06\/20mm-subli-bezpiecznik1-100x100.png",100,100,true]},"uagb_author_info":{"display_name":"admin1816","author_link":"https:\/\/gepa.pl\/en\/author\/"},"uagb_comment_info":0,"uagb_excerpt":"Smycz sublimacyjna o szeroko\u015bci 20mm. Ta\u015bma wyprodukowana w Polsce z wysokiej jako\u015bci poliestru. Smycze o tej szeroko\u015bci s\u0105 najcz\u0119\u015bciej wybierane przez naszych klient\u00f3w jak i klient\u00f3w w wi\u0119kszo\u015bci bran\u017c, co czyni je jednym z najbardziej standardowych produkt\u00f3w. Bogata ilo\u015b\u0107 akcesori\u00f3w do tej konkretnej szeroko\u015bci ta\u015bmy gwarantuje najwi\u0119ksz\u0105 ilo\u015b\u0107 konfiguracji przy projektowaniu smyczy, co bardzo pozytywnie&hellip;","_links":{"self":[{"href":"https:\/\/gepa.pl\/en\/wp-json\/wp\/v2\/product\/3193","targetHints":{"allow":["GET"]}}],"collection":[{"href":"https:\/\/gepa.pl\/en\/wp-json\/wp\/v2\/product"}],"about":[{"href":"https:\/\/gepa.pl\/en\/wp-json\/wp\/v2\/types\/product"}],"wp:featuredmedia":[{"embeddable":true,"href":"https:\/\/gepa.pl\/en\/wp-json\/wp\/v2\/media\/3783"}],"wp:attachment":[{"href":"https:\/\/gepa.pl\/en\/wp-json\/wp\/v2\/media?parent=3193"}],"wp:term":[{"taxonomy":"product_brand","embeddable":true,"href":"https:\/\/gepa.pl\/en\/wp-json\/wp\/v2\/product_brand?post=3193"},{"taxonomy":"product_cat","embeddable":true,"href":"https:\/\/gepa.pl\/en\/wp-json\/wp\/v2\/product_cat?post=3193"},{"taxonomy":"product_tag","embeddable":true,"href":"https:\/\/gepa.pl\/en\/wp-json\/wp\/v2\/product_tag?post=3193"}],"curies":[{"name":"wp","href":"https:\/\/api.w.org\/{rel}","templated":true}]}}