{"id":3194,"date":"2021-06-02T12:23:43","date_gmt":"2021-06-02T12:23:43","guid":{"rendered":"https:\/\/gepa.pl\/?post_type=product&amp;p=3194"},"modified":"2021-06-02T12:23:43","modified_gmt":"2021-06-02T12:23:43","slug":"smycz-sublimacyjna-25mm","status":"publish","type":"product","link":"https:\/\/gepa.pl\/en\/product\/smycz-sublimacyjna-25mm\/","title":{"rendered":"Sublimation lanyard 25mm"},"content":{"rendered":"","protected":false},"excerpt":{"rendered":"<p>Sublimation lanyard with a width of 25mm. Tape manufactured in Poland from high quality polyester. The width of the tape and strong stitching allow you to attach heavier objects to the lanyard. Increased width of the tape guarantees better visibility of the logo as well as definitely better comfort of wearing the lanyard itself around the neck. The sublimation printing technique is characterized by freedom of choice in selecting the color of the ribbon (Pantone or CMYK colors are printed directly on the white tape) as well as the imprint designed on them. Due to the huge possibilities of sublimation printing, these lanyards are one of the most popular advertising products around the world.<\/p>\n<p>We offer the possibility 100% to personalize the product to your needs!<\/p>","protected":false},"featured_media":3791,"template":"","meta":{"_uag_custom_page_level_css":""},"product_brand":[],"product_cat":[42,43],"product_tag":[],"class_list":{"0":"post-3194","1":"product","2":"type-product","3":"status-publish","4":"has-post-thumbnail","6":"product_cat-smycze","7":"product_cat-smycze-sublimacyjne","9":"first","10":"instock","11":"shipping-taxable","12":"purchasable","13":"product-type-simple"},"acf":[],"uagb_featured_image_src":{"full":["https:\/\/gepa.pl\/wp-content\/uploads\/2021\/06\/25mm-subli-zlaczka.png",1000,1000,false],"thumbnail":["https:\/\/gepa.pl\/wp-content\/uploads\/2021\/06\/25mm-subli-zlaczka-150x150.png",150,150,true],"medium":["https:\/\/gepa.pl\/wp-content\/uploads\/2021\/06\/25mm-subli-zlaczka-300x300.png",300,300,true],"medium_large":["https:\/\/gepa.pl\/wp-content\/uploads\/2021\/06\/25mm-subli-zlaczka-768x768.png",768,768,true],"large":["https:\/\/gepa.pl\/wp-content\/uploads\/2021\/06\/25mm-subli-zlaczka.png",1000,1000,false],"1536x1536":["https:\/\/gepa.pl\/wp-content\/uploads\/2021\/06\/25mm-subli-zlaczka.png",1000,1000,false],"2048x2048":["https:\/\/gepa.pl\/wp-content\/uploads\/2021\/06\/25mm-subli-zlaczka.png",1000,1000,false],"trp-custom-language-flag":["https:\/\/gepa.pl\/wp-content\/uploads\/2021\/06\/25mm-subli-zlaczka-12x12.png",12,12,true],"woocommerce_thumbnail":["https:\/\/gepa.pl\/wp-content\/uploads\/2021\/06\/25mm-subli-zlaczka-300x300.png",300,300,true],"woocommerce_single":["https:\/\/gepa.pl\/wp-content\/uploads\/2021\/06\/25mm-subli-zlaczka-600x600.png",600,600,true],"woocommerce_gallery_thumbnail":["https:\/\/gepa.pl\/wp-content\/uploads\/2021\/06\/25mm-subli-zlaczka-100x100.png",100,100,true]},"uagb_author_info":{"display_name":"admin1816","author_link":"https:\/\/gepa.pl\/en\/author\/"},"uagb_comment_info":0,"uagb_excerpt":"Smycz sublimacyjna o szeroko\u015bci 25mm. Ta\u015bma wyprodukowana w Polsce z wysokiej jako\u015bci poliestru. Szeroko\u015b\u0107 ta\u015bmy oraz mocne szwy pozwalaj\u0105 na dopinanie do smyczy ci\u0119\u017cszych przedmiot\u00f3w. Zwi\u0119kszona szeroko\u015b\u0107 ta\u015bmy gwarantuje lepsz\u0105 widoczno\u015b\u0107 logotypu jak i zdecydowanie lepsz\u0105 wygod\u0119 noszenia samej smyczy na szyi. Technika nadruku sublimacyjnego cechuje si\u0119 dowolno\u015bci\u0105 w wyborze koloru tasiemki (kolory pantone b\u0105d\u017a&hellip;","_links":{"self":[{"href":"https:\/\/gepa.pl\/en\/wp-json\/wp\/v2\/product\/3194","targetHints":{"allow":["GET"]}}],"collection":[{"href":"https:\/\/gepa.pl\/en\/wp-json\/wp\/v2\/product"}],"about":[{"href":"https:\/\/gepa.pl\/en\/wp-json\/wp\/v2\/types\/product"}],"wp:featuredmedia":[{"embeddable":true,"href":"https:\/\/gepa.pl\/en\/wp-json\/wp\/v2\/media\/3791"}],"wp:attachment":[{"href":"https:\/\/gepa.pl\/en\/wp-json\/wp\/v2\/media?parent=3194"}],"wp:term":[{"taxonomy":"product_brand","embeddable":true,"href":"https:\/\/gepa.pl\/en\/wp-json\/wp\/v2\/product_brand?post=3194"},{"taxonomy":"product_cat","embeddable":true,"href":"https:\/\/gepa.pl\/en\/wp-json\/wp\/v2\/product_cat?post=3194"},{"taxonomy":"product_tag","embeddable":true,"href":"https:\/\/gepa.pl\/en\/wp-json\/wp\/v2\/product_tag?post=3194"}],"curies":[{"name":"wp","href":"https:\/\/api.w.org\/{rel}","templated":true}]}}