{"id":3197,"date":"2021-06-02T12:34:56","date_gmt":"2021-06-02T12:34:56","guid":{"rendered":"https:\/\/gepa.pl\/?post_type=product&amp;p=3197"},"modified":"2021-06-02T12:34:56","modified_gmt":"2021-06-02T12:34:56","slug":"smycz-sitodrukowa-20mm","status":"publish","type":"product","link":"https:\/\/gepa.pl\/en\/product\/smycz-sitodrukowa-20mm\/","title":{"rendered":"20mm screen printed lanyard"},"content":{"rendered":"","protected":false},"excerpt":{"rendered":"<p>Screen printing lanyard with a width of 20mm, made of polyester. This width variant is the most frequently chosen by our customers, as well as customers around the world, making this width tape the most popular. It is available in crimped tape as well as standard flat tape. Screen printed lanyards are one of the older advertising products on the market. They are chosen by customers less and less often as a way to promote their brand, but it gives them a unique retro type character, strongly appreciated nowadays.<\/p>\n<p>We offer the possibility 100% to personalize the product to your needs!<\/p>","protected":false},"featured_media":3980,"template":"","meta":{"_uag_custom_page_level_css":""},"product_brand":[],"product_cat":[42,65],"product_tag":[],"class_list":{"0":"post-3197","1":"product","2":"type-product","3":"status-publish","4":"has-post-thumbnail","6":"product_cat-smycze","7":"product_cat-smycze-sitodrukowe","9":"first","10":"instock","11":"shipping-taxable","12":"purchasable","13":"product-type-simple"},"acf":[],"uagb_featured_image_src":{"full":["https:\/\/gepa.pl\/wp-content\/uploads\/2021\/06\/20mm-screenprint-lanyards-hook-swievel-buckle.png",4168,4168,false],"thumbnail":["https:\/\/gepa.pl\/wp-content\/uploads\/2021\/06\/20mm-screenprint-lanyards-hook-swievel-buckle-150x150.png",150,150,true],"medium":["https:\/\/gepa.pl\/wp-content\/uploads\/2021\/06\/20mm-screenprint-lanyards-hook-swievel-buckle-300x300.png",300,300,true],"medium_large":["https:\/\/gepa.pl\/wp-content\/uploads\/2021\/06\/20mm-screenprint-lanyards-hook-swievel-buckle-768x768.png",768,768,true],"large":["https:\/\/gepa.pl\/wp-content\/uploads\/2021\/06\/20mm-screenprint-lanyards-hook-swievel-buckle-1024x1024.png",1024,1024,true],"1536x1536":["https:\/\/gepa.pl\/wp-content\/uploads\/2021\/06\/20mm-screenprint-lanyards-hook-swievel-buckle-1536x1536.png",1536,1536,true],"2048x2048":["https:\/\/gepa.pl\/wp-content\/uploads\/2021\/06\/20mm-screenprint-lanyards-hook-swievel-buckle-2048x2048.png",2048,2048,true],"trp-custom-language-flag":["https:\/\/gepa.pl\/wp-content\/uploads\/2021\/06\/20mm-screenprint-lanyards-hook-swievel-buckle-12x12.png",12,12,true],"woocommerce_thumbnail":["https:\/\/gepa.pl\/wp-content\/uploads\/2021\/06\/20mm-screenprint-lanyards-hook-swievel-buckle-300x300.png",300,300,true],"woocommerce_single":["https:\/\/gepa.pl\/wp-content\/uploads\/2021\/06\/20mm-screenprint-lanyards-hook-swievel-buckle-600x600.png",600,600,true],"woocommerce_gallery_thumbnail":["https:\/\/gepa.pl\/wp-content\/uploads\/2021\/06\/20mm-screenprint-lanyards-hook-swievel-buckle-100x100.png",100,100,true]},"uagb_author_info":{"display_name":"admin1816","author_link":"https:\/\/gepa.pl\/en\/author\/"},"uagb_comment_info":0,"uagb_excerpt":"Smycz sitodrukowa o szeroko\u015bci 20mm, wykonana z poliestru. Ten wariant szeroko\u015bciowy jest najcz\u0119\u015bciej wybierany przez naszych klient\u00f3w, jak i klient\u00f3w na ca\u0142ym \u015bwiecie, dzi\u0119ki czemu ta\u015bma tej szeroko\u015bci jest najbardziej popularna. Dost\u0119pna w wersji z ta\u015bm\u0105 karbowan\u0105 jak i ta\u015bm\u0105 p\u0142ask\u0105 standardow\u0105. Smycze sitodrukowe s\u0105 jednym ze starszych produkt\u00f3w reklamowych na rynku. Wybierane przez klient\u00f3w&hellip;","_links":{"self":[{"href":"https:\/\/gepa.pl\/en\/wp-json\/wp\/v2\/product\/3197","targetHints":{"allow":["GET"]}}],"collection":[{"href":"https:\/\/gepa.pl\/en\/wp-json\/wp\/v2\/product"}],"about":[{"href":"https:\/\/gepa.pl\/en\/wp-json\/wp\/v2\/types\/product"}],"wp:featuredmedia":[{"embeddable":true,"href":"https:\/\/gepa.pl\/en\/wp-json\/wp\/v2\/media\/3980"}],"wp:attachment":[{"href":"https:\/\/gepa.pl\/en\/wp-json\/wp\/v2\/media?parent=3197"}],"wp:term":[{"taxonomy":"product_brand","embeddable":true,"href":"https:\/\/gepa.pl\/en\/wp-json\/wp\/v2\/product_brand?post=3197"},{"taxonomy":"product_cat","embeddable":true,"href":"https:\/\/gepa.pl\/en\/wp-json\/wp\/v2\/product_cat?post=3197"},{"taxonomy":"product_tag","embeddable":true,"href":"https:\/\/gepa.pl\/en\/wp-json\/wp\/v2\/product_tag?post=3197"}],"curies":[{"name":"wp","href":"https:\/\/api.w.org\/{rel}","templated":true}]}}