{"id":3242,"date":"2021-06-03T22:24:28","date_gmt":"2021-06-03T22:24:28","guid":{"rendered":"https:\/\/gepa.pl\/?post_type=product&amp;p=3242"},"modified":"2021-06-03T22:24:28","modified_gmt":"2021-06-03T22:24:28","slug":"torba-bawelniana-delhi-2","status":"publish","type":"product","link":"https:\/\/gepa.pl\/en\/product\/torba-bawelniana-delhi-2\/","title":{"rendered":"DELHI cotton bag"},"content":{"rendered":"","protected":false},"excerpt":{"rendered":"<p>Cotton bag, vertical or horizontal with bottom widening, available in different weights and colors of cotton. Bag handles made of the same cotton, adjusted in weight to the body.<\/p>\n<p>Interesting fact - DELHI is the second largest city in the world. According to legend, over the years, seven cities of Delhi were built on top of each other and next to each other ! The average annual temperature is 25 degrees, this makes our bag model \"DELHI\" an extremely hot product.<\/p>\n<p>We offer the possibility 100% to personalize the product to your needs!<\/p>","protected":false},"featured_media":3745,"template":"","meta":{"_uag_custom_page_level_css":""},"product_brand":[],"product_cat":[36,37],"product_tag":[],"class_list":{"0":"post-3242","1":"product","2":"type-product","3":"status-publish","4":"has-post-thumbnail","6":"product_cat-torby","7":"product_cat-torby-tekstylne","9":"first","10":"instock","11":"shipping-taxable","12":"purchasable","13":"product-type-simple"},"acf":[],"uagb_featured_image_src":{"full":["https:\/\/gepa.pl\/wp-content\/uploads\/2021\/06\/DELHI-zamek-torba-bawelniana.png",1000,1000,false],"thumbnail":["https:\/\/gepa.pl\/wp-content\/uploads\/2021\/06\/DELHI-zamek-torba-bawelniana-150x150.png",150,150,true],"medium":["https:\/\/gepa.pl\/wp-content\/uploads\/2021\/06\/DELHI-zamek-torba-bawelniana-300x300.png",300,300,true],"medium_large":["https:\/\/gepa.pl\/wp-content\/uploads\/2021\/06\/DELHI-zamek-torba-bawelniana-768x768.png",768,768,true],"large":["https:\/\/gepa.pl\/wp-content\/uploads\/2021\/06\/DELHI-zamek-torba-bawelniana.png",1000,1000,false],"1536x1536":["https:\/\/gepa.pl\/wp-content\/uploads\/2021\/06\/DELHI-zamek-torba-bawelniana.png",1000,1000,false],"2048x2048":["https:\/\/gepa.pl\/wp-content\/uploads\/2021\/06\/DELHI-zamek-torba-bawelniana.png",1000,1000,false],"trp-custom-language-flag":["https:\/\/gepa.pl\/wp-content\/uploads\/2021\/06\/DELHI-zamek-torba-bawelniana-12x12.png",12,12,true],"woocommerce_thumbnail":["https:\/\/gepa.pl\/wp-content\/uploads\/2021\/06\/DELHI-zamek-torba-bawelniana-300x300.png",300,300,true],"woocommerce_single":["https:\/\/gepa.pl\/wp-content\/uploads\/2021\/06\/DELHI-zamek-torba-bawelniana-600x600.png",600,600,true],"woocommerce_gallery_thumbnail":["https:\/\/gepa.pl\/wp-content\/uploads\/2021\/06\/DELHI-zamek-torba-bawelniana-100x100.png",100,100,true]},"uagb_author_info":{"display_name":"admin1816","author_link":"https:\/\/gepa.pl\/en\/author\/"},"uagb_comment_info":0,"uagb_excerpt":"Torba bawe\u0142niana, pionowa lub pozioma z poszerzeniem dna, dost\u0119pna w r\u00f3\u017cnych gramaturach i kolorach bawe\u0142ny. Uchwyty torby wykonane z tej samej bawe\u0142ny, dostosowane gramatur\u0105 do korpusu. Ciekawostka \u2013 DELHI to drugie pod wzgl\u0119dem wielko\u015bci miasto \u015bwiata. Wed\u0142ug legendy na przestrzeni lat nadbudowano na sobie i obok, siedem miast Delhi ! \u015arednia roczna temperatura to 25&hellip;","_links":{"self":[{"href":"https:\/\/gepa.pl\/en\/wp-json\/wp\/v2\/product\/3242","targetHints":{"allow":["GET"]}}],"collection":[{"href":"https:\/\/gepa.pl\/en\/wp-json\/wp\/v2\/product"}],"about":[{"href":"https:\/\/gepa.pl\/en\/wp-json\/wp\/v2\/types\/product"}],"wp:featuredmedia":[{"embeddable":true,"href":"https:\/\/gepa.pl\/en\/wp-json\/wp\/v2\/media\/3745"}],"wp:attachment":[{"href":"https:\/\/gepa.pl\/en\/wp-json\/wp\/v2\/media?parent=3242"}],"wp:term":[{"taxonomy":"product_brand","embeddable":true,"href":"https:\/\/gepa.pl\/en\/wp-json\/wp\/v2\/product_brand?post=3242"},{"taxonomy":"product_cat","embeddable":true,"href":"https:\/\/gepa.pl\/en\/wp-json\/wp\/v2\/product_cat?post=3242"},{"taxonomy":"product_tag","embeddable":true,"href":"https:\/\/gepa.pl\/en\/wp-json\/wp\/v2\/product_tag?post=3242"}],"curies":[{"name":"wp","href":"https:\/\/api.w.org\/{rel}","templated":true}]}}