{"id":3244,"date":"2021-06-03T22:54:56","date_gmt":"2021-06-03T22:54:56","guid":{"rendered":"https:\/\/gepa.pl\/?post_type=product&amp;p=3244"},"modified":"2021-06-03T22:54:56","modified_gmt":"2021-06-03T22:54:56","slug":"torba-bawelniana-shanghai-2","status":"publish","type":"product","link":"https:\/\/gepa.pl\/en\/product\/torba-bawelniana-shanghai-2\/","title":{"rendered":"SHANGHAI cotton bag"},"content":{"rendered":"","protected":false},"excerpt":{"rendered":"<p>Cotton bag, vertical or horizontal with widening of the bottom and sides, available in different weights and colors of cotton. Bag handles made of the same cotton, adjusted in weight to the body.<\/p>\n<p>Interesting fact - The \" Shanghai\" model got its name from an unusual city from the east coast of China, A city with the world's largest seaport and the financial center of the world in the form of the SSE stock exchange. It is best to go to such a place with a bag with a large capacity!<\/p>\n<p>We offer the possibility 100% to personalize the product to your needs!<\/p>","protected":false},"featured_media":3798,"template":"","meta":{"_uag_custom_page_level_css":""},"product_brand":[],"product_cat":[36,37],"product_tag":[],"class_list":{"0":"post-3244","1":"product","2":"type-product","3":"status-publish","4":"has-post-thumbnail","6":"product_cat-torby","7":"product_cat-torby-tekstylne","9":"first","10":"instock","11":"shipping-taxable","12":"purchasable","13":"product-type-simple"},"acf":[],"uagb_featured_image_src":{"full":["https:\/\/gepa.pl\/wp-content\/uploads\/2021\/06\/SHANGHAI-torba-bawelniana.png",1000,1000,false],"thumbnail":["https:\/\/gepa.pl\/wp-content\/uploads\/2021\/06\/SHANGHAI-torba-bawelniana-150x150.png",150,150,true],"medium":["https:\/\/gepa.pl\/wp-content\/uploads\/2021\/06\/SHANGHAI-torba-bawelniana-300x300.png",300,300,true],"medium_large":["https:\/\/gepa.pl\/wp-content\/uploads\/2021\/06\/SHANGHAI-torba-bawelniana-768x768.png",768,768,true],"large":["https:\/\/gepa.pl\/wp-content\/uploads\/2021\/06\/SHANGHAI-torba-bawelniana.png",1000,1000,false],"1536x1536":["https:\/\/gepa.pl\/wp-content\/uploads\/2021\/06\/SHANGHAI-torba-bawelniana.png",1000,1000,false],"2048x2048":["https:\/\/gepa.pl\/wp-content\/uploads\/2021\/06\/SHANGHAI-torba-bawelniana.png",1000,1000,false],"trp-custom-language-flag":["https:\/\/gepa.pl\/wp-content\/uploads\/2021\/06\/SHANGHAI-torba-bawelniana-12x12.png",12,12,true],"woocommerce_thumbnail":["https:\/\/gepa.pl\/wp-content\/uploads\/2021\/06\/SHANGHAI-torba-bawelniana-300x300.png",300,300,true],"woocommerce_single":["https:\/\/gepa.pl\/wp-content\/uploads\/2021\/06\/SHANGHAI-torba-bawelniana-600x600.png",600,600,true],"woocommerce_gallery_thumbnail":["https:\/\/gepa.pl\/wp-content\/uploads\/2021\/06\/SHANGHAI-torba-bawelniana-100x100.png",100,100,true]},"uagb_author_info":{"display_name":"admin1816","author_link":"https:\/\/gepa.pl\/en\/author\/"},"uagb_comment_info":0,"uagb_excerpt":"Torba bawe\u0142niana, pionowa lub pozioma z poszerzeniem dna i bok\u00f3w, dost\u0119pna w r\u00f3\u017cnych gramaturach i kolorach bawe\u0142ny. Uchwyty torby wykonane z tej samej bawe\u0142ny, dostosowane gramatur\u0105 do korpusu. Ciekawostka \u2013 \u00a0Model \u201e Shanghai\u201d \u00a0dosta\u0142 swoj\u0105 nazw\u0119 od niezwyk\u0142ego miasta ze wschodniego wybrze\u017ca chin, Miasto z najwi\u0119kszym na \u015bwiecie portem morskim i finansowym centrum \u015bwiata w&hellip;","_links":{"self":[{"href":"https:\/\/gepa.pl\/en\/wp-json\/wp\/v2\/product\/3244","targetHints":{"allow":["GET"]}}],"collection":[{"href":"https:\/\/gepa.pl\/en\/wp-json\/wp\/v2\/product"}],"about":[{"href":"https:\/\/gepa.pl\/en\/wp-json\/wp\/v2\/types\/product"}],"wp:featuredmedia":[{"embeddable":true,"href":"https:\/\/gepa.pl\/en\/wp-json\/wp\/v2\/media\/3798"}],"wp:attachment":[{"href":"https:\/\/gepa.pl\/en\/wp-json\/wp\/v2\/media?parent=3244"}],"wp:term":[{"taxonomy":"product_brand","embeddable":true,"href":"https:\/\/gepa.pl\/en\/wp-json\/wp\/v2\/product_brand?post=3244"},{"taxonomy":"product_cat","embeddable":true,"href":"https:\/\/gepa.pl\/en\/wp-json\/wp\/v2\/product_cat?post=3244"},{"taxonomy":"product_tag","embeddable":true,"href":"https:\/\/gepa.pl\/en\/wp-json\/wp\/v2\/product_tag?post=3244"}],"curies":[{"name":"wp","href":"https:\/\/api.w.org\/{rel}","templated":true}]}}