{"id":3245,"date":"2021-06-03T22:54:57","date_gmt":"2021-06-03T22:54:57","guid":{"rendered":"https:\/\/gepa.pl\/?post_type=product&amp;p=3245"},"modified":"2021-06-03T22:54:57","modified_gmt":"2021-06-03T22:54:57","slug":"torba-bawelniana-moskwa-2","status":"publish","type":"product","link":"https:\/\/gepa.pl\/en\/product\/torba-bawelniana-moskwa-2\/","title":{"rendered":"MOSCOW cotton bag"},"content":{"rendered":"","protected":false},"excerpt":{"rendered":"<p>The MOSKWA bag is a shopping bag created for smaller and larger purchases. Sewn into the sides, and on the bottom, a strong zipper allows you to quickly expand the interior space of the bag. We offer this bag in cotton in different weights and many different colors. An additional modification of the bag is the choice of handles, short (30cm) or long (60cm). The recommended length of the ears for this model is 60cm long ears. The Moscow model in the original consists of one large inner pocket, without additional outer pockets or compartments inside.<\/p>\n<p>We offer the possibility 100% to personalize the product to your needs!<\/p>","protected":false},"featured_media":4383,"template":"","meta":{"_uag_custom_page_level_css":""},"product_brand":[],"product_cat":[36,37],"product_tag":[],"class_list":{"0":"post-3245","1":"product","2":"type-product","3":"status-publish","4":"has-post-thumbnail","6":"product_cat-torby","7":"product_cat-torby-tekstylne","9":"first","10":"instock","11":"shipping-taxable","12":"purchasable","13":"product-type-simple"},"acf":[],"uagb_featured_image_src":{"full":["https:\/\/gepa.pl\/wp-content\/uploads\/2021\/06\/torba-bawelniana-MOSKWA-przod.png",1000,1000,false],"thumbnail":["https:\/\/gepa.pl\/wp-content\/uploads\/2021\/06\/torba-bawelniana-MOSKWA-przod-150x150.png",150,150,true],"medium":["https:\/\/gepa.pl\/wp-content\/uploads\/2021\/06\/torba-bawelniana-MOSKWA-przod-300x300.png",300,300,true],"medium_large":["https:\/\/gepa.pl\/wp-content\/uploads\/2021\/06\/torba-bawelniana-MOSKWA-przod-768x768.png",768,768,true],"large":["https:\/\/gepa.pl\/wp-content\/uploads\/2021\/06\/torba-bawelniana-MOSKWA-przod.png",1000,1000,false],"1536x1536":["https:\/\/gepa.pl\/wp-content\/uploads\/2021\/06\/torba-bawelniana-MOSKWA-przod.png",1000,1000,false],"2048x2048":["https:\/\/gepa.pl\/wp-content\/uploads\/2021\/06\/torba-bawelniana-MOSKWA-przod.png",1000,1000,false],"trp-custom-language-flag":["https:\/\/gepa.pl\/wp-content\/uploads\/2021\/06\/torba-bawelniana-MOSKWA-przod-12x12.png",12,12,true],"woocommerce_thumbnail":["https:\/\/gepa.pl\/wp-content\/uploads\/2021\/06\/torba-bawelniana-MOSKWA-przod-300x300.png",300,300,true],"woocommerce_single":["https:\/\/gepa.pl\/wp-content\/uploads\/2021\/06\/torba-bawelniana-MOSKWA-przod-600x600.png",600,600,true],"woocommerce_gallery_thumbnail":["https:\/\/gepa.pl\/wp-content\/uploads\/2021\/06\/torba-bawelniana-MOSKWA-przod-100x100.png",100,100,true]},"uagb_author_info":{"display_name":"admin1816","author_link":"https:\/\/gepa.pl\/en\/author\/"},"uagb_comment_info":0,"uagb_excerpt":"Torba MOSKWA to torba zakupowa stworzona dla mniejszych i wi\u0119kszych zakup\u00f3w. Wszyty po bokach, i na dnie mocny zamek b\u0142yskawiczny pozwala na szybkie powi\u0119kszenie przestrzeni wewn\u0119trznej torby. Torb\u0119 t\u0105 oferujemy z bawe\u0142ny w r\u00f3\u017cnej gramaturze oraz wielu r\u00f3\u017cnych kolorach. Dodatkow\u0105 modyfikacj\u0105 torby jest mo\u017cliwo\u015b\u0107 wyboru uchwyt\u00f3w, kr\u00f3tkich (30cm) b\u0105d\u017a d\u0142ugich (60cm). Rekomendowana d\u0142ugo\u015b\u0107 uszu dla&hellip;","_links":{"self":[{"href":"https:\/\/gepa.pl\/en\/wp-json\/wp\/v2\/product\/3245","targetHints":{"allow":["GET"]}}],"collection":[{"href":"https:\/\/gepa.pl\/en\/wp-json\/wp\/v2\/product"}],"about":[{"href":"https:\/\/gepa.pl\/en\/wp-json\/wp\/v2\/types\/product"}],"wp:featuredmedia":[{"embeddable":true,"href":"https:\/\/gepa.pl\/en\/wp-json\/wp\/v2\/media\/4383"}],"wp:attachment":[{"href":"https:\/\/gepa.pl\/en\/wp-json\/wp\/v2\/media?parent=3245"}],"wp:term":[{"taxonomy":"product_brand","embeddable":true,"href":"https:\/\/gepa.pl\/en\/wp-json\/wp\/v2\/product_brand?post=3245"},{"taxonomy":"product_cat","embeddable":true,"href":"https:\/\/gepa.pl\/en\/wp-json\/wp\/v2\/product_cat?post=3245"},{"taxonomy":"product_tag","embeddable":true,"href":"https:\/\/gepa.pl\/en\/wp-json\/wp\/v2\/product_tag?post=3245"}],"curies":[{"name":"wp","href":"https:\/\/api.w.org\/{rel}","templated":true}]}}