{"id":3247,"date":"2021-06-03T22:54:59","date_gmt":"2021-06-03T20:54:59","guid":{"rendered":"https:\/\/gepa.pl\/?post_type=product&#038;p=3247"},"modified":"2025-03-10T15:11:43","modified_gmt":"2025-03-10T14:11:43","slug":"torba-bawelniana-kopenhaga-2","status":"publish","type":"product","link":"https:\/\/gepa.pl\/en\/product\/torba-bawelniana-kopenhaga-2\/","title":{"rendered":"KOPENHAGA cotton bag"},"content":{"rendered":"","protected":false},"excerpt":{"rendered":"<p>Cotton bag, designed with a large front pocket fastened with a snap or button, produced from high weight cotton. We design this bag by combining fabrics of different colors or patterns according to the customer's request. The handles of the bag are usually made from the base fabric of the bag.<\/p>\n<p>Interesting fact - COPENHAGA, is recognized by \"National Geografic\" as one of the most colorful cities in the world, it is also the city of Jan Christian Andersen, so we decided that Copenhagen would give sound to the name of the bag that opens our colorful series of bags.<\/p>\n<p>We offer the possibility 100% to personalize the product to your needs!<\/p>","protected":false},"featured_media":4317,"template":"","meta":{"_uag_custom_page_level_css":""},"product_brand":[],"product_cat":[36,37],"product_tag":[],"class_list":{"0":"post-3247","1":"product","2":"type-product","3":"status-publish","4":"has-post-thumbnail","6":"product_cat-torby","7":"product_cat-torby-tekstylne","9":"first","10":"instock","11":"shipping-taxable","12":"purchasable","13":"product-type-simple"},"acf":[],"uagb_featured_image_src":{"full":["https:\/\/gepa.pl\/wp-content\/uploads\/2021\/06\/KOPENHAGA-torba-bawelniana.png",1000,1000,false],"thumbnail":["https:\/\/gepa.pl\/wp-content\/uploads\/2021\/06\/KOPENHAGA-torba-bawelniana-150x150.png",150,150,true],"medium":["https:\/\/gepa.pl\/wp-content\/uploads\/2021\/06\/KOPENHAGA-torba-bawelniana-300x300.png",300,300,true],"medium_large":["https:\/\/gepa.pl\/wp-content\/uploads\/2021\/06\/KOPENHAGA-torba-bawelniana-768x768.png",768,768,true],"large":["https:\/\/gepa.pl\/wp-content\/uploads\/2021\/06\/KOPENHAGA-torba-bawelniana.png",1000,1000,false],"1536x1536":["https:\/\/gepa.pl\/wp-content\/uploads\/2021\/06\/KOPENHAGA-torba-bawelniana.png",1000,1000,false],"2048x2048":["https:\/\/gepa.pl\/wp-content\/uploads\/2021\/06\/KOPENHAGA-torba-bawelniana.png",1000,1000,false],"trp-custom-language-flag":["https:\/\/gepa.pl\/wp-content\/uploads\/2021\/06\/KOPENHAGA-torba-bawelniana-12x12.png",12,12,true],"woocommerce_thumbnail":["https:\/\/gepa.pl\/wp-content\/uploads\/2021\/06\/KOPENHAGA-torba-bawelniana-300x300.png",300,300,true],"woocommerce_single":["https:\/\/gepa.pl\/wp-content\/uploads\/2021\/06\/KOPENHAGA-torba-bawelniana-600x600.png",600,600,true],"woocommerce_gallery_thumbnail":["https:\/\/gepa.pl\/wp-content\/uploads\/2021\/06\/KOPENHAGA-torba-bawelniana-100x100.png",100,100,true]},"uagb_author_info":{"display_name":"admin1816","author_link":"https:\/\/gepa.pl\/en\/author\/"},"uagb_comment_info":0,"uagb_excerpt":"Torba bawe\u0142niana, zaprojektowana z du\u017c\u0105 przedni\u0105 kieszeni\u0105 zapinan\u0105 na zatrzask lub guzik, produkowana z bawe\u0142ny o wysokiej gramaturze. Torb\u0119 t\u0105 projektujemy \u0142\u0105cz\u0105c ze sob\u0105 tkaniny o r\u00f3\u017cnych kolorach lub wzorach wed\u0142ug \u017cyczenia klienta. Uchwyty torby wykonane s\u0105 zazwyczaj z tkaniny bazowej torby. Ciekawostka \u2013 KOPENHAGA, jest uznana przez \u201eNational Geografic\u201d za jedno z najbardziej barwnych&hellip;","_links":{"self":[{"href":"https:\/\/gepa.pl\/en\/wp-json\/wp\/v2\/product\/3247","targetHints":{"allow":["GET"]}}],"collection":[{"href":"https:\/\/gepa.pl\/en\/wp-json\/wp\/v2\/product"}],"about":[{"href":"https:\/\/gepa.pl\/en\/wp-json\/wp\/v2\/types\/product"}],"wp:featuredmedia":[{"embeddable":true,"href":"https:\/\/gepa.pl\/en\/wp-json\/wp\/v2\/media\/4317"}],"wp:attachment":[{"href":"https:\/\/gepa.pl\/en\/wp-json\/wp\/v2\/media?parent=3247"}],"wp:term":[{"taxonomy":"product_brand","embeddable":true,"href":"https:\/\/gepa.pl\/en\/wp-json\/wp\/v2\/product_brand?post=3247"},{"taxonomy":"product_cat","embeddable":true,"href":"https:\/\/gepa.pl\/en\/wp-json\/wp\/v2\/product_cat?post=3247"},{"taxonomy":"product_tag","embeddable":true,"href":"https:\/\/gepa.pl\/en\/wp-json\/wp\/v2\/product_tag?post=3247"}],"curies":[{"name":"wp","href":"https:\/\/api.w.org\/{rel}","templated":true}]}}