{"id":3248,"date":"2021-06-03T22:55:00","date_gmt":"2021-06-03T22:55:00","guid":{"rendered":"https:\/\/gepa.pl\/?post_type=product&amp;p=3248"},"modified":"2021-06-03T22:55:00","modified_gmt":"2021-06-03T22:55:00","slug":"torba-bawelniana-kopenhaga-christiana-2","status":"publish","type":"product","link":"https:\/\/gepa.pl\/en\/product\/torba-bawelniana-kopenhaga-christiana-2\/","title":{"rendered":"KOPENHAGA-CHRISTIANA cotton bag"},"content":{"rendered":"","protected":false},"excerpt":{"rendered":"<p>Cotton bag, designed with a large front pocket fastened with a snap or button as in the Copenhagen model but lowered closer to the center which increases the marking space, produced from high weight cotton. This cotton bag is designed using a combination of fabrics of different colors or patterns according to the customer's request. The handles of the bag are usually made from the base fabric of the bag .<\/p>\n<p>Interesting fact - COPENHAGA-CHRISTIANA, is a district of Copenhagen also known as the Christiana Free City and as a center of the hippie movement and alternative culture. Hippie Free City formed within one of the world's most colorful cities is perfect for the development of our colorful series of cotton bags we invite you to learn more about Model Christiana.  <\/p>\n<p>We offer the possibility 100% to personalize the product to your needs!<\/p>","protected":false},"featured_media":4326,"template":"","meta":{"_uag_custom_page_level_css":""},"product_brand":[],"product_cat":[36,37],"product_tag":[],"class_list":{"0":"post-3248","1":"product","2":"type-product","3":"status-publish","4":"has-post-thumbnail","6":"product_cat-torby","7":"product_cat-torby-tekstylne","9":"first","10":"instock","11":"shipping-taxable","12":"purchasable","13":"product-type-simple"},"acf":[],"uagb_featured_image_src":{"full":["https:\/\/gepa.pl\/wp-content\/uploads\/2021\/06\/KOPENHAGA-CHRISTIANA-torba-bawelniana.png",1000,1000,false],"thumbnail":["https:\/\/gepa.pl\/wp-content\/uploads\/2021\/06\/KOPENHAGA-CHRISTIANA-torba-bawelniana-150x150.png",150,150,true],"medium":["https:\/\/gepa.pl\/wp-content\/uploads\/2021\/06\/KOPENHAGA-CHRISTIANA-torba-bawelniana-300x300.png",300,300,true],"medium_large":["https:\/\/gepa.pl\/wp-content\/uploads\/2021\/06\/KOPENHAGA-CHRISTIANA-torba-bawelniana-768x768.png",768,768,true],"large":["https:\/\/gepa.pl\/wp-content\/uploads\/2021\/06\/KOPENHAGA-CHRISTIANA-torba-bawelniana.png",1000,1000,false],"1536x1536":["https:\/\/gepa.pl\/wp-content\/uploads\/2021\/06\/KOPENHAGA-CHRISTIANA-torba-bawelniana.png",1000,1000,false],"2048x2048":["https:\/\/gepa.pl\/wp-content\/uploads\/2021\/06\/KOPENHAGA-CHRISTIANA-torba-bawelniana.png",1000,1000,false],"trp-custom-language-flag":["https:\/\/gepa.pl\/wp-content\/uploads\/2021\/06\/KOPENHAGA-CHRISTIANA-torba-bawelniana-12x12.png",12,12,true],"woocommerce_thumbnail":["https:\/\/gepa.pl\/wp-content\/uploads\/2021\/06\/KOPENHAGA-CHRISTIANA-torba-bawelniana-300x300.png",300,300,true],"woocommerce_single":["https:\/\/gepa.pl\/wp-content\/uploads\/2021\/06\/KOPENHAGA-CHRISTIANA-torba-bawelniana-600x600.png",600,600,true],"woocommerce_gallery_thumbnail":["https:\/\/gepa.pl\/wp-content\/uploads\/2021\/06\/KOPENHAGA-CHRISTIANA-torba-bawelniana-100x100.png",100,100,true]},"uagb_author_info":{"display_name":"admin1816","author_link":"https:\/\/gepa.pl\/en\/author\/"},"uagb_comment_info":0,"uagb_excerpt":"Torba bawe\u0142niana, zaprojektowana z du\u017c\u0105 przedni\u0105 kieszeni\u0105 zapinan\u0105 na zatrzask lub guzik jak w modelu Kopenhaga ale obni\u017con\u0105 bli\u017cej \u015brodka co zwi\u0119ksza przestrze\u0144 znakowania, produkowana z bawe\u0142ny o wysokiej gramaturze. Ta torba bawe\u0142niana projektowana jest przy po\u0142\u0105czeniu ze sob\u0105 tkanin o r\u00f3\u017cnych kolorach lub wzorach wed\u0142ug \u017cyczenia klienta. Uchwyty torby wykonane s\u0105 zazwyczaj z tkaniny&hellip;","_links":{"self":[{"href":"https:\/\/gepa.pl\/en\/wp-json\/wp\/v2\/product\/3248","targetHints":{"allow":["GET"]}}],"collection":[{"href":"https:\/\/gepa.pl\/en\/wp-json\/wp\/v2\/product"}],"about":[{"href":"https:\/\/gepa.pl\/en\/wp-json\/wp\/v2\/types\/product"}],"wp:featuredmedia":[{"embeddable":true,"href":"https:\/\/gepa.pl\/en\/wp-json\/wp\/v2\/media\/4326"}],"wp:attachment":[{"href":"https:\/\/gepa.pl\/en\/wp-json\/wp\/v2\/media?parent=3248"}],"wp:term":[{"taxonomy":"product_brand","embeddable":true,"href":"https:\/\/gepa.pl\/en\/wp-json\/wp\/v2\/product_brand?post=3248"},{"taxonomy":"product_cat","embeddable":true,"href":"https:\/\/gepa.pl\/en\/wp-json\/wp\/v2\/product_cat?post=3248"},{"taxonomy":"product_tag","embeddable":true,"href":"https:\/\/gepa.pl\/en\/wp-json\/wp\/v2\/product_tag?post=3248"}],"curies":[{"name":"wp","href":"https:\/\/api.w.org\/{rel}","templated":true}]}}