{"id":3339,"date":"2021-06-07T21:45:07","date_gmt":"2021-06-07T21:45:07","guid":{"rendered":"https:\/\/gepa.pl\/?post_type=product&#038;p=3339"},"modified":"2025-02-28T10:48:05","modified_gmt":"2025-02-28T09:48:05","slug":"pilnik-do-paznokci-12cm-x-16cm","status":"publish","type":"product","link":"https:\/\/gepa.pl\/en\/product\/pilnik-do-paznokci-12cm-x-16cm\/","title":{"rendered":"Nail file 12cm x 1.6cm"},"content":{"rendered":"","protected":false},"excerpt":{"rendered":"<p>Nail file with dimensions of 12cm x 1.6cm. Possible different gradations of paper with which you can easily shorten both natural and extended nails. Nail files have accompanied us for a very long time and are one of those products with which it is impossible to come up with much originality, but we have succeeded. Thanks to the UV printing method, we offer files decorated with logos or more complex designs and patterns. This makes our files much more pleasing to the eye, fulfills their advertising function and still remains useful in various cosmetic procedures.<\/p>\n<p>We offer the possibility 100% to personalize the product to your needs!<\/p>","protected":false},"featured_media":6145,"template":"","meta":{"_uag_custom_page_level_css":""},"product_brand":[],"product_cat":[97],"product_tag":[],"class_list":{"0":"post-3339","1":"product","2":"type-product","3":"status-publish","4":"has-post-thumbnail","6":"product_cat-pilniki-do-paznokci","8":"first","9":"instock","10":"shipping-taxable","11":"purchasable","12":"product-type-simple"},"acf":[],"uagb_featured_image_src":{"full":["https:\/\/gepa.pl\/wp-content\/uploads\/2025\/02\/ewa-bien-1-rotated.jpg",1000,1333,false],"thumbnail":["https:\/\/gepa.pl\/wp-content\/uploads\/2025\/02\/ewa-bien-1-150x150.jpg",150,150,true],"medium":["https:\/\/gepa.pl\/wp-content\/uploads\/2025\/02\/ewa-bien-1-225x300.jpg",225,300,true],"medium_large":["https:\/\/gepa.pl\/wp-content\/uploads\/2025\/02\/ewa-bien-1-768x1024.jpg",768,1024,true],"large":["https:\/\/gepa.pl\/wp-content\/uploads\/2025\/02\/ewa-bien-1-768x1024.jpg",768,1024,true],"1536x1536":["https:\/\/gepa.pl\/wp-content\/uploads\/2025\/02\/ewa-bien-1-rotated.jpg",1000,1333,false],"2048x2048":["https:\/\/gepa.pl\/wp-content\/uploads\/2025\/02\/ewa-bien-1-rotated.jpg",1000,1333,false],"trp-custom-language-flag":["https:\/\/gepa.pl\/wp-content\/uploads\/2025\/02\/ewa-bien-1-9x12.jpg",9,12,true],"woocommerce_thumbnail":["https:\/\/gepa.pl\/wp-content\/uploads\/2025\/02\/ewa-bien-1-300x300.jpg",300,300,true],"woocommerce_single":["https:\/\/gepa.pl\/wp-content\/uploads\/2025\/02\/ewa-bien-1-600x800.jpg",600,800,true],"woocommerce_gallery_thumbnail":["https:\/\/gepa.pl\/wp-content\/uploads\/2025\/02\/ewa-bien-1-100x100.jpg",100,100,true]},"uagb_author_info":{"display_name":"admin1816","author_link":"https:\/\/gepa.pl\/en\/author\/"},"uagb_comment_info":0,"uagb_excerpt":"Pilnik do paznokci o wymiarach 12cm x 1,6cm. Mo\u017cliwe dost\u0119pne r\u00f3\u017cne gradacje papieru za pomoc\u0105 kt\u00f3rych bez problemu skr\u00f3cisz paznokcie zar\u00f3wno naturalne jak i te przed\u0142u\u017cone. Pilniki do paznokci towarzysz\u0105 nam ju\u017c od bardzo dawna i s\u0105 jednym z tych produkt\u00f3w przy kt\u00f3rych nie da si\u0119 wymy\u015bli\u0107 wiele oryginalnego, jednak nam si\u0119 to uda\u0142o. Dzi\u0119ki&hellip;","_links":{"self":[{"href":"https:\/\/gepa.pl\/en\/wp-json\/wp\/v2\/product\/3339","targetHints":{"allow":["GET"]}}],"collection":[{"href":"https:\/\/gepa.pl\/en\/wp-json\/wp\/v2\/product"}],"about":[{"href":"https:\/\/gepa.pl\/en\/wp-json\/wp\/v2\/types\/product"}],"wp:featuredmedia":[{"embeddable":true,"href":"https:\/\/gepa.pl\/en\/wp-json\/wp\/v2\/media\/6145"}],"wp:attachment":[{"href":"https:\/\/gepa.pl\/en\/wp-json\/wp\/v2\/media?parent=3339"}],"wp:term":[{"taxonomy":"product_brand","embeddable":true,"href":"https:\/\/gepa.pl\/en\/wp-json\/wp\/v2\/product_brand?post=3339"},{"taxonomy":"product_cat","embeddable":true,"href":"https:\/\/gepa.pl\/en\/wp-json\/wp\/v2\/product_cat?post=3339"},{"taxonomy":"product_tag","embeddable":true,"href":"https:\/\/gepa.pl\/en\/wp-json\/wp\/v2\/product_tag?post=3339"}],"curies":[{"name":"wp","href":"https:\/\/api.w.org\/{rel}","templated":true}]}}