{"id":3340,"date":"2021-06-07T21:45:07","date_gmt":"2021-06-07T21:45:07","guid":{"rendered":"https:\/\/gepa.pl\/?post_type=product&#038;p=3340"},"modified":"2025-02-28T10:49:34","modified_gmt":"2025-02-28T09:49:34","slug":"pilnik-do-paznokci-87cm-x-16cm","status":"publish","type":"product","link":"https:\/\/gepa.pl\/en\/product\/pilnik-do-paznokci-87cm-x-16cm\/","title":{"rendered":"Nail file 8.7cm x 1.6cm"},"content":{"rendered":"","protected":false},"excerpt":{"rendered":"<p>Nail file with dimensions of 8.7cm x 1.6cm. Possible different gradations of paper with which you can easily shorten both natural and extended nails. Nail files have accompanied us for a very long time and are one of those products with which it is impossible to come up with much originality, but we succeeded. Thanks to the UV printing method, we offer files decorated with logos or more complex designs and patterns. As a result, our files are much more pleasing to the eye, fulfill their advertising function and still remain useful in various cosmetic procedures.<\/p>\n<p>We offer the possibility 100% to personalize the product to your needs!<\/p>","protected":false},"featured_media":6142,"template":"","meta":{"_uag_custom_page_level_css":""},"product_brand":[],"product_cat":[97],"product_tag":[],"class_list":{"0":"post-3340","1":"product","2":"type-product","3":"status-publish","4":"has-post-thumbnail","6":"product_cat-pilniki-do-paznokci","8":"first","9":"instock","10":"shipping-taxable","11":"purchasable","12":"product-type-simple"},"acf":[],"uagb_featured_image_src":{"full":["https:\/\/gepa.pl\/wp-content\/uploads\/2025\/02\/cocolita-2.jpg",1000,750,false],"thumbnail":["https:\/\/gepa.pl\/wp-content\/uploads\/2025\/02\/cocolita-2-150x150.jpg",150,150,true],"medium":["https:\/\/gepa.pl\/wp-content\/uploads\/2025\/02\/cocolita-2-300x225.jpg",300,225,true],"medium_large":["https:\/\/gepa.pl\/wp-content\/uploads\/2025\/02\/cocolita-2-768x576.jpg",768,576,true],"large":["https:\/\/gepa.pl\/wp-content\/uploads\/2025\/02\/cocolita-2.jpg",1000,750,false],"1536x1536":["https:\/\/gepa.pl\/wp-content\/uploads\/2025\/02\/cocolita-2.jpg",1000,750,false],"2048x2048":["https:\/\/gepa.pl\/wp-content\/uploads\/2025\/02\/cocolita-2.jpg",1000,750,false],"trp-custom-language-flag":["https:\/\/gepa.pl\/wp-content\/uploads\/2025\/02\/cocolita-2-16x12.jpg",16,12,true],"woocommerce_thumbnail":["https:\/\/gepa.pl\/wp-content\/uploads\/2025\/02\/cocolita-2-300x300.jpg",300,300,true],"woocommerce_single":["https:\/\/gepa.pl\/wp-content\/uploads\/2025\/02\/cocolita-2-600x450.jpg",600,450,true],"woocommerce_gallery_thumbnail":["https:\/\/gepa.pl\/wp-content\/uploads\/2025\/02\/cocolita-2-100x100.jpg",100,100,true]},"uagb_author_info":{"display_name":"admin1816","author_link":"https:\/\/gepa.pl\/en\/author\/"},"uagb_comment_info":0,"uagb_excerpt":"Pilnik do paznokci o wymiarach 8,7cm x 1,6cm. Mo\u017cliwe dost\u0119pne r\u00f3\u017cne gradacje papieru za pomoc\u0105 kt\u00f3rych bez problemu skr\u00f3cisz paznokcie zar\u00f3wno naturalne jak i te przed\u0142u\u017cone. Pilniki do paznokci towarzysz\u0105 nam ju\u017c od bardzo dawna i s\u0105 jednym z tych produkt\u00f3w przy kt\u00f3rych nie da si\u0119 wymy\u015bli\u0107 wiele oryginalnego, jednak nam si\u0119 uda\u0142o. Dzi\u0119ki metodzie&hellip;","_links":{"self":[{"href":"https:\/\/gepa.pl\/en\/wp-json\/wp\/v2\/product\/3340","targetHints":{"allow":["GET"]}}],"collection":[{"href":"https:\/\/gepa.pl\/en\/wp-json\/wp\/v2\/product"}],"about":[{"href":"https:\/\/gepa.pl\/en\/wp-json\/wp\/v2\/types\/product"}],"wp:featuredmedia":[{"embeddable":true,"href":"https:\/\/gepa.pl\/en\/wp-json\/wp\/v2\/media\/6142"}],"wp:attachment":[{"href":"https:\/\/gepa.pl\/en\/wp-json\/wp\/v2\/media?parent=3340"}],"wp:term":[{"taxonomy":"product_brand","embeddable":true,"href":"https:\/\/gepa.pl\/en\/wp-json\/wp\/v2\/product_brand?post=3340"},{"taxonomy":"product_cat","embeddable":true,"href":"https:\/\/gepa.pl\/en\/wp-json\/wp\/v2\/product_cat?post=3340"},{"taxonomy":"product_tag","embeddable":true,"href":"https:\/\/gepa.pl\/en\/wp-json\/wp\/v2\/product_tag?post=3340"}],"curies":[{"name":"wp","href":"https:\/\/api.w.org\/{rel}","templated":true}]}}