{"id":3341,"date":"2021-06-07T21:45:08","date_gmt":"2021-06-07T21:45:08","guid":{"rendered":"https:\/\/gepa.pl\/?post_type=product&#038;p=3341"},"modified":"2025-02-28T10:44:40","modified_gmt":"2025-02-28T09:44:40","slug":"pilnik-do-paznokci-booklet-5","status":"publish","type":"product","link":"https:\/\/gepa.pl\/en\/product\/pilnik-do-paznokci-booklet-5\/","title":{"rendered":"Nail file booklet 5"},"content":{"rendered":"","protected":false},"excerpt":{"rendered":"<p>A booklet-type nail file containing five smaller files that can be detached from the set by pulling them out. This is made possible by perforations at the ends of the files, so that the files can be efficiently detached from the rest of the set. Possible different gradations of paper with the help of which you can easily shorten both natural and extended nails. Nail files have accompanied us for a very long time and are one of those products with which it is impossible to come up with much originality, but we have succeeded. Thanks to the UV printing method, we offer nail files decorated with logos or more complex designs and patterns. This makes our files much more pleasing to the eye, fulfills its advertising function and still remains useful in various cosmetic procedures.<\/p>\n<p>We offer the possibility 100% to personalize the product to your needs!<\/p>","protected":false},"featured_media":3918,"template":"","meta":{"_uag_custom_page_level_css":""},"product_brand":[],"product_cat":[97],"product_tag":[],"class_list":{"0":"post-3341","1":"product","2":"type-product","3":"status-publish","4":"has-post-thumbnail","6":"product_cat-pilniki-do-paznokci","8":"first","9":"instock","10":"shipping-taxable","11":"purchasable","12":"product-type-simple"},"acf":[],"uagb_featured_image_src":{"full":["https:\/\/gepa.pl\/wp-content\/uploads\/2021\/06\/pilniki-Booklet-5-okladka-px-1.png",4165,4165,false],"thumbnail":["https:\/\/gepa.pl\/wp-content\/uploads\/2021\/06\/pilniki-Booklet-5-okladka-px-1-150x150.png",150,150,true],"medium":["https:\/\/gepa.pl\/wp-content\/uploads\/2021\/06\/pilniki-Booklet-5-okladka-px-1-300x300.png",300,300,true],"medium_large":["https:\/\/gepa.pl\/wp-content\/uploads\/2021\/06\/pilniki-Booklet-5-okladka-px-1-768x768.png",768,768,true],"large":["https:\/\/gepa.pl\/wp-content\/uploads\/2021\/06\/pilniki-Booklet-5-okladka-px-1-1024x1024.png",1024,1024,true],"1536x1536":["https:\/\/gepa.pl\/wp-content\/uploads\/2021\/06\/pilniki-Booklet-5-okladka-px-1-1536x1536.png",1536,1536,true],"2048x2048":["https:\/\/gepa.pl\/wp-content\/uploads\/2021\/06\/pilniki-Booklet-5-okladka-px-1-2048x2048.png",2048,2048,true],"trp-custom-language-flag":["https:\/\/gepa.pl\/wp-content\/uploads\/2021\/06\/pilniki-Booklet-5-okladka-px-1-12x12.png",12,12,true],"woocommerce_thumbnail":["https:\/\/gepa.pl\/wp-content\/uploads\/2021\/06\/pilniki-Booklet-5-okladka-px-1-300x300.png",300,300,true],"woocommerce_single":["https:\/\/gepa.pl\/wp-content\/uploads\/2021\/06\/pilniki-Booklet-5-okladka-px-1-600x600.png",600,600,true],"woocommerce_gallery_thumbnail":["https:\/\/gepa.pl\/wp-content\/uploads\/2021\/06\/pilniki-Booklet-5-okladka-px-1-100x100.png",100,100,true]},"uagb_author_info":{"display_name":"admin1816","author_link":"https:\/\/gepa.pl\/en\/author\/"},"uagb_comment_info":0,"uagb_excerpt":"Pilnik do paznokci typu booklet, zawieraj\u0105cy pi\u0119\u0107 mniejszych pilniczk\u00f3w z mo\u017cliwo\u015bci\u0105 od\u0142\u0105czenia ich od zestawu poprzez wyrwanie. Umo\u017cliwiaj\u0105 to perforacje przy ko\u0144cach pilnik\u00f3w, dzi\u0119ki czemu pilniki mo\u017cna sprawnie oderwa\u0107 od reszty zestawu. Mo\u017cliwe dost\u0119pne r\u00f3\u017cne gradacje papieru za pomoc\u0105 kt\u00f3rych bez problemu skr\u00f3cisz paznokcie zar\u00f3wno naturalne jak i te przed\u0142u\u017cone. Pilniki do paznokci towarzysz\u0105 nam&hellip;","_links":{"self":[{"href":"https:\/\/gepa.pl\/en\/wp-json\/wp\/v2\/product\/3341","targetHints":{"allow":["GET"]}}],"collection":[{"href":"https:\/\/gepa.pl\/en\/wp-json\/wp\/v2\/product"}],"about":[{"href":"https:\/\/gepa.pl\/en\/wp-json\/wp\/v2\/types\/product"}],"wp:featuredmedia":[{"embeddable":true,"href":"https:\/\/gepa.pl\/en\/wp-json\/wp\/v2\/media\/3918"}],"wp:attachment":[{"href":"https:\/\/gepa.pl\/en\/wp-json\/wp\/v2\/media?parent=3341"}],"wp:term":[{"taxonomy":"product_brand","embeddable":true,"href":"https:\/\/gepa.pl\/en\/wp-json\/wp\/v2\/product_brand?post=3341"},{"taxonomy":"product_cat","embeddable":true,"href":"https:\/\/gepa.pl\/en\/wp-json\/wp\/v2\/product_cat?post=3341"},{"taxonomy":"product_tag","embeddable":true,"href":"https:\/\/gepa.pl\/en\/wp-json\/wp\/v2\/product_tag?post=3341"}],"curies":[{"name":"wp","href":"https:\/\/api.w.org\/{rel}","templated":true}]}}