{"id":3346,"date":"2021-06-07T21:45:08","date_gmt":"2021-06-07T21:45:08","guid":{"rendered":"https:\/\/gepa.pl\/?post_type=product&amp;p=3346"},"modified":"2021-06-07T21:45:08","modified_gmt":"2021-06-07T21:45:08","slug":"bandana-headloop-ghl1","status":"publish","type":"product","link":"https:\/\/gepa.pl\/en\/product\/bandana-headloop-ghl1\/","title":{"rendered":"Bandana\/Headloop GHL1"},"content":{"rendered":"","protected":false},"excerpt":{"rendered":"<p>Polyester bandana made of OekoTex certified 140gr knitted fabric.<br \/>\nIdeal for sublimation printing. The knitted fabric used ensures full use of the technology<br \/>\nsublimation printing. The product is manufactured using seamless technology , for increased comfort<br \/>\nuses. Great for colder autumn days, or as protection against the sun on windy vacations.<\/p>\n<p>We offer the possibility 100% to personalize the product to your needs!<\/p>","protected":false},"featured_media":3370,"template":"","meta":{"_uag_custom_page_level_css":""},"product_brand":[],"product_cat":[102],"product_tag":[],"class_list":{"0":"post-3346","1":"product","2":"type-product","3":"status-publish","4":"has-post-thumbnail","6":"product_cat-maski","8":"first","9":"instock","10":"shipping-taxable","11":"purchasable","12":"product-type-simple"},"acf":[],"uagb_featured_image_src":{"full":["https:\/\/gepa.pl\/wp-content\/uploads\/2021\/06\/komin-bez-tla-1.png",500,500,false],"thumbnail":["https:\/\/gepa.pl\/wp-content\/uploads\/2021\/06\/komin-bez-tla-1-150x150.png",150,150,true],"medium":["https:\/\/gepa.pl\/wp-content\/uploads\/2021\/06\/komin-bez-tla-1-300x300.png",300,300,true],"medium_large":["https:\/\/gepa.pl\/wp-content\/uploads\/2021\/06\/komin-bez-tla-1.png",500,500,false],"large":["https:\/\/gepa.pl\/wp-content\/uploads\/2021\/06\/komin-bez-tla-1.png",500,500,false],"1536x1536":["https:\/\/gepa.pl\/wp-content\/uploads\/2021\/06\/komin-bez-tla-1.png",500,500,false],"2048x2048":["https:\/\/gepa.pl\/wp-content\/uploads\/2021\/06\/komin-bez-tla-1.png",500,500,false],"trp-custom-language-flag":["https:\/\/gepa.pl\/wp-content\/uploads\/2021\/06\/komin-bez-tla-1-12x12.png",12,12,true],"woocommerce_thumbnail":["https:\/\/gepa.pl\/wp-content\/uploads\/2021\/06\/komin-bez-tla-1-300x300.png",300,300,true],"woocommerce_single":["https:\/\/gepa.pl\/wp-content\/uploads\/2021\/06\/komin-bez-tla-1.png",500,500,false],"woocommerce_gallery_thumbnail":["https:\/\/gepa.pl\/wp-content\/uploads\/2021\/06\/komin-bez-tla-1-100x100.png",100,100,true]},"uagb_author_info":{"display_name":"admin1816","author_link":"https:\/\/gepa.pl\/en\/author\/"},"uagb_comment_info":0,"uagb_excerpt":"Bandana poliestrowa wykonana z certyfikowanej OekoTex dzianiny 140gr. Idealny pod druk sublimacyjny. U\u017cyta dzianina zapewnia pe\u0142ne wykorzystanie technologii druku sublimacyjnego. Produkt produkowany jest w technologii bezszwowej , dla zwi\u0119kszenia komfortu u\u017cytkowania. \u015awietnie nadaje si\u0119 na zimniejsze jesienne dni, b\u0105d\u017a jako ochrona przeciwko s\u0142o\u0144cu na wietrznych wakacjach. Oferujemy mo\u017cliwo\u015b\u0107 100% personalizacji produktu do w\u0142asnych potrzeb!","_links":{"self":[{"href":"https:\/\/gepa.pl\/en\/wp-json\/wp\/v2\/product\/3346","targetHints":{"allow":["GET"]}}],"collection":[{"href":"https:\/\/gepa.pl\/en\/wp-json\/wp\/v2\/product"}],"about":[{"href":"https:\/\/gepa.pl\/en\/wp-json\/wp\/v2\/types\/product"}],"wp:featuredmedia":[{"embeddable":true,"href":"https:\/\/gepa.pl\/en\/wp-json\/wp\/v2\/media\/3370"}],"wp:attachment":[{"href":"https:\/\/gepa.pl\/en\/wp-json\/wp\/v2\/media?parent=3346"}],"wp:term":[{"taxonomy":"product_brand","embeddable":true,"href":"https:\/\/gepa.pl\/en\/wp-json\/wp\/v2\/product_brand?post=3346"},{"taxonomy":"product_cat","embeddable":true,"href":"https:\/\/gepa.pl\/en\/wp-json\/wp\/v2\/product_cat?post=3346"},{"taxonomy":"product_tag","embeddable":true,"href":"https:\/\/gepa.pl\/en\/wp-json\/wp\/v2\/product_tag?post=3346"}],"curies":[{"name":"wp","href":"https:\/\/api.w.org\/{rel}","templated":true}]}}