{"id":4362,"date":"2023-04-14T15:29:39","date_gmt":"2023-04-14T13:29:39","guid":{"rendered":"https:\/\/gepa.pl\/?post_type=product&amp;p=4362"},"modified":"2023-04-14T15:29:39","modified_gmt":"2023-04-14T13:29:39","slug":"torba-bawelniana-folded","status":"publish","type":"product","link":"https:\/\/gepa.pl\/en\/product\/torba-bawelniana-folded\/","title":{"rendered":"FOLDED cotton bag"},"content":{"rendered":"","protected":false},"excerpt":{"rendered":"<p>Cotton bag, vertical straight without widening the bottom and sides, available in different weights and colors of cotton. The handles of the bag are made of the same cotton, adjusted in grammage to the body. This bag is synonymous with compactness, thanks to the \"patch\" sewn on the front equipped with two napkins, it can be folded aesthetically to fit perfectly into a bag or backpack. The FOLDED model in the original consists of one main large pocket without additional compartments inside, or external pockets<\/p>\n<p>We offer the possibility 100% to personalize the product to your needs!<\/p>","protected":false},"featured_media":4365,"template":"","meta":{"_uag_custom_page_level_css":""},"product_brand":[],"product_cat":[36,37],"product_tag":[],"class_list":{"0":"post-4362","1":"product","2":"type-product","3":"status-publish","4":"has-post-thumbnail","6":"product_cat-torby","7":"product_cat-torby-tekstylne","9":"first","10":"instock","11":"shipping-taxable","12":"purchasable","13":"product-type-simple"},"acf":[],"uagb_featured_image_src":{"full":["https:\/\/gepa.pl\/wp-content\/uploads\/2023\/04\/folded-przod-min.png",4000,4000,false],"thumbnail":["https:\/\/gepa.pl\/wp-content\/uploads\/2023\/04\/folded-przod-min-150x150.png",150,150,true],"medium":["https:\/\/gepa.pl\/wp-content\/uploads\/2023\/04\/folded-przod-min-300x300.png",300,300,true],"medium_large":["https:\/\/gepa.pl\/wp-content\/uploads\/2023\/04\/folded-przod-min-768x768.png",768,768,true],"large":["https:\/\/gepa.pl\/wp-content\/uploads\/2023\/04\/folded-przod-min-1024x1024.png",1024,1024,true],"1536x1536":["https:\/\/gepa.pl\/wp-content\/uploads\/2023\/04\/folded-przod-min-1536x1536.png",1536,1536,true],"2048x2048":["https:\/\/gepa.pl\/wp-content\/uploads\/2023\/04\/folded-przod-min-2048x2048.png",2048,2048,true],"trp-custom-language-flag":["https:\/\/gepa.pl\/wp-content\/uploads\/2023\/04\/folded-przod-min-12x12.png",12,12,true],"woocommerce_thumbnail":["https:\/\/gepa.pl\/wp-content\/uploads\/2023\/04\/folded-przod-min-300x300.png",300,300,true],"woocommerce_single":["https:\/\/gepa.pl\/wp-content\/uploads\/2023\/04\/folded-przod-min-600x600.png",600,600,true],"woocommerce_gallery_thumbnail":["https:\/\/gepa.pl\/wp-content\/uploads\/2023\/04\/folded-przod-min-100x100.png",100,100,true]},"uagb_author_info":{"display_name":"admin1816","author_link":"https:\/\/gepa.pl\/en\/author\/"},"uagb_comment_info":0,"uagb_excerpt":"Torba bawe\u0142niana, pionowa prosta bez poszerzenia dna i bok\u00f3w, dost\u0119pna w r\u00f3\u017cnych gramaturach i kolorach bawe\u0142ny. Uchwyty torby wykonane z tej samej bawe\u0142ny, dostosowane gramatur\u0105 do korpusu. Torba ta jest synonimem kompaktowo\u015bci, dzi\u0119ki \u201e\u0142acie\u201d naszytej z przodu wyposa\u017conej w dwa napy, mo\u017cna j\u0105 estetycznie z\u0142o\u017cy\u0107 aby idealnie zmie\u015bci\u0142a si\u0119 do torebki b\u0105d\u017a plecaka. Model FOLDED&hellip;","_links":{"self":[{"href":"https:\/\/gepa.pl\/en\/wp-json\/wp\/v2\/product\/4362","targetHints":{"allow":["GET"]}}],"collection":[{"href":"https:\/\/gepa.pl\/en\/wp-json\/wp\/v2\/product"}],"about":[{"href":"https:\/\/gepa.pl\/en\/wp-json\/wp\/v2\/types\/product"}],"wp:featuredmedia":[{"embeddable":true,"href":"https:\/\/gepa.pl\/en\/wp-json\/wp\/v2\/media\/4365"}],"wp:attachment":[{"href":"https:\/\/gepa.pl\/en\/wp-json\/wp\/v2\/media?parent=4362"}],"wp:term":[{"taxonomy":"product_brand","embeddable":true,"href":"https:\/\/gepa.pl\/en\/wp-json\/wp\/v2\/product_brand?post=4362"},{"taxonomy":"product_cat","embeddable":true,"href":"https:\/\/gepa.pl\/en\/wp-json\/wp\/v2\/product_cat?post=4362"},{"taxonomy":"product_tag","embeddable":true,"href":"https:\/\/gepa.pl\/en\/wp-json\/wp\/v2\/product_tag?post=4362"}],"curies":[{"name":"wp","href":"https:\/\/api.w.org\/{rel}","templated":true}]}}