{"id":4373,"date":"2023-04-20T12:09:25","date_gmt":"2023-04-20T10:09:25","guid":{"rendered":"https:\/\/gepa.pl\/?post_type=product&amp;p=4373"},"modified":"2023-04-20T12:09:25","modified_gmt":"2023-04-20T10:09:25","slug":"torba-bawelniana-mall-terror","status":"publish","type":"product","link":"https:\/\/gepa.pl\/en\/product\/torba-bawelniana-mall-terror\/","title":{"rendered":"MALL TERROR cotton bag"},"content":{"rendered":"","protected":false},"excerpt":{"rendered":"<p>The MALL TERROR bag was designed specifically for long visits to supermarkets. With a capacious main pocket and two smaller outside pockets on the sides, it guarantees a place for every larger and smaller shopping situation. The bag is made of thick and strong cotton, and is available in a variety of color shades. Heavy-duty webbing handles sewn into one-third of the bag's length guarantee great carrying capacity and comfort. The widening of the bottom guarantees more usable space. The MALL TERROR model in the original consists of one main large pocket and two external side pockets.<\/p>\n<p>We offer the possibility 100% to personalize the product to your needs!<\/p>","protected":false},"featured_media":4377,"template":"","meta":{"_uag_custom_page_level_css":""},"product_brand":[],"product_cat":[36,37],"product_tag":[],"class_list":{"0":"post-4373","1":"product","2":"type-product","3":"status-publish","4":"has-post-thumbnail","6":"product_cat-torby","7":"product_cat-torby-tekstylne","9":"first","10":"instock","11":"shipping-taxable","12":"purchasable","13":"product-type-simple"},"acf":[],"uagb_featured_image_src":{"full":["https:\/\/gepa.pl\/wp-content\/uploads\/2023\/04\/torba-bawelniana-mall-terror-przod.png",1000,1000,false],"thumbnail":["https:\/\/gepa.pl\/wp-content\/uploads\/2023\/04\/torba-bawelniana-mall-terror-przod-150x150.png",150,150,true],"medium":["https:\/\/gepa.pl\/wp-content\/uploads\/2023\/04\/torba-bawelniana-mall-terror-przod-300x300.png",300,300,true],"medium_large":["https:\/\/gepa.pl\/wp-content\/uploads\/2023\/04\/torba-bawelniana-mall-terror-przod-768x768.png",768,768,true],"large":["https:\/\/gepa.pl\/wp-content\/uploads\/2023\/04\/torba-bawelniana-mall-terror-przod.png",1000,1000,false],"1536x1536":["https:\/\/gepa.pl\/wp-content\/uploads\/2023\/04\/torba-bawelniana-mall-terror-przod.png",1000,1000,false],"2048x2048":["https:\/\/gepa.pl\/wp-content\/uploads\/2023\/04\/torba-bawelniana-mall-terror-przod.png",1000,1000,false],"trp-custom-language-flag":["https:\/\/gepa.pl\/wp-content\/uploads\/2023\/04\/torba-bawelniana-mall-terror-przod-12x12.png",12,12,true],"woocommerce_thumbnail":["https:\/\/gepa.pl\/wp-content\/uploads\/2023\/04\/torba-bawelniana-mall-terror-przod-300x300.png",300,300,true],"woocommerce_single":["https:\/\/gepa.pl\/wp-content\/uploads\/2023\/04\/torba-bawelniana-mall-terror-przod-600x600.png",600,600,true],"woocommerce_gallery_thumbnail":["https:\/\/gepa.pl\/wp-content\/uploads\/2023\/04\/torba-bawelniana-mall-terror-przod-100x100.png",100,100,true]},"uagb_author_info":{"display_name":"admin1816","author_link":"https:\/\/gepa.pl\/en\/author\/"},"uagb_comment_info":0,"uagb_excerpt":"Torba MALL TERROR zosta\u0142a zaprojektowana specjalnie dla d\u0142ugich wizyt w supermarketach. Pojemna g\u0142\u00f3wna kiesze\u0144 oraz dwie mniejszej kieszenie zewn\u0119trzne po bokach gwarantuj\u0105 miejsce na ka\u017cde wi\u0119ksze oraz mniejsze sytuacje zakupowe. Torba wykonana z grubej i mocnej bawe\u0142ny, dost\u0119pna w r\u00f3\u017cnych odcieniach kolorystycznych. Uchwyty z mocnej ta\u015bmy no\u015bnej wszyte na jedn\u0105 trzeci\u0105 d\u0142ugo\u015bci torby gwarantuj\u0105 du\u017cy&hellip;","_links":{"self":[{"href":"https:\/\/gepa.pl\/en\/wp-json\/wp\/v2\/product\/4373","targetHints":{"allow":["GET"]}}],"collection":[{"href":"https:\/\/gepa.pl\/en\/wp-json\/wp\/v2\/product"}],"about":[{"href":"https:\/\/gepa.pl\/en\/wp-json\/wp\/v2\/types\/product"}],"wp:featuredmedia":[{"embeddable":true,"href":"https:\/\/gepa.pl\/en\/wp-json\/wp\/v2\/media\/4377"}],"wp:attachment":[{"href":"https:\/\/gepa.pl\/en\/wp-json\/wp\/v2\/media?parent=4373"}],"wp:term":[{"taxonomy":"product_brand","embeddable":true,"href":"https:\/\/gepa.pl\/en\/wp-json\/wp\/v2\/product_brand?post=4373"},{"taxonomy":"product_cat","embeddable":true,"href":"https:\/\/gepa.pl\/en\/wp-json\/wp\/v2\/product_cat?post=4373"},{"taxonomy":"product_tag","embeddable":true,"href":"https:\/\/gepa.pl\/en\/wp-json\/wp\/v2\/product_tag?post=4373"}],"curies":[{"name":"wp","href":"https:\/\/api.w.org\/{rel}","templated":true}]}}