{"id":4385,"date":"2023-04-20T14:45:19","date_gmt":"2023-04-20T12:45:19","guid":{"rendered":"https:\/\/gepa.pl\/?post_type=product&amp;p=4385"},"modified":"2023-04-20T14:45:19","modified_gmt":"2023-04-20T12:45:19","slug":"torba-bawelniana-small-mall-terror","status":"publish","type":"product","link":"https:\/\/gepa.pl\/en\/product\/torba-bawelniana-small-mall-terror\/","title":{"rendered":"SMALL MALL TERROR cotton bag."},"content":{"rendered":"","protected":false},"excerpt":{"rendered":"<p>The SMALL MALL TERROR bag is the younger sister of the mall terror bag. Definitely smaller, but still very sturdy and roomy mainly due to the widened sides. The bag is sewn from thick, waterproof 600D polyester with webbing ears sewn along the entire length of the bag, which guarantees maximum load capacity, e.g. for heavy electronics or household appliances. Inside, the bag is lined with polyester material with the possibility of marking, which means that logos can appear on the outer panels as well as on the entire surface of the lining inside. Laminated seams guarantee even greater durability of the product. The SMALL MALL TERROR model in the original consists of one main large pocket with no additional interior or exterior pockets.<\/p>\n<p>We offer the possibility 100% to personalize the product to your needs!<\/p>","protected":false},"featured_media":4389,"template":"","meta":{"_uag_custom_page_level_css":""},"product_brand":[],"product_cat":[36,37],"product_tag":[],"class_list":{"0":"post-4385","1":"product","2":"type-product","3":"status-publish","4":"has-post-thumbnail","6":"product_cat-torby","7":"product_cat-torby-tekstylne","9":"first","10":"instock","11":"shipping-taxable","12":"purchasable","13":"product-type-simple"},"acf":[],"uagb_featured_image_src":{"full":["https:\/\/gepa.pl\/wp-content\/uploads\/2023\/04\/Torba-bawelniana-SMALL-MALL-TERROR-przod.png",1000,1000,false],"thumbnail":["https:\/\/gepa.pl\/wp-content\/uploads\/2023\/04\/Torba-bawelniana-SMALL-MALL-TERROR-przod-150x150.png",150,150,true],"medium":["https:\/\/gepa.pl\/wp-content\/uploads\/2023\/04\/Torba-bawelniana-SMALL-MALL-TERROR-przod-300x300.png",300,300,true],"medium_large":["https:\/\/gepa.pl\/wp-content\/uploads\/2023\/04\/Torba-bawelniana-SMALL-MALL-TERROR-przod-768x768.png",768,768,true],"large":["https:\/\/gepa.pl\/wp-content\/uploads\/2023\/04\/Torba-bawelniana-SMALL-MALL-TERROR-przod.png",1000,1000,false],"1536x1536":["https:\/\/gepa.pl\/wp-content\/uploads\/2023\/04\/Torba-bawelniana-SMALL-MALL-TERROR-przod.png",1000,1000,false],"2048x2048":["https:\/\/gepa.pl\/wp-content\/uploads\/2023\/04\/Torba-bawelniana-SMALL-MALL-TERROR-przod.png",1000,1000,false],"trp-custom-language-flag":["https:\/\/gepa.pl\/wp-content\/uploads\/2023\/04\/Torba-bawelniana-SMALL-MALL-TERROR-przod-12x12.png",12,12,true],"woocommerce_thumbnail":["https:\/\/gepa.pl\/wp-content\/uploads\/2023\/04\/Torba-bawelniana-SMALL-MALL-TERROR-przod-300x300.png",300,300,true],"woocommerce_single":["https:\/\/gepa.pl\/wp-content\/uploads\/2023\/04\/Torba-bawelniana-SMALL-MALL-TERROR-przod-600x600.png",600,600,true],"woocommerce_gallery_thumbnail":["https:\/\/gepa.pl\/wp-content\/uploads\/2023\/04\/Torba-bawelniana-SMALL-MALL-TERROR-przod-100x100.png",100,100,true]},"uagb_author_info":{"display_name":"admin1816","author_link":"https:\/\/gepa.pl\/en\/author\/"},"uagb_comment_info":0,"uagb_excerpt":"Torba SMALL MALL TERROR to m\u0142odsza siostra torby mall terror. Zdecydowanie mniejsza, jednak nadal bardzo wytrzyma\u0142a i pojemna g\u0142\u00f3wnie dzi\u0119ki poszerzanym bokom. Torba szyta z grubego nieprzemakalnego poliestru 600D z uszami z ta\u015bmy no\u015bnej wszytymi na ca\u0142\u0105 d\u0142ugo\u015b\u0107 torby co zagwarantuje maksymalny ud\u017awig np. ci\u0119\u017ckich sprz\u0119t\u00f3w RTV czy AGD. Torba w \u015brodku podszyta poliestrowym materia\u0142em&hellip;","_links":{"self":[{"href":"https:\/\/gepa.pl\/en\/wp-json\/wp\/v2\/product\/4385","targetHints":{"allow":["GET"]}}],"collection":[{"href":"https:\/\/gepa.pl\/en\/wp-json\/wp\/v2\/product"}],"about":[{"href":"https:\/\/gepa.pl\/en\/wp-json\/wp\/v2\/types\/product"}],"wp:featuredmedia":[{"embeddable":true,"href":"https:\/\/gepa.pl\/en\/wp-json\/wp\/v2\/media\/4389"}],"wp:attachment":[{"href":"https:\/\/gepa.pl\/en\/wp-json\/wp\/v2\/media?parent=4385"}],"wp:term":[{"taxonomy":"product_brand","embeddable":true,"href":"https:\/\/gepa.pl\/en\/wp-json\/wp\/v2\/product_brand?post=4385"},{"taxonomy":"product_cat","embeddable":true,"href":"https:\/\/gepa.pl\/en\/wp-json\/wp\/v2\/product_cat?post=4385"},{"taxonomy":"product_tag","embeddable":true,"href":"https:\/\/gepa.pl\/en\/wp-json\/wp\/v2\/product_tag?post=4385"}],"curies":[{"name":"wp","href":"https:\/\/api.w.org\/{rel}","templated":true}]}}