{"id":4449,"date":"2023-06-02T13:52:50","date_gmt":"2023-06-02T11:52:50","guid":{"rendered":"https:\/\/gepa.pl\/?post_type=product&#038;p=4449"},"modified":"2025-03-10T15:09:09","modified_gmt":"2025-03-10T14:09:09","slug":"4449","status":"publish","type":"product","link":"https:\/\/gepa.pl\/en\/product\/4449\/","title":{"rendered":"CHILLBAG"},"content":{"rendered":"","protected":false},"excerpt":{"rendered":"<p>A comfortable piece of seating furniture tailored to your needs. The upholstery of the presented model is made of polyester fabric so that we can brand it as we wish, using the sublimation method. The base of this armchair is a circle with a diameter of 70 cm, and the whole piece of furniture is about 110 cm high. It is filled with polystyrene granules, so it is comfortable, springy and flexibly adapts to the shape of the person who sits on it.<\/p>\n<p>We offer the possibility 100% to personalize the product to your needs!<\/p>","protected":false},"featured_media":6122,"template":"","meta":{"_uag_custom_page_level_css":""},"product_brand":[],"product_cat":[118],"product_tag":[113,114,115,116,117,119],"class_list":{"0":"post-4449","1":"product","2":"type-product","3":"status-publish","4":"has-post-thumbnail","6":"product_cat-pufy","7":"product_tag-beanbags","8":"product_tag-items","9":"product_tag-polyester","10":"product_tag-promotional","11":"product_tag-promotional-items","12":"product_tag-sublimation-print","14":"first","15":"instock","16":"downloadable","17":"shipping-taxable","18":"purchasable","19":"product-type-simple"},"acf":[],"uagb_featured_image_src":{"full":["https:\/\/gepa.pl\/wp-content\/uploads\/2025\/02\/pufa.png",1024,1024,false],"thumbnail":["https:\/\/gepa.pl\/wp-content\/uploads\/2025\/02\/pufa-150x150.png",150,150,true],"medium":["https:\/\/gepa.pl\/wp-content\/uploads\/2025\/02\/pufa-300x300.png",300,300,true],"medium_large":["https:\/\/gepa.pl\/wp-content\/uploads\/2025\/02\/pufa-768x768.png",768,768,true],"large":["https:\/\/gepa.pl\/wp-content\/uploads\/2025\/02\/pufa.png",1024,1024,false],"1536x1536":["https:\/\/gepa.pl\/wp-content\/uploads\/2025\/02\/pufa.png",1024,1024,false],"2048x2048":["https:\/\/gepa.pl\/wp-content\/uploads\/2025\/02\/pufa.png",1024,1024,false],"trp-custom-language-flag":["https:\/\/gepa.pl\/wp-content\/uploads\/2025\/02\/pufa-12x12.png",12,12,true],"woocommerce_thumbnail":["https:\/\/gepa.pl\/wp-content\/uploads\/2025\/02\/pufa-300x300.png",300,300,true],"woocommerce_single":["https:\/\/gepa.pl\/wp-content\/uploads\/2025\/02\/pufa-600x600.png",600,600,true],"woocommerce_gallery_thumbnail":["https:\/\/gepa.pl\/wp-content\/uploads\/2025\/02\/pufa-100x100.png",100,100,true]},"uagb_author_info":{"display_name":"admin1816","author_link":"https:\/\/gepa.pl\/en\/author\/"},"uagb_comment_info":0,"uagb_excerpt":"Wygodny mebel do siedzenia dostosowany do Twoich potrzeb. Tapicerka prezentowanego modelu wykonana jest z tkaniny poliestrowej dzi\u0119ki czemu mo\u017cemy j\u0105 dowolnie znakowa\u0107, metod\u0105 sublimacji. Podstaw\u0119 tego fotela jest okr\u0105g o \u015brednicy 70 cm, a ca\u0142y mebel ma oko\u0142o 110 cm wysoko\u015bci. Jest on wype\u0142niony granulatem styropianowym, dzi\u0119ki czemu jest wygodny, spr\u0119\u017cysty i elastycznie dopasowuje si\u0119&hellip;","_links":{"self":[{"href":"https:\/\/gepa.pl\/en\/wp-json\/wp\/v2\/product\/4449","targetHints":{"allow":["GET"]}}],"collection":[{"href":"https:\/\/gepa.pl\/en\/wp-json\/wp\/v2\/product"}],"about":[{"href":"https:\/\/gepa.pl\/en\/wp-json\/wp\/v2\/types\/product"}],"wp:featuredmedia":[{"embeddable":true,"href":"https:\/\/gepa.pl\/en\/wp-json\/wp\/v2\/media\/6122"}],"wp:attachment":[{"href":"https:\/\/gepa.pl\/en\/wp-json\/wp\/v2\/media?parent=4449"}],"wp:term":[{"taxonomy":"product_brand","embeddable":true,"href":"https:\/\/gepa.pl\/en\/wp-json\/wp\/v2\/product_brand?post=4449"},{"taxonomy":"product_cat","embeddable":true,"href":"https:\/\/gepa.pl\/en\/wp-json\/wp\/v2\/product_cat?post=4449"},{"taxonomy":"product_tag","embeddable":true,"href":"https:\/\/gepa.pl\/en\/wp-json\/wp\/v2\/product_tag?post=4449"}],"curies":[{"name":"wp","href":"https:\/\/api.w.org\/{rel}","templated":true}]}}