{"id":4453,"date":"2023-06-02T14:47:42","date_gmt":"2023-06-02T12:47:42","guid":{"rendered":"https:\/\/gepa.pl\/?post_type=product&#038;p=4453"},"modified":"2026-03-15T11:48:18","modified_gmt":"2026-03-15T10:48:18","slug":"chillbag-king-size","status":"publish","type":"product","link":"https:\/\/gepa.pl\/en\/product\/chillbag-king-size\/","title":{"rendered":"CHILLBAG KING SIZE"},"content":{"rendered":"","protected":false},"excerpt":{"rendered":"<p>A comfortable piece of seating furniture tailored to your needs. Upholstery of the presented model is made of polyester fabric so that we can mark it freely, using sublimation method. The base of this chair is a square or circle with a diameter of 85 cm , and the whole piece of furniture is about 135 cm high. It is filled with polystyrene granules, so it is comfortable, springy and flexibly adapts to the shape of the person who sits on it.<\/p>\n<p>We offer the possibility 100% to personalize the product to your needs!<\/p>","protected":false},"featured_media":6124,"template":"","meta":{"_uag_custom_page_level_css":""},"product_brand":[],"product_cat":[118],"product_tag":[113,114,115,116,117,119],"class_list":{"0":"post-4453","1":"product","2":"type-product","3":"status-publish","4":"has-post-thumbnail","6":"product_cat-pufy","7":"product_tag-beanbags","8":"product_tag-items","9":"product_tag-polyester","10":"product_tag-promotional","11":"product_tag-promotional-items","12":"product_tag-sublimation-print","14":"first","15":"instock","16":"shipping-taxable","17":"purchasable","18":"product-type-simple"},"acf":[],"uagb_featured_image_src":{"full":["https:\/\/gepa.pl\/wp-content\/uploads\/2025\/02\/pufa2.png",1024,1024,false],"thumbnail":["https:\/\/gepa.pl\/wp-content\/uploads\/2025\/02\/pufa2-150x150.png",150,150,true],"medium":["https:\/\/gepa.pl\/wp-content\/uploads\/2025\/02\/pufa2-300x300.png",300,300,true],"medium_large":["https:\/\/gepa.pl\/wp-content\/uploads\/2025\/02\/pufa2-768x768.png",768,768,true],"large":["https:\/\/gepa.pl\/wp-content\/uploads\/2025\/02\/pufa2.png",1024,1024,false],"1536x1536":["https:\/\/gepa.pl\/wp-content\/uploads\/2025\/02\/pufa2.png",1024,1024,false],"2048x2048":["https:\/\/gepa.pl\/wp-content\/uploads\/2025\/02\/pufa2.png",1024,1024,false],"trp-custom-language-flag":["https:\/\/gepa.pl\/wp-content\/uploads\/2025\/02\/pufa2-12x12.png",12,12,true],"woocommerce_thumbnail":["https:\/\/gepa.pl\/wp-content\/uploads\/2025\/02\/pufa2-300x300.png",300,300,true],"woocommerce_single":["https:\/\/gepa.pl\/wp-content\/uploads\/2025\/02\/pufa2-600x600.png",600,600,true],"woocommerce_gallery_thumbnail":["https:\/\/gepa.pl\/wp-content\/uploads\/2025\/02\/pufa2-100x100.png",100,100,true]},"uagb_author_info":{"display_name":"admin1816","author_link":"https:\/\/gepa.pl\/en\/author\/"},"uagb_comment_info":0,"uagb_excerpt":"Wygodny mebel do siedzenia dostosowany do Twoich potrzeb. Tapicerka prezentowanego modelu wykonana jest z tkaniny poliestrowej dzi\u0119ki czemu mo\u017cemy j\u0105 dowolnie znakowa\u0107, metod\u0105 sublimacji. Podstaw\u0119 tego fotela jest kwadrat lub okr\u0105g o \u015brednicy 85 cm , a ca\u0142y mebel ma oko\u0142o 135 cm wysoko\u015bci. Jest on wype\u0142niony granulatem styropianowym, dzi\u0119ki czemu jest wygodny, spr\u0119\u017cysty i&hellip;","_links":{"self":[{"href":"https:\/\/gepa.pl\/en\/wp-json\/wp\/v2\/product\/4453","targetHints":{"allow":["GET"]}}],"collection":[{"href":"https:\/\/gepa.pl\/en\/wp-json\/wp\/v2\/product"}],"about":[{"href":"https:\/\/gepa.pl\/en\/wp-json\/wp\/v2\/types\/product"}],"wp:featuredmedia":[{"embeddable":true,"href":"https:\/\/gepa.pl\/en\/wp-json\/wp\/v2\/media\/6124"}],"wp:attachment":[{"href":"https:\/\/gepa.pl\/en\/wp-json\/wp\/v2\/media?parent=4453"}],"wp:term":[{"taxonomy":"product_brand","embeddable":true,"href":"https:\/\/gepa.pl\/en\/wp-json\/wp\/v2\/product_brand?post=4453"},{"taxonomy":"product_cat","embeddable":true,"href":"https:\/\/gepa.pl\/en\/wp-json\/wp\/v2\/product_cat?post=4453"},{"taxonomy":"product_tag","embeddable":true,"href":"https:\/\/gepa.pl\/en\/wp-json\/wp\/v2\/product_tag?post=4453"}],"curies":[{"name":"wp","href":"https:\/\/api.w.org\/{rel}","templated":true}]}}