{"id":4457,"date":"2023-06-02T14:59:07","date_gmt":"2023-06-02T12:59:07","guid":{"rendered":"https:\/\/gepa.pl\/?post_type=product&#038;p=4457"},"modified":"2025-02-24T18:26:13","modified_gmt":"2025-02-24T17:26:13","slug":"cube","status":"publish","type":"product","link":"https:\/\/gepa.pl\/en\/product\/cube\/","title":{"rendered":"CUBE"},"content":{"rendered":"","protected":false},"excerpt":{"rendered":"<p>A comfortable piece of seating furniture tailored to your needs. The upholstery of the presented model is made of polyester fabric so that we can brand it as we wish, using the sublimation method. The base of this seat is a square with a diameter of 40 cm, and the whole piece of furniture is about 40 cm high. It is filled with foam, making it a comfortable, stable and durable seat. Thanks to the simplicity of the shape, it will easily fit into the living space. It easily fits into the living space.<\/p>\n<p>We offer the possibility 100% to personalize the product to your needs!<\/p>","protected":false},"featured_media":6140,"template":"","meta":{"_uag_custom_page_level_css":""},"product_brand":[],"product_cat":[118],"product_tag":[113,114,115,116,117,119],"class_list":{"0":"post-4457","1":"product","2":"type-product","3":"status-publish","4":"has-post-thumbnail","6":"product_cat-pufy","7":"product_tag-beanbags","8":"product_tag-items","9":"product_tag-polyester","10":"product_tag-promotional","11":"product_tag-promotional-items","12":"product_tag-sublimation-print","14":"first","15":"instock","16":"shipping-taxable","17":"purchasable","18":"product-type-simple"},"acf":[],"uagb_featured_image_src":{"full":["https:\/\/gepa.pl\/wp-content\/uploads\/2025\/02\/Qube-bean-bags-1.png",1000,1000,false],"thumbnail":["https:\/\/gepa.pl\/wp-content\/uploads\/2025\/02\/Qube-bean-bags-1-150x150.png",150,150,true],"medium":["https:\/\/gepa.pl\/wp-content\/uploads\/2025\/02\/Qube-bean-bags-1-300x300.png",300,300,true],"medium_large":["https:\/\/gepa.pl\/wp-content\/uploads\/2025\/02\/Qube-bean-bags-1-768x768.png",768,768,true],"large":["https:\/\/gepa.pl\/wp-content\/uploads\/2025\/02\/Qube-bean-bags-1.png",1000,1000,false],"1536x1536":["https:\/\/gepa.pl\/wp-content\/uploads\/2025\/02\/Qube-bean-bags-1.png",1000,1000,false],"2048x2048":["https:\/\/gepa.pl\/wp-content\/uploads\/2025\/02\/Qube-bean-bags-1.png",1000,1000,false],"trp-custom-language-flag":["https:\/\/gepa.pl\/wp-content\/uploads\/2025\/02\/Qube-bean-bags-1-12x12.png",12,12,true],"woocommerce_thumbnail":["https:\/\/gepa.pl\/wp-content\/uploads\/2025\/02\/Qube-bean-bags-1-300x300.png",300,300,true],"woocommerce_single":["https:\/\/gepa.pl\/wp-content\/uploads\/2025\/02\/Qube-bean-bags-1-600x600.png",600,600,true],"woocommerce_gallery_thumbnail":["https:\/\/gepa.pl\/wp-content\/uploads\/2025\/02\/Qube-bean-bags-1-100x100.png",100,100,true]},"uagb_author_info":{"display_name":"admin1816","author_link":"https:\/\/gepa.pl\/en\/author\/"},"uagb_comment_info":0,"uagb_excerpt":"Wygodny mebel do siedzenia dostosowany do Twoich potrzeb. Tapicerka prezentowanego modelu wykonana jest z tkaniny poliestrowej dzi\u0119ki czemu mo\u017cemy j\u0105 dowolnie znakowa\u0107, metod\u0105 sublimacji. Podstaw\u0119 tego siedziska jest kwadrat o \u015brednicy 40 cm, a ca\u0142y mebel ma oko\u0142o 40 cm wysoko\u015bci. Wype\u0142niony jest piank\u0105 piank\u0105, dzi\u0119ki czemu jest to wygodne, stabilne i trwa\u0142e siedzisko. Dzi\u0119ki&hellip;","_links":{"self":[{"href":"https:\/\/gepa.pl\/en\/wp-json\/wp\/v2\/product\/4457","targetHints":{"allow":["GET"]}}],"collection":[{"href":"https:\/\/gepa.pl\/en\/wp-json\/wp\/v2\/product"}],"about":[{"href":"https:\/\/gepa.pl\/en\/wp-json\/wp\/v2\/types\/product"}],"wp:featuredmedia":[{"embeddable":true,"href":"https:\/\/gepa.pl\/en\/wp-json\/wp\/v2\/media\/6140"}],"wp:attachment":[{"href":"https:\/\/gepa.pl\/en\/wp-json\/wp\/v2\/media?parent=4457"}],"wp:term":[{"taxonomy":"product_brand","embeddable":true,"href":"https:\/\/gepa.pl\/en\/wp-json\/wp\/v2\/product_brand?post=4457"},{"taxonomy":"product_cat","embeddable":true,"href":"https:\/\/gepa.pl\/en\/wp-json\/wp\/v2\/product_cat?post=4457"},{"taxonomy":"product_tag","embeddable":true,"href":"https:\/\/gepa.pl\/en\/wp-json\/wp\/v2\/product_tag?post=4457"}],"curies":[{"name":"wp","href":"https:\/\/api.w.org\/{rel}","templated":true}]}}