{"id":4468,"date":"2023-06-05T16:17:12","date_gmt":"2023-06-05T14:17:12","guid":{"rendered":"https:\/\/gepa.pl\/?post_type=product&#038;p=4468"},"modified":"2026-03-15T11:25:41","modified_gmt":"2026-03-15T10:25:41","slug":"standard","status":"publish","type":"product","link":"https:\/\/gepa.pl\/en\/product\/standard\/","title":{"rendered":"STANDARD"},"content":{"rendered":"","protected":false},"excerpt":{"rendered":"<p>The standard model recliner measures 125 x 54 x 3.2 cm. Waterproof polyester fabric with sublimation printing provides the ability to brand with virtually any graphic, design or logo.<\/p>\n<p>We offer the possibility 100% to personalize the product to your needs!<\/p>","protected":false},"featured_media":6424,"template":"","meta":{"_uag_custom_page_level_css":""},"product_brand":[],"product_cat":[121,123],"product_tag":[120,115,117,119],"class_list":{"0":"post-4468","1":"product","2":"type-product","3":"status-publish","4":"has-post-thumbnail","6":"product_cat-lezaki","7":"product_cat-outdoor","8":"product_tag-deckchairs","9":"product_tag-polyester","10":"product_tag-promotional-items","11":"product_tag-sublimation-print","13":"first","14":"instock","15":"shipping-taxable","16":"purchasable","17":"product-type-simple"},"acf":[],"uagb_featured_image_src":{"full":["https:\/\/gepa.pl\/wp-content\/uploads\/2026\/03\/Lezaki-3.png",1024,1024,false],"thumbnail":["https:\/\/gepa.pl\/wp-content\/uploads\/2026\/03\/Lezaki-3-150x150.png",150,150,true],"medium":["https:\/\/gepa.pl\/wp-content\/uploads\/2026\/03\/Lezaki-3-300x300.png",300,300,true],"medium_large":["https:\/\/gepa.pl\/wp-content\/uploads\/2026\/03\/Lezaki-3-768x768.png",768,768,true],"large":["https:\/\/gepa.pl\/wp-content\/uploads\/2026\/03\/Lezaki-3.png",1024,1024,false],"1536x1536":["https:\/\/gepa.pl\/wp-content\/uploads\/2026\/03\/Lezaki-3.png",1024,1024,false],"2048x2048":["https:\/\/gepa.pl\/wp-content\/uploads\/2026\/03\/Lezaki-3.png",1024,1024,false],"trp-custom-language-flag":["https:\/\/gepa.pl\/wp-content\/uploads\/2026\/03\/Lezaki-3-12x12.png",12,12,true],"woocommerce_thumbnail":["https:\/\/gepa.pl\/wp-content\/uploads\/2026\/03\/Lezaki-3-300x300.png",300,300,true],"woocommerce_single":["https:\/\/gepa.pl\/wp-content\/uploads\/2026\/03\/Lezaki-3-600x600.png",600,600,true],"woocommerce_gallery_thumbnail":["https:\/\/gepa.pl\/wp-content\/uploads\/2026\/03\/Lezaki-3-100x100.png",100,100,true]},"uagb_author_info":{"display_name":"admin1816","author_link":"https:\/\/gepa.pl\/en\/author\/"},"uagb_comment_info":0,"uagb_excerpt":"Standardowy model le\u017caka o wymiarach 125 x 54 x 3,2 cm. Wodoodporna tkanina poliestrowa z nadrukiem sublimacyjnym zapewnia mo\u017cliwo\u015b\u0107 znakowania praktycznie dowoln\u0105 grafik\u0105, wzorem lub logo. Oferujemy mo\u017cliwo\u015b\u0107 100% personalizacji produktu do w\u0142asnych potrzeb!","_links":{"self":[{"href":"https:\/\/gepa.pl\/en\/wp-json\/wp\/v2\/product\/4468","targetHints":{"allow":["GET"]}}],"collection":[{"href":"https:\/\/gepa.pl\/en\/wp-json\/wp\/v2\/product"}],"about":[{"href":"https:\/\/gepa.pl\/en\/wp-json\/wp\/v2\/types\/product"}],"wp:featuredmedia":[{"embeddable":true,"href":"https:\/\/gepa.pl\/en\/wp-json\/wp\/v2\/media\/6424"}],"wp:attachment":[{"href":"https:\/\/gepa.pl\/en\/wp-json\/wp\/v2\/media?parent=4468"}],"wp:term":[{"taxonomy":"product_brand","embeddable":true,"href":"https:\/\/gepa.pl\/en\/wp-json\/wp\/v2\/product_brand?post=4468"},{"taxonomy":"product_cat","embeddable":true,"href":"https:\/\/gepa.pl\/en\/wp-json\/wp\/v2\/product_cat?post=4468"},{"taxonomy":"product_tag","embeddable":true,"href":"https:\/\/gepa.pl\/en\/wp-json\/wp\/v2\/product_tag?post=4468"}],"curies":[{"name":"wp","href":"https:\/\/api.w.org\/{rel}","templated":true}]}}