{"id":4591,"date":"2023-07-18T14:14:18","date_gmt":"2023-07-18T12:14:18","guid":{"rendered":"https:\/\/gepa.pl\/?post_type=product&amp;p=4591"},"modified":"2023-07-18T14:14:18","modified_gmt":"2023-07-18T12:14:18","slug":"roll-up-basic","status":"publish","type":"product","link":"https:\/\/gepa.pl\/en\/product\/roll-up-basic\/","title":{"rendered":"Roll-Up Basic"},"content":{"rendered":"","protected":false},"excerpt":{"rendered":"<p>Increase your brand visibility with our premium standard retractable banners. These portable marketing tools feature vibrant graphics, durable materials and easy setup. Ideal for trade shows, conferences and events, our banners leave an indelible impression. With a user-friendly and lightweight design, they can be effortlessly assembled and disassembled. Customize the banners to match your brand, products or promotion to attract your target audience. Portable and versatile, these retractable banners provide convenience for professionals on the go. Elevate your marketing efforts and make a strong impact with our high-quality standard retractable banners.<\/p>\n<p>We offer the possibility 100% to personalize the product to your needs!<\/p>","protected":false},"featured_media":4592,"template":"","meta":{"_uag_custom_page_level_css":""},"product_brand":[],"product_cat":[132],"product_tag":[129,130,131,134,135],"class_list":{"0":"post-4591","1":"product","2":"type-product","3":"status-publish","4":"has-post-thumbnail","6":"product_cat-roll-up","7":"product_tag-banner","8":"product_tag-offset-print","9":"product_tag-print","10":"product_tag-rollup","11":"product_tag-stand","13":"first","14":"instock","15":"shipping-taxable","16":"purchasable","17":"product-type-simple"},"acf":[],"uagb_featured_image_src":{"full":false,"thumbnail":false,"medium":false,"medium_large":false,"large":false,"1536x1536":false,"2048x2048":false,"trp-custom-language-flag":false,"woocommerce_thumbnail":false,"woocommerce_single":false,"woocommerce_gallery_thumbnail":false},"uagb_author_info":{"display_name":"admin1816","author_link":"https:\/\/gepa.pl\/en\/author\/"},"uagb_comment_info":0,"uagb_excerpt":"Zwi\u0119ksz widoczno\u015b\u0107 marki dzi\u0119ki naszym standardowym banerom zwijanym klasy premium. Te przeno\u015bne narz\u0119dzia marketingowe charakteryzuj\u0105 si\u0119 \u017cyw\u0105 grafik\u0105, trwa\u0142ymi materia\u0142ami i \u0142atw\u0105 konfiguracj\u0105. Idealne na targi, konferencje i wydarzenia, nasze banery pozostawiaj\u0105 niezatarte wra\u017cenie. Dzi\u0119ki przyjaznej dla u\u017cytkownika i lekkiej konstrukcji mo\u017cna je bez wysi\u0142ku montowa\u0107 i demontowa\u0107. Dostosuj banery do swojej marki, produkt\u00f3w lub&hellip;","_links":{"self":[{"href":"https:\/\/gepa.pl\/en\/wp-json\/wp\/v2\/product\/4591","targetHints":{"allow":["GET"]}}],"collection":[{"href":"https:\/\/gepa.pl\/en\/wp-json\/wp\/v2\/product"}],"about":[{"href":"https:\/\/gepa.pl\/en\/wp-json\/wp\/v2\/types\/product"}],"wp:featuredmedia":[{"embeddable":true,"href":"https:\/\/gepa.pl\/en\/wp-json\/"}],"wp:attachment":[{"href":"https:\/\/gepa.pl\/en\/wp-json\/wp\/v2\/media?parent=4591"}],"wp:term":[{"taxonomy":"product_brand","embeddable":true,"href":"https:\/\/gepa.pl\/en\/wp-json\/wp\/v2\/product_brand?post=4591"},{"taxonomy":"product_cat","embeddable":true,"href":"https:\/\/gepa.pl\/en\/wp-json\/wp\/v2\/product_cat?post=4591"},{"taxonomy":"product_tag","embeddable":true,"href":"https:\/\/gepa.pl\/en\/wp-json\/wp\/v2\/product_tag?post=4591"}],"curies":[{"name":"wp","href":"https:\/\/api.w.org\/{rel}","templated":true}]}}