{"id":4611,"date":"2023-07-18T17:01:31","date_gmt":"2023-07-18T15:01:31","guid":{"rendered":"https:\/\/gepa.pl\/?post_type=product&amp;p=4611"},"modified":"2023-07-18T17:01:31","modified_gmt":"2023-07-18T15:01:31","slug":"roll-up-premium","status":"publish","type":"product","link":"https:\/\/gepa.pl\/en\/product\/roll-up-premium\/","title":{"rendered":"Roll-Up Premium"},"content":{"rendered":"","protected":false},"excerpt":{"rendered":"<p>Maximize your brand's impact with our high-quality roll-up banners. These high-quality, portable marketing tools are designed to grab attention and leave an indelible impression. With stunning graphics, durable materials and easy setup, our high-quality roll-up banners are ideal for trade shows, exhibitions and events. Customize your banner with a unique message, products or promotion to stand out from the crowd. With a sleek design and lightweight construction, these banners are easy to transport and assemble, providing convenience for professionals on the go. Elevate your marketing strategy with our premium quality retractable banners for unparalleled visibility and success.<\/p>\n<p>We offer the possibility 100% to personalize the product to your needs!<\/p>","protected":false},"featured_media":4617,"template":"","meta":{"_uag_custom_page_level_css":""},"product_brand":[],"product_cat":[132],"product_tag":[129,130,131,136,135],"class_list":{"0":"post-4611","1":"product","2":"type-product","3":"status-publish","4":"has-post-thumbnail","6":"product_cat-roll-up","7":"product_tag-banner","8":"product_tag-offset-print","9":"product_tag-print","10":"product_tag-roll-up","11":"product_tag-stand","13":"first","14":"instock","15":"shipping-taxable","16":"purchasable","17":"product-type-simple"},"acf":[],"uagb_featured_image_src":{"full":false,"thumbnail":false,"medium":false,"medium_large":false,"large":false,"1536x1536":false,"2048x2048":false,"trp-custom-language-flag":false,"woocommerce_thumbnail":false,"woocommerce_single":false,"woocommerce_gallery_thumbnail":false},"uagb_author_info":{"display_name":"admin1816","author_link":"https:\/\/gepa.pl\/en\/author\/"},"uagb_comment_info":0,"uagb_excerpt":"Zmaksymalizuj wp\u0142yw swojej marki dzi\u0119ki naszym wysokiej jako\u015bci zwijanym banerom. Te wysokiej jako\u015bci, przeno\u015bne narz\u0119dzia marketingowe zosta\u0142y zaprojektowane tak, aby przyci\u0105ga\u0107 uwag\u0119 i pozostawia\u0107 niezatarte wra\u017cenie. Dzi\u0119ki osza\u0142amiaj\u0105cej grafice, trwa\u0142ym materia\u0142om i \u0142atwej konfiguracji, nasze wysokiej jako\u015bci zwijane banery s\u0105 idealne na targi, wystawy i wydarzenia. Dostosuj sw\u00f3j baner za pomoc\u0105 unikalnego przekazu, produkt\u00f3w lub&hellip;","_links":{"self":[{"href":"https:\/\/gepa.pl\/en\/wp-json\/wp\/v2\/product\/4611","targetHints":{"allow":["GET"]}}],"collection":[{"href":"https:\/\/gepa.pl\/en\/wp-json\/wp\/v2\/product"}],"about":[{"href":"https:\/\/gepa.pl\/en\/wp-json\/wp\/v2\/types\/product"}],"wp:featuredmedia":[{"embeddable":true,"href":"https:\/\/gepa.pl\/en\/wp-json\/"}],"wp:attachment":[{"href":"https:\/\/gepa.pl\/en\/wp-json\/wp\/v2\/media?parent=4611"}],"wp:term":[{"taxonomy":"product_brand","embeddable":true,"href":"https:\/\/gepa.pl\/en\/wp-json\/wp\/v2\/product_brand?post=4611"},{"taxonomy":"product_cat","embeddable":true,"href":"https:\/\/gepa.pl\/en\/wp-json\/wp\/v2\/product_cat?post=4611"},{"taxonomy":"product_tag","embeddable":true,"href":"https:\/\/gepa.pl\/en\/wp-json\/wp\/v2\/product_tag?post=4611"}],"curies":[{"name":"wp","href":"https:\/\/api.w.org\/{rel}","templated":true}]}}