{"id":4623,"date":"2023-07-18T17:03:45","date_gmt":"2023-07-18T15:03:45","guid":{"rendered":"https:\/\/gepa.pl\/?post_type=product&amp;p=4623"},"modified":"2023-07-18T17:03:45","modified_gmt":"2023-07-18T15:03:45","slug":"roll-up-big","status":"publish","type":"product","link":"https:\/\/gepa.pl\/en\/product\/roll-up-big\/","title":{"rendered":"Roll-up Big"},"content":{"rendered":"","protected":false},"excerpt":{"rendered":"<p>Our large-format retractable advertising banners are a bold solution. Designed to maximize visibility, these large-format marketing tools are ideal for attracting attention at trade shows, conferences and events. With their large size, our large-format retractable banners offer plenty of space to showcase your brand, products or services in stunning detail. Made of high-quality materials and featuring vibrant graphics, these banners provide a professional and eye-catching display. Despite their impressive size, they are easy to assemble and transport, making them a practical choice for professionals on the go. Stand out from the crowd with our impressive large format roll up banners and leave an indelible impression.<\/p>","protected":false},"featured_media":4626,"template":"","meta":{"_uag_custom_page_level_css":""},"product_brand":[],"product_cat":[132],"product_tag":[129,130,131,136,135],"class_list":{"0":"post-4623","1":"product","2":"type-product","3":"status-publish","4":"has-post-thumbnail","6":"product_cat-roll-up","7":"product_tag-banner","8":"product_tag-offset-print","9":"product_tag-print","10":"product_tag-roll-up","11":"product_tag-stand","13":"first","14":"instock","15":"shipping-taxable","16":"purchasable","17":"product-type-simple"},"acf":[],"uagb_featured_image_src":{"full":false,"thumbnail":false,"medium":false,"medium_large":false,"large":false,"1536x1536":false,"2048x2048":false,"trp-custom-language-flag":false,"woocommerce_thumbnail":false,"woocommerce_single":false,"woocommerce_gallery_thumbnail":false},"uagb_author_info":{"display_name":"admin1816","author_link":"https:\/\/gepa.pl\/en\/author\/"},"uagb_comment_info":0,"uagb_excerpt":"Nasze wielkoformatowe zwijane banery reklamowe to odwa\u017cne rozwi\u0105zanie. Zaprojektowane z my\u015bl\u0105 o maksymalizacji widoczno\u015bci, te wielkoformatowe narz\u0119dzia marketingowe s\u0105 idealne do przyci\u0105gania uwagi na targach, konferencjach i wydarzeniach. Dzi\u0119ki du\u017cym rozmiarom, nasze wielkoformatowe zwijane banery oferuj\u0105 du\u017co miejsca na zaprezentowanie marki, produkt\u00f3w lub us\u0142ug w osza\u0142amiaj\u0105cych szczeg\u00f3\u0142ach. Wykonane z wysokiej jako\u015bci materia\u0142\u00f3w i wyposa\u017cone w&hellip;","_links":{"self":[{"href":"https:\/\/gepa.pl\/en\/wp-json\/wp\/v2\/product\/4623","targetHints":{"allow":["GET"]}}],"collection":[{"href":"https:\/\/gepa.pl\/en\/wp-json\/wp\/v2\/product"}],"about":[{"href":"https:\/\/gepa.pl\/en\/wp-json\/wp\/v2\/types\/product"}],"wp:featuredmedia":[{"embeddable":true,"href":"https:\/\/gepa.pl\/en\/wp-json\/"}],"wp:attachment":[{"href":"https:\/\/gepa.pl\/en\/wp-json\/wp\/v2\/media?parent=4623"}],"wp:term":[{"taxonomy":"product_brand","embeddable":true,"href":"https:\/\/gepa.pl\/en\/wp-json\/wp\/v2\/product_brand?post=4623"},{"taxonomy":"product_cat","embeddable":true,"href":"https:\/\/gepa.pl\/en\/wp-json\/wp\/v2\/product_cat?post=4623"},{"taxonomy":"product_tag","embeddable":true,"href":"https:\/\/gepa.pl\/en\/wp-json\/wp\/v2\/product_tag?post=4623"}],"curies":[{"name":"wp","href":"https:\/\/api.w.org\/{rel}","templated":true}]}}