{"id":4854,"date":"2023-08-24T17:01:21","date_gmt":"2023-08-24T15:01:21","guid":{"rendered":"https:\/\/gepa.pl\/?post_type=product&amp;p=4854"},"modified":"2023-08-24T17:01:21","modified_gmt":"2023-08-24T15:01:21","slug":"bawelniany-szlafrok","status":"publish","type":"product","link":"https:\/\/gepa.pl\/en\/product\/bawelniany-szlafrok\/","title":{"rendered":"Cotton bathrobe"},"content":{"rendered":"","protected":false},"excerpt":{"rendered":"<p>Discover the perfect combination of comfort and style with our cotton bathrobe, which is available in four beautiful colors: white, ecru, gray and navy. Whether you're going for a relaxing morning or an evening rest, we have the right size for you: M, L, XL or XXL.<\/p>\n<p>Features of our bathrobe:<\/p>\n<p><b>Exceptional material:<\/b> Made of the highest quality cotton for maximum comfort and freedom of movement.<br \/>\n<b>Richness of color:<\/b> Choose from classic colors - white, ecru, gray or navy blue to match your mood.<br \/>\n<b>Perfect fit:<\/b> Available in four sizes, it will provide the perfect fit for any figure.<br \/>\n<b>Universal Style:<\/b> From showering to morning coffee or evening relaxation, our bathrobe will always put you in a comfortable mood.<\/p>\n<p>Our cotton bathrobe is a guarantee not only of comfort, but also of style. Choose your favorite color and size to enjoy every moment in exceptional comfort.<\/p>\n<p>We offer the possibility 100% to personalize the product to your needs!<\/p>","protected":false},"featured_media":4857,"template":"","meta":{"_uag_custom_page_level_css":""},"product_brand":[],"product_cat":[198],"product_tag":[197,199,57],"class_list":{"0":"post-4854","1":"product","2":"type-product","3":"status-publish","4":"has-post-thumbnail","6":"product_cat-bawelniany-szlafrok","7":"product_tag-bathrobe","8":"product_tag-cotton-bathrobe","9":"product_tag-eco-friendly","11":"first","12":"instock","13":"shipping-taxable","14":"purchasable","15":"product-type-simple"},"acf":[],"uagb_featured_image_src":{"full":false,"thumbnail":false,"medium":false,"medium_large":false,"large":false,"1536x1536":false,"2048x2048":false,"trp-custom-language-flag":false,"woocommerce_thumbnail":false,"woocommerce_single":false,"woocommerce_gallery_thumbnail":false},"uagb_author_info":{"display_name":"admin1816","author_link":"https:\/\/gepa.pl\/en\/author\/"},"uagb_comment_info":0,"uagb_excerpt":"Odkryj doskona\u0142e po\u0142\u0105czenie wygody i stylu dzi\u0119ki naszemu bawe\u0142nianemu szlafrokowi, kt\u00f3ry jest dost\u0119pny w czterech pi\u0119knych kolorach: bia\u0142ym, ecru, szarym i granatowym. Bez wzgl\u0119du na to, czy wybierasz si\u0119 na relaksuj\u0105cy poranek czy wieczorny odpoczynek, mamy odpowiedni rozmiar dla Ciebie: M, L, XL lub XXL. Cechy naszego szlafroka: Wyj\u0105tkowy materia\u0142: Wykonany z najwy\u017cszej jako\u015bci bawe\u0142ny,&hellip;","_links":{"self":[{"href":"https:\/\/gepa.pl\/en\/wp-json\/wp\/v2\/product\/4854","targetHints":{"allow":["GET"]}}],"collection":[{"href":"https:\/\/gepa.pl\/en\/wp-json\/wp\/v2\/product"}],"about":[{"href":"https:\/\/gepa.pl\/en\/wp-json\/wp\/v2\/types\/product"}],"wp:featuredmedia":[{"embeddable":true,"href":"https:\/\/gepa.pl\/en\/wp-json\/"}],"wp:attachment":[{"href":"https:\/\/gepa.pl\/en\/wp-json\/wp\/v2\/media?parent=4854"}],"wp:term":[{"taxonomy":"product_brand","embeddable":true,"href":"https:\/\/gepa.pl\/en\/wp-json\/wp\/v2\/product_brand?post=4854"},{"taxonomy":"product_cat","embeddable":true,"href":"https:\/\/gepa.pl\/en\/wp-json\/wp\/v2\/product_cat?post=4854"},{"taxonomy":"product_tag","embeddable":true,"href":"https:\/\/gepa.pl\/en\/wp-json\/wp\/v2\/product_tag?post=4854"}],"curies":[{"name":"wp","href":"https:\/\/api.w.org\/{rel}","templated":true}]}}