{"id":4972,"date":"2023-09-04T14:46:26","date_gmt":"2023-09-04T12:46:26","guid":{"rendered":"https:\/\/gepa.pl\/?post_type=product&#038;p=4972"},"modified":"2025-11-06T12:05:48","modified_gmt":"2025-11-06T11:05:48","slug":"sciereczki-kuchenne","status":"publish","type":"product","link":"https:\/\/gepa.pl\/en\/product\/sciereczki-kuchenne\/","title":{"rendered":"Kitchen cloths"},"content":{"rendered":"<h3 data-start=\"226\" data-end=\"267\">GP-NanoWave microfiber cloths<\/h3>\n<p data-start=\"269\" data-end=\"684\">Cleaning cloths <strong data-start=\"291\" data-end=\"306\">GP-NanoWave<\/strong> are made of the highest quality microfiber with <strong data-start=\"353\" data-end=\"382\">microchannel structure<\/strong>, which increases the surface area of the fibers and allows it to effectively capture dust, dirt and grease without the use of chemicals.<br data-start=\"508\" data-end=\"511\" \/>With millions of thin fibers forming microscopic channels, the cloths act like a sponge - absorbing moisture and dirt without leaving streaks or scratches.<\/p>\n<p data-start=\"686\" data-end=\"1014\">Knit <strong data-start=\"695\" data-end=\"710\">GP-NanoWave<\/strong> was designed specifically for <strong data-start=\"748\" data-end=\"790\">full color sublimation printing<\/strong>, which guarantees durable, saturated colors and perfect reproduction of details. The printing does not affect the structure or cleaning properties of the material - the cloths remain soft, flexible and highly effective for a long time.<\/p>\n<p data-start=\"1016\" data-end=\"1038\"><strong data-start=\"1016\" data-end=\"1036\">Product Advantages:<\/strong><\/p>\n<ul data-start=\"1039\" data-end=\"1396\">\n<li data-start=\"1039\" data-end=\"1129\">\n<p data-start=\"1041\" data-end=\"1129\">Advanced micro-channel structure to increase absorbency and cleaning efficiency,<\/p>\n<\/li>\n<li data-start=\"1130\" data-end=\"1193\">\n<p data-start=\"1132\" data-end=\"1193\">Sublimation printing with high durability and color quality,<\/p>\n<\/li>\n<li data-start=\"1194\" data-end=\"1268\">\n<p data-start=\"1196\" data-end=\"1268\">Safe for all surfaces - including delicate and glass,<\/p>\n<\/li>\n<li data-start=\"1269\" data-end=\"1325\">\n<p data-start=\"1271\" data-end=\"1325\">The possibility of full personalization (logo, design, color),<\/p>\n<\/li>\n<li data-start=\"1326\" data-end=\"1396\">\n<p data-start=\"1328\" data-end=\"1396\">A reusable, quick-drying, environmentally friendly product.<\/p>\n<\/li>\n<\/ul>\n<p data-start=\"1398\" data-end=\"1550\"><strong data-start=\"1398\" data-end=\"1415\">Application:<\/strong><br data-start=\"1415\" data-end=\"1418\" \/>For cleaning screens, glasses, monitors, optical devices, instruments, household appliances, and office and home surfaces.<\/p>","protected":false},"excerpt":{"rendered":"<p>\u015aciereczki z mikrofibry <strong data-start=\"234\" data-end=\"249\">GP-NanoWave<\/strong> wykonane z wysokiej jako\u015bci dzianiny o strukturze mikrokana\u0142owej. Doskonale poch\u0142aniaj\u0105 wilgo\u0107 i brud, nie pozostawiaj\u0105c smug. Nadruk sublimacyjny zapewnia trwa\u0142y kolor i mo\u017cliwo\u015b\u0107 pe\u0142nej personalizacji \u2014 idealne do czyszczenia ekran\u00f3w, okular\u00f3w, optyki i powierzchni delikatnych.<\/p>","protected":false},"featured_media":6382,"template":"","meta":{"_uag_custom_page_level_css":""},"product_brand":[],"product_cat":[208],"product_tag":[203,57,204],"class_list":{"0":"post-4972","1":"product","2":"type-product","3":"status-publish","4":"has-post-thumbnail","6":"product_cat-tekstylia-domowe","7":"product_tag-cloths","8":"product_tag-eco-friendly","9":"product_tag-kitchen-cloths","11":"first","12":"instock","13":"shipping-taxable","14":"purchasable","15":"product-type-simple"},"acf":[],"uagb_featured_image_src":{"full":["https:\/\/gepa.pl\/wp-content\/uploads\/2025\/11\/Sciereczka-w-kuchni-2-1.jpg",1024,1024,false],"thumbnail":["https:\/\/gepa.pl\/wp-content\/uploads\/2025\/11\/Sciereczka-w-kuchni-2-1-150x150.jpg",150,150,true],"medium":["https:\/\/gepa.pl\/wp-content\/uploads\/2025\/11\/Sciereczka-w-kuchni-2-1-300x300.jpg",300,300,true],"medium_large":["https:\/\/gepa.pl\/wp-content\/uploads\/2025\/11\/Sciereczka-w-kuchni-2-1-768x768.jpg",768,768,true],"large":["https:\/\/gepa.pl\/wp-content\/uploads\/2025\/11\/Sciereczka-w-kuchni-2-1.jpg",1024,1024,false],"1536x1536":["https:\/\/gepa.pl\/wp-content\/uploads\/2025\/11\/Sciereczka-w-kuchni-2-1.jpg",1024,1024,false],"2048x2048":["https:\/\/gepa.pl\/wp-content\/uploads\/2025\/11\/Sciereczka-w-kuchni-2-1.jpg",1024,1024,false],"trp-custom-language-flag":["https:\/\/gepa.pl\/wp-content\/uploads\/2025\/11\/Sciereczka-w-kuchni-2-1-12x12.jpg",12,12,true],"woocommerce_thumbnail":["https:\/\/gepa.pl\/wp-content\/uploads\/2025\/11\/Sciereczka-w-kuchni-2-1-300x300.jpg",300,300,true],"woocommerce_single":["https:\/\/gepa.pl\/wp-content\/uploads\/2025\/11\/Sciereczka-w-kuchni-2-1-600x600.jpg",600,600,true],"woocommerce_gallery_thumbnail":["https:\/\/gepa.pl\/wp-content\/uploads\/2025\/11\/Sciereczka-w-kuchni-2-1-100x100.jpg",100,100,true]},"uagb_author_info":{"display_name":"admin1816","author_link":"https:\/\/gepa.pl\/en\/author\/"},"uagb_comment_info":0,"uagb_excerpt":"\u015aciereczki z mikrofibry GP-NanoWave wykonane z wysokiej jako\u015bci dzianiny o strukturze mikrokana\u0142owej. Doskonale poch\u0142aniaj\u0105 wilgo\u0107 i brud, nie pozostawiaj\u0105c smug. Nadruk sublimacyjny zapewnia trwa\u0142y kolor i mo\u017cliwo\u015b\u0107 pe\u0142nej personalizacji \u2014 idealne do czyszczenia ekran\u00f3w, okular\u00f3w, optyki i powierzchni delikatnych.","_links":{"self":[{"href":"https:\/\/gepa.pl\/en\/wp-json\/wp\/v2\/product\/4972","targetHints":{"allow":["GET"]}}],"collection":[{"href":"https:\/\/gepa.pl\/en\/wp-json\/wp\/v2\/product"}],"about":[{"href":"https:\/\/gepa.pl\/en\/wp-json\/wp\/v2\/types\/product"}],"wp:featuredmedia":[{"embeddable":true,"href":"https:\/\/gepa.pl\/en\/wp-json\/wp\/v2\/media\/6382"}],"wp:attachment":[{"href":"https:\/\/gepa.pl\/en\/wp-json\/wp\/v2\/media?parent=4972"}],"wp:term":[{"taxonomy":"product_brand","embeddable":true,"href":"https:\/\/gepa.pl\/en\/wp-json\/wp\/v2\/product_brand?post=4972"},{"taxonomy":"product_cat","embeddable":true,"href":"https:\/\/gepa.pl\/en\/wp-json\/wp\/v2\/product_cat?post=4972"},{"taxonomy":"product_tag","embeddable":true,"href":"https:\/\/gepa.pl\/en\/wp-json\/wp\/v2\/product_tag?post=4972"}],"curies":[{"name":"wp","href":"https:\/\/api.w.org\/{rel}","templated":true}]}}