{"id":5017,"date":"2023-09-04T16:15:27","date_gmt":"2023-09-04T14:15:27","guid":{"rendered":"https:\/\/gepa.pl\/?post_type=product&amp;p=5017"},"modified":"2023-09-04T16:15:27","modified_gmt":"2023-09-04T14:15:27","slug":"bambusowe-pieluszki","status":"publish","type":"product","link":"https:\/\/gepa.pl\/en\/product\/bambusowe-pieluszki\/","title":{"rendered":"Bamboo diapers"},"content":{"rendered":"","protected":false},"excerpt":{"rendered":"<p>Our bamboo viscose diapers are the perfect choice for discerning parents who focus on comfort, quality and personalization. Made entirely of soft and skin-friendly bamboo viscose, our diapers are available in four different sizes: 30x30cm, 65x65cm, 75x75cm and 120x120cm. The right fit for your little one's needs is our priority.<\/p>\n<p>Our range also includes a wealth of colors, allowing you to choose a shade that perfectly suits your taste and style. We offer both subdued, classic colors and bolder, intense colors that will give your diapers a unique character.<\/p>\n<p>What makes our offer unique is the possibility of personalization. We give you the chance to custom embroider, print or weave, allowing you to create diapers with a unique design, your baby's name or any other motif that is important to you. This is not only a practical product, but also a unique gift that has a personal meaning.<\/p>\n<p>We offer the possibility 100% to personalize the product to your needs!<\/p>","protected":false},"featured_media":5021,"template":"","meta":{"_uag_custom_page_level_css":""},"product_brand":[],"product_cat":[210,38],"product_tag":[209,57,211],"class_list":{"0":"post-5017","1":"product","2":"type-product","3":"status-publish","4":"has-post-thumbnail","6":"product_cat-bambusowe-pieluszki","7":"product_cat-uncategorized","8":"product_tag-bamboo-nappies","9":"product_tag-eco-friendly","10":"product_tag-nappies","12":"first","13":"instock","14":"shipping-taxable","15":"purchasable","16":"product-type-simple"},"acf":[],"uagb_featured_image_src":{"full":false,"thumbnail":false,"medium":false,"medium_large":false,"large":false,"1536x1536":false,"2048x2048":false,"trp-custom-language-flag":false,"woocommerce_thumbnail":false,"woocommerce_single":false,"woocommerce_gallery_thumbnail":false},"uagb_author_info":{"display_name":"admin1816","author_link":"https:\/\/gepa.pl\/en\/author\/"},"uagb_comment_info":0,"uagb_excerpt":"Nasze pieluszki z wiskozy bambusowej to doskona\u0142a propozycja dla wymagaj\u0105cych rodzic\u00f3w, kt\u00f3rzy stawiaj\u0105 na wygod\u0119, jako\u015b\u0107 i personalizacj\u0119. Wykonane w ca\u0142o\u015bci z delikatnej i przyjaznej dla sk\u00f3ry wiskozy bambusowej, nasze pieluszki dost\u0119pne s\u0105 w czterech r\u00f3\u017cnych rozmiarach: 30x30cm, 65x65cm, 75x75cm i 120x120cm. Odpowiednie dopasowanie do potrzeb Twojego malucha to dla nas priorytet. Nasza oferta to&hellip;","_links":{"self":[{"href":"https:\/\/gepa.pl\/en\/wp-json\/wp\/v2\/product\/5017","targetHints":{"allow":["GET"]}}],"collection":[{"href":"https:\/\/gepa.pl\/en\/wp-json\/wp\/v2\/product"}],"about":[{"href":"https:\/\/gepa.pl\/en\/wp-json\/wp\/v2\/types\/product"}],"wp:featuredmedia":[{"embeddable":true,"href":"https:\/\/gepa.pl\/en\/wp-json\/"}],"wp:attachment":[{"href":"https:\/\/gepa.pl\/en\/wp-json\/wp\/v2\/media?parent=5017"}],"wp:term":[{"taxonomy":"product_brand","embeddable":true,"href":"https:\/\/gepa.pl\/en\/wp-json\/wp\/v2\/product_brand?post=5017"},{"taxonomy":"product_cat","embeddable":true,"href":"https:\/\/gepa.pl\/en\/wp-json\/wp\/v2\/product_cat?post=5017"},{"taxonomy":"product_tag","embeddable":true,"href":"https:\/\/gepa.pl\/en\/wp-json\/wp\/v2\/product_tag?post=5017"}],"curies":[{"name":"wp","href":"https:\/\/api.w.org\/{rel}","templated":true}]}}