{"id":5188,"date":"2023-09-11T17:15:51","date_gmt":"2023-09-11T15:15:51","guid":{"rendered":"https:\/\/gepa.pl\/?post_type=product&#038;p=5188"},"modified":"2025-02-23T13:48:18","modified_gmt":"2025-02-23T12:48:18","slug":"kocyk-la-tresse","status":"publish","type":"product","link":"https:\/\/gepa.pl\/en\/product\/kocyk-la-tresse\/","title":{"rendered":"Bamboo baby blanket"},"content":{"rendered":"","protected":false},"excerpt":{"rendered":"<p>We invite you to discover our unique bamboo baby blanket. This extraordinary blanket was created with the little ones in mind, and is made of 50% bamboo viscose and 50% cotton. It is available in a wide range of colors to suit any interior, and comes in standard sizes: 80\u00d7100cm, 80x120cm<\/p>\n<p>Main product features:<\/p>\n<p>Material composition: The blanket is made of 50% bamboo viscose and 50% cotton, which guarantees a perfect balance between softness and durability.<\/p>\n<p>Color availability: La Tresse is available in a variety of colors, allowing you to choose the one that best suits your taste and interior.<\/p>\n<p>Personalization: there is an option to embroider, print or weave according to the customer's design which allows you to personalize the blanket according to your preferences.<\/p>\n<p>We offer the possibility 100% to personalize the product to your needs!<\/p>","protected":false},"featured_media":6118,"template":"","meta":{"_uag_custom_page_level_css":""},"product_brand":[],"product_cat":[241,271],"product_tag":[239,240,247,248,57],"class_list":{"0":"post-5188","1":"product","2":"type-product","3":"status-publish","4":"has-post-thumbnail","6":"product_cat-bambusowe-kocyki-dla-dzieci","7":"product_cat-koce-i-pledy","8":"product_tag-bamboo-blanket","9":"product_tag-bamboo-blanket-for-kids","10":"product_tag-cotton-blanket","11":"product_tag-cotton-blanket-for-kids","12":"product_tag-eco-friendly","14":"first","15":"instock","16":"shipping-taxable","17":"purchasable","18":"product-type-simple"},"acf":[],"uagb_featured_image_src":{"full":["https:\/\/gepa.pl\/wp-content\/uploads\/2025\/02\/kocyk-kids-2.jpg",800,534,false],"thumbnail":["https:\/\/gepa.pl\/wp-content\/uploads\/2025\/02\/kocyk-kids-2-150x150.jpg",150,150,true],"medium":["https:\/\/gepa.pl\/wp-content\/uploads\/2025\/02\/kocyk-kids-2-300x200.jpg",300,200,true],"medium_large":["https:\/\/gepa.pl\/wp-content\/uploads\/2025\/02\/kocyk-kids-2-768x513.jpg",768,513,true],"large":["https:\/\/gepa.pl\/wp-content\/uploads\/2025\/02\/kocyk-kids-2.jpg",800,534,false],"1536x1536":["https:\/\/gepa.pl\/wp-content\/uploads\/2025\/02\/kocyk-kids-2.jpg",800,534,false],"2048x2048":["https:\/\/gepa.pl\/wp-content\/uploads\/2025\/02\/kocyk-kids-2.jpg",800,534,false],"trp-custom-language-flag":["https:\/\/gepa.pl\/wp-content\/uploads\/2025\/02\/kocyk-kids-2-18x12.jpg",18,12,true],"woocommerce_thumbnail":["https:\/\/gepa.pl\/wp-content\/uploads\/2025\/02\/kocyk-kids-2-300x300.jpg",300,300,true],"woocommerce_single":["https:\/\/gepa.pl\/wp-content\/uploads\/2025\/02\/kocyk-kids-2-600x401.jpg",600,401,true],"woocommerce_gallery_thumbnail":["https:\/\/gepa.pl\/wp-content\/uploads\/2025\/02\/kocyk-kids-2-100x100.jpg",100,100,true]},"uagb_author_info":{"display_name":"admin1816","author_link":"https:\/\/gepa.pl\/en\/author\/"},"uagb_comment_info":0,"uagb_excerpt":"Zapraszamy do odkrycia naszego wyj\u0105tkowego bambusowego kocyka dla dziecka. Ten niezwyk\u0142y kocyk zosta\u0142 stworzony z my\u015bl\u0105 o najm\u0142odszych, wykonany jest z 50% wiskozy bambusowej i 50% bawe\u0142ny. Jest dost\u0119pny w szerokiej gamie kolor\u00f3w, co pozwala dostosowa\u0107 go do ka\u017cdego wn\u0119trza, i ma wymiary w standardzie: 80x100 cm, 80x120cm G\u0142\u00f3wne cechy produktu: Sk\u0142ad materia\u0142u: Kocyk zosta\u0142&hellip;","_links":{"self":[{"href":"https:\/\/gepa.pl\/en\/wp-json\/wp\/v2\/product\/5188","targetHints":{"allow":["GET"]}}],"collection":[{"href":"https:\/\/gepa.pl\/en\/wp-json\/wp\/v2\/product"}],"about":[{"href":"https:\/\/gepa.pl\/en\/wp-json\/wp\/v2\/types\/product"}],"wp:featuredmedia":[{"embeddable":true,"href":"https:\/\/gepa.pl\/en\/wp-json\/wp\/v2\/media\/6118"}],"wp:attachment":[{"href":"https:\/\/gepa.pl\/en\/wp-json\/wp\/v2\/media?parent=5188"}],"wp:term":[{"taxonomy":"product_brand","embeddable":true,"href":"https:\/\/gepa.pl\/en\/wp-json\/wp\/v2\/product_brand?post=5188"},{"taxonomy":"product_cat","embeddable":true,"href":"https:\/\/gepa.pl\/en\/wp-json\/wp\/v2\/product_cat?post=5188"},{"taxonomy":"product_tag","embeddable":true,"href":"https:\/\/gepa.pl\/en\/wp-json\/wp\/v2\/product_tag?post=5188"}],"curies":[{"name":"wp","href":"https:\/\/api.w.org\/{rel}","templated":true}]}}