{"id":6251,"date":"2025-03-08T15:45:41","date_gmt":"2025-03-08T14:45:41","guid":{"rendered":"https:\/\/new.gepa.pl\/?post_type=product&#038;p=6251"},"modified":"2025-03-08T16:04:58","modified_gmt":"2025-03-08T15:04:58","slug":"6251","status":"publish","type":"product","link":"https:\/\/gepa.pl\/en\/product\/6251\/","title":{"rendered":"Bamboo Collection for Kids"},"content":{"rendered":"<h2 data-start=\"176\" data-end=\"278\"><strong data-start=\"179\" data-end=\"276\">Bamboo textile collection for the little ones - personalized solutions for your brand<\/strong><\/h2>\n<p data-start=\"280\" data-end=\"687\">We present a unique collection of baby textiles made from a combination of bamboo and seaweed fibers. We offer a wide range of products ideal for baby layette, including diapers, towels, bath covers, flannel and bathrobes. Our products are distinguished by their extraordinary softness, high absorbency and antibacterial properties, ensuring the comfort and safety of the little ones.<\/p>\n<p data-start=\"689\" data-end=\"992\">Thanks to advanced production technologies, we enable full personalization - woven patterns, printing, embroidery and other marking methods. This is an ideal solution for companies and advertising agencies looking for high-quality promotional textiles with the possibility of customization to match the visual identity of the brand.<\/p>\n<p data-start=\"994\" data-end=\"1237\">We are trusted by parents and the industry - our products have won awards in prestigious competitions, including <strong data-start=\"1093\" data-end=\"1118\">Parents Award 2021<\/strong> and title <strong data-start=\"1130\" data-end=\"1155\">TOP 3 KIDS' TIME STAR<\/strong>. Discover the possibilities of personalization and create unique textiles for your brand!<\/p>\n<p data-start=\"1239\" data-end=\"1318\" data-is-last-node=\"\" data-is-only-node=\"\"><strong data-start=\"1239\" data-end=\"1318\" data-is-last-node=\"\">Contact us for the full range and available marking options.<\/strong><\/p>","protected":false},"excerpt":{"rendered":"<h2 data-start=\"176\" data-end=\"278\"><strong data-start=\"179\" data-end=\"276\">Bamboo textile collection for the little ones - personalized solutions for your brand -.\u00a0<\/strong><\/h2>\n<p>The presentation of these products on the site is currently being prepared and the products presented in detail will appear here soon<\/p>\n<p>At this time, we invite you to send inquiries about these great products to us!<\/p>","protected":false},"featured_media":6250,"template":"","meta":{"_uag_custom_page_level_css":""},"product_brand":[],"product_cat":[15,273],"product_tag":[275,274],"class_list":{"0":"post-6251","1":"product","2":"type-product","3":"status-publish","4":"has-post-thumbnail","6":"product_cat-bez-kategorii","7":"product_cat-kolekcja-bambusowa-dla-dzieci","8":"product_tag-promotionaltextiles-customizedproducts-bamboobabyessentials-babytowels-logoembroidery-ecofriendlytextiles-sustainablebusiness","9":"product_tag-tekstyliareklamowe-personalizowaneprodukty-bambusowawyprawka-pieluszkibambusowe-okryciakapielowe-recznikidzieciece-haftlogo-ekopromocja-zrownowazonyrozwoj","11":"first","12":"instock","13":"shipping-taxable","14":"purchasable","15":"product-type-simple"},"acf":[],"uagb_featured_image_src":{"full":["https:\/\/gepa.pl\/wp-content\/uploads\/2025\/03\/welcome-world.png",1000,1000,false],"thumbnail":["https:\/\/gepa.pl\/wp-content\/uploads\/2025\/03\/welcome-world-150x150.png",150,150,true],"medium":["https:\/\/gepa.pl\/wp-content\/uploads\/2025\/03\/welcome-world-300x300.png",300,300,true],"medium_large":["https:\/\/gepa.pl\/wp-content\/uploads\/2025\/03\/welcome-world-768x768.png",768,768,true],"large":["https:\/\/gepa.pl\/wp-content\/uploads\/2025\/03\/welcome-world.png",1000,1000,false],"1536x1536":["https:\/\/gepa.pl\/wp-content\/uploads\/2025\/03\/welcome-world.png",1000,1000,false],"2048x2048":["https:\/\/gepa.pl\/wp-content\/uploads\/2025\/03\/welcome-world.png",1000,1000,false],"trp-custom-language-flag":["https:\/\/gepa.pl\/wp-content\/uploads\/2025\/03\/welcome-world-12x12.png",12,12,true],"woocommerce_thumbnail":["https:\/\/gepa.pl\/wp-content\/uploads\/2025\/03\/welcome-world-300x300.png",300,300,true],"woocommerce_single":["https:\/\/gepa.pl\/wp-content\/uploads\/2025\/03\/welcome-world-600x600.png",600,600,true],"woocommerce_gallery_thumbnail":["https:\/\/gepa.pl\/wp-content\/uploads\/2025\/03\/welcome-world-100x100.png",100,100,true]},"uagb_author_info":{"display_name":"admin1816","author_link":"https:\/\/gepa.pl\/en\/author\/"},"uagb_comment_info":0,"uagb_excerpt":"Bambusowa kolekcja tekstyli\u00f3w dla najm\u0142odszych \u2013 personalizowane rozwi\u0105zania dla Twojej marki ---\u00a0 Prezentacja tych produkt\u00f3w w witrynie jest aktualnie przygotowywana i nied\u0142ugo pojawi\u0105 si\u0119 tutaj szczeg\u00f3\u0142owo prezentowane produkty W tej chwili zapraszamy do przesy\u0142ania zapyta\u0144 odno\u015bcie tych wspania\u0142ych produkt\u00f3w do nas!","_links":{"self":[{"href":"https:\/\/gepa.pl\/en\/wp-json\/wp\/v2\/product\/6251","targetHints":{"allow":["GET"]}}],"collection":[{"href":"https:\/\/gepa.pl\/en\/wp-json\/wp\/v2\/product"}],"about":[{"href":"https:\/\/gepa.pl\/en\/wp-json\/wp\/v2\/types\/product"}],"wp:featuredmedia":[{"embeddable":true,"href":"https:\/\/gepa.pl\/en\/wp-json\/wp\/v2\/media\/6250"}],"wp:attachment":[{"href":"https:\/\/gepa.pl\/en\/wp-json\/wp\/v2\/media?parent=6251"}],"wp:term":[{"taxonomy":"product_brand","embeddable":true,"href":"https:\/\/gepa.pl\/en\/wp-json\/wp\/v2\/product_brand?post=6251"},{"taxonomy":"product_cat","embeddable":true,"href":"https:\/\/gepa.pl\/en\/wp-json\/wp\/v2\/product_cat?post=6251"},{"taxonomy":"product_tag","embeddable":true,"href":"https:\/\/gepa.pl\/en\/wp-json\/wp\/v2\/product_tag?post=6251"}],"curies":[{"name":"wp","href":"https:\/\/api.w.org\/{rel}","templated":true}]}}