{"id":6364,"date":"2025-10-13T19:27:53","date_gmt":"2025-10-13T17:27:53","guid":{"rendered":"https:\/\/gepa.pl\/?post_type=product&#038;p=6364"},"modified":"2025-10-13T19:27:53","modified_gmt":"2025-10-13T17:27:53","slug":"myjka-z-gabka-z-mikrofibry-gp-nanoweave-1000","status":"publish","type":"product","link":"https:\/\/gepa.pl\/en\/product\/myjka-z-gabka-z-mikrofibry-gp-nanoweave-1000\/","title":{"rendered":"Washer with Microfiber Sponge GP-NanoWeave 1000"},"content":{"rendered":"<p style=\"margin: 0in; font-family: Calibri; font-size: 16.0pt;\"><span style=\"font-weight: bold;\">GP-NanoWeave 1000 microfiber washer with absorbent foam<\/span><\/p>\n<p style=\"margin: 0in; font-family: Calibri; font-size: 11.0pt;\"><span style=\"font-weight: bold;\">Professional advertising washer of the new generation - combines cleaning efficiency with exceptional printing aesthetics.<\/span><\/p>\n<p style=\"margin: 0in; font-family: Calibri; font-size: 11.0pt;\">The top layer is made of special microfiber <span style=\"font-weight: bold;\">GP-NanoWeave 1000<\/span> - a material created from ultra-fine fibers with a micro-fine structure that effectively captures dust, dirt and greasy deposits instead of smearing them. As a result, the surface remains perfectly clean and smooth, without streaks or scratches, even after repeated use.<\/p>\n<p style=\"margin: 0in; font-family: Calibri; font-size: 11.0pt;\">The interior of the product is filled with <span style=\"font-weight: bold;\">highly absorbent foam<\/span>, providing the washer with resilience and a perfect fit to the hand. The foam evenly distributes water and detergents, increasing comfort and productivity.<\/p>\n<p style=\"margin: 0in; font-family: Calibri; font-size: 11.0pt;\">Thanks to technology <span style=\"font-weight: bold;\">full-color sublimation printing<\/span>, the surface of the washer becomes a carrier of expressive graphics of photographic quality. The colors are saturated, durable and resistant to washing - they do not crack, do not fade and retain their depth even after many wash cycles. This is an ideal solution for brands that want to combine <span style=\"font-weight: bold;\">Utility function with an attractive visual message<\/span>.<\/p>\n<p style=\"margin: 0in; font-family: Calibri; font-size: 11.0pt;\">The GP-NanoWeave 1000 washer is a combination of. <span style=\"font-weight: bold;\">ergonomics, durability and precision printing<\/span>, which creates a product that is as practical as it is striking. Perfect for promotional applications, automotive, cosmetics, home appliances or sports - where it counts <span style=\"font-weight: bold;\">cleanliness, quality and image<\/span>.<\/p>\n<p style=\"margin: 0in; font-family: Calibri; font-size: 11.0pt;\">","protected":false},"excerpt":{"rendered":"<p><strong data-start=\"189\" data-end=\"206\">Sponge Washer<\/strong> made of high quality microfiber <strong data-start=\"246\" data-end=\"267\">GP-NanoWeave 1000<\/strong> and filled with absorbent foam for softness and effective cleaning.<br data-start=\"347\" data-end=\"350\" \/>Thanks to technology <strong data-start=\"369\" data-end=\"409\">full-color sublimation printing<\/strong> The surface of the washer can be personalized as desired - logos, graphics or photography retain perfect color reproduction and durability even after many washes.<br data-start=\"576\" data-end=\"579\" \/>Practical, aesthetically pleasing and environmentally friendly <strong data-start=\"616\" data-end=\"637\">promotional product<\/strong>, ideal for promotional campaigns, corporate kits or as a useful everyday gadget.<\/p>","protected":false},"featured_media":6357,"template":"","meta":{"_uag_custom_page_level_css":""},"product_brand":[],"product_cat":[208],"product_tag":[],"class_list":{"0":"post-6364","1":"product","2":"type-product","3":"status-publish","4":"has-post-thumbnail","6":"product_cat-tekstylia-domowe","8":"first","9":"instock","10":"shipping-taxable","11":"purchasable","12":"product-type-simple"},"acf":[],"uagb_featured_image_src":{"full":["https:\/\/gepa.pl\/wp-content\/uploads\/2025\/10\/SZablon-myjka-z-gabka-pur.jpg",1024,1536,false],"thumbnail":["https:\/\/gepa.pl\/wp-content\/uploads\/2025\/10\/SZablon-myjka-z-gabka-pur-150x150.jpg",150,150,true],"medium":["https:\/\/gepa.pl\/wp-content\/uploads\/2025\/10\/SZablon-myjka-z-gabka-pur-200x300.jpg",200,300,true],"medium_large":["https:\/\/gepa.pl\/wp-content\/uploads\/2025\/10\/SZablon-myjka-z-gabka-pur-768x1152.jpg",768,1152,true],"large":["https:\/\/gepa.pl\/wp-content\/uploads\/2025\/10\/SZablon-myjka-z-gabka-pur-683x1024.jpg",683,1024,true],"1536x1536":["https:\/\/gepa.pl\/wp-content\/uploads\/2025\/10\/SZablon-myjka-z-gabka-pur.jpg",1024,1536,false],"2048x2048":["https:\/\/gepa.pl\/wp-content\/uploads\/2025\/10\/SZablon-myjka-z-gabka-pur.jpg",1024,1536,false],"trp-custom-language-flag":["https:\/\/gepa.pl\/wp-content\/uploads\/2025\/10\/SZablon-myjka-z-gabka-pur-8x12.jpg",8,12,true],"woocommerce_thumbnail":["https:\/\/gepa.pl\/wp-content\/uploads\/2025\/10\/SZablon-myjka-z-gabka-pur-300x300.jpg",300,300,true],"woocommerce_single":["https:\/\/gepa.pl\/wp-content\/uploads\/2025\/10\/SZablon-myjka-z-gabka-pur-600x900.jpg",600,900,true],"woocommerce_gallery_thumbnail":["https:\/\/gepa.pl\/wp-content\/uploads\/2025\/10\/SZablon-myjka-z-gabka-pur-100x100.jpg",100,100,true]},"uagb_author_info":{"display_name":"admin1816","author_link":"https:\/\/gepa.pl\/en\/author\/"},"uagb_comment_info":0,"uagb_excerpt":"Myjka z G\u0105bk\u0105 wykonana z wysokiej jako\u015bci mikrofibry GP-NanoWeave 1000 i wype\u0142niona ch\u0142onn\u0105 piank\u0105, kt\u00f3ra zapewnia mi\u0119kko\u015b\u0107 i skuteczno\u015b\u0107 czyszczenia.Dzi\u0119ki technologii pe\u0142nokolorowego druku sublimacyjnego powierzchnia myjki mo\u017ce zosta\u0107 dowolnie spersonalizowana \u2013 logo, grafika lub fotografia zachowuj\u0105 perfekcyjne odwzorowanie kolor\u00f3w i trwa\u0142o\u015b\u0107 nawet po wielu praniach.Praktyczny, estetyczny i ekologiczny produkt reklamowy, idealny do kampanii promocyjnych, zestaw\u00f3w&hellip;","_links":{"self":[{"href":"https:\/\/gepa.pl\/en\/wp-json\/wp\/v2\/product\/6364","targetHints":{"allow":["GET"]}}],"collection":[{"href":"https:\/\/gepa.pl\/en\/wp-json\/wp\/v2\/product"}],"about":[{"href":"https:\/\/gepa.pl\/en\/wp-json\/wp\/v2\/types\/product"}],"wp:featuredmedia":[{"embeddable":true,"href":"https:\/\/gepa.pl\/en\/wp-json\/wp\/v2\/media\/6357"}],"wp:attachment":[{"href":"https:\/\/gepa.pl\/en\/wp-json\/wp\/v2\/media?parent=6364"}],"wp:term":[{"taxonomy":"product_brand","embeddable":true,"href":"https:\/\/gepa.pl\/en\/wp-json\/wp\/v2\/product_brand?post=6364"},{"taxonomy":"product_cat","embeddable":true,"href":"https:\/\/gepa.pl\/en\/wp-json\/wp\/v2\/product_cat?post=6364"},{"taxonomy":"product_tag","embeddable":true,"href":"https:\/\/gepa.pl\/en\/wp-json\/wp\/v2\/product_tag?post=6364"}],"curies":[{"name":"wp","href":"https:\/\/api.w.org\/{rel}","templated":true}]}}